{"id":4507,"date":"2024-08-30T01:36:00","date_gmt":"2024-08-30T05:36:00","guid":{"rendered":"https:\/\/dev.proliquidpc.com\/?page_id=4507"},"modified":"2025-07-03T23:27:55","modified_gmt":"2025-07-04T03:27:55","slug":"a-propos","status":"publish","type":"page","link":"https:\/\/proliquidpc.com\/fr\/a-propos\/","title":{"rendered":"\u00c0 propos"},"content":{"rendered":"<p>Chez Pro Liquid PC, nous sommes passionn\u00e9s par la puissance, les performances et l&rsquo;esth\u00e9tique de votre ordinateur. C\u2019est pourquoi nous sommes fiers d\u2019offrir des produits et services de refroidissement liquide de classe mondiale pour maximiser le potentiel de votre ordinateur PC, et ce, depuis 2015 ! Que ce soit des syst\u00e8mes de refroidissement liquide, des ventilateurs haute performance ou des c\u00e2bles sp\u00e9cialis\u00e9s, nous nous assurons que chaque produit r\u00e9pond aux exigences et aux besoins de notre client\u00e8le passionn\u00e9e de technologie et d&rsquo;optimisation de PC.<\/p>\n<p>Notre site web est con\u00e7u pour \u00eatre intuitif et facile \u00e0 utiliser afin de vous permettre de trouver rapidement ce dont vous avez besoin et de profiter d\u2019une exp\u00e9rience d\u2019achat fluide et s\u00e9curis\u00e9e. Si vous ne trouvez pas le produit que vous recherchez, n&rsquo;h\u00e9sitez pas \u00e0 nous contacter et nous nous ferons un plaisir de le trouver pour vous.<\/p>\n<p>Nous sommes fiers de la r\u00e9putation que nous avons b\u00e2tie et de la confiance que nos clients nous accordent. En restant \u00e0 l\u2019avant-garde des nouvelles technologies et en r\u00e9pondant aux attentes \u00e9volutives de notre client\u00e8le, nous sommes d\u00e9termin\u00e9s \u00e0 continuer \u00e0 faire de Pro Liquid PC un leader incontournable dans le domaine des accessoires pour PC.<\/p>\n<p>Pour demeurer inform\u00e9 des \u00e9v\u00e9nements auxquels nous participons, suivez notre <a href=\"https:\/\/www.facebook.com\/ProLiquidPC\" rel=\"noopener\" target=\"_blank\">page Facebook<\/a>.<\/p>\n<p><strong>Qu\u2019est-ce que le refroidissement liquide (watercooling) ?<\/strong><br \/>\nLe water cooling, ou refroidissement liquide, est bien plus qu\u2019une simple m\u00e9thode de refroidissement de votre ordinateur. C\u2019est un moyen de repousser les limites des performances en permettant \u00e0 votre processeur et \u00e0 votre carte graphique de fonctionner \u00e0 des niveaux optimaux tout en garantissant une dur\u00e9e de vie plus longue \u00e0 vos composants.<\/p>\n<p><strong>Nos services<\/strong><\/p>\n<ul>\n<li>Installation professionnelle : Notre \u00e9quipe d\u2019experts certifi\u00e9s est pr\u00eate \u00e0 concevoir et installer un syst\u00e8me de watercooling personnalis\u00e9 pour votre PC. Nous prenons en compte vos besoins sp\u00e9cifiques, votre budget et vos pr\u00e9f\u00e9rences esth\u00e9tiques pour cr\u00e9er un syst\u00e8me de refroidissement parfaitement adapt\u00e9.<\/li>\n<li>Maintenance et mises \u00e0 niveau : nous ne nous arr\u00eatons pas \u00e0 l&rsquo;installation. Nous proposons \u00e9galement des services de maintenance r\u00e9guliers pour garantir que votre syst\u00e8me de watercooling fonctionne toujours au mieux. De plus, si vous souhaitez am\u00e9liorer votre syst\u00e8me, nous sommes l\u00e0 pour vous aider \u00e0 le mettre \u00e0 niveau avec les derni\u00e8res technologies.<\/li>\n<li>Personnalisation esth\u00e9tique : Chez Pro Liquid PC, nous comprenons que l\u2019apparence de votre PC est tout aussi importante que ses performances. C&rsquo;est pourquoi nous proposons des options de personnalisation esth\u00e9tique pour garantir que votre syst\u00e8me de watercooling refl\u00e8te votre style unique.<\/li>\n<\/ul>\n<p><strong>Pourquoi choisir Pro Liquid PC ?<\/strong><\/p>\n<ul>\n<li>Une expertise in\u00e9gal\u00e9e : Notre \u00e9quipe est compos\u00e9e de passionn\u00e9s d\u2019informatique et de sp\u00e9cialistes du watercooling. Nous poss\u00e9dons une vaste exp\u00e9rience dans la cr\u00e9ation de solutions de refroidissement personnalis\u00e9es pour r\u00e9pondre aux exigences les plus exigeantes.<\/li>\n<li>Qualit\u00e9 sup\u00e9rieure : nous utilisons uniquement des composants de bonne qualit\u00e9 et des mat\u00e9riaux durables pour nos syst\u00e8mes de refroidissement par eau. Vous pouvez compter sur nous pour offrir des performances fiables et une longue dur\u00e9e de vie \u00e0 votre PC.<\/li>\n<li>Service client exceptionnel : notre engagement envers la satisfaction du client est in\u00e9branlable. Nous sommes toujours l\u00e0 pour r\u00e9pondre \u00e0 vos questions, r\u00e9soudre vos probl\u00e8mes et fournir un service exceptionnel.<\/li>\n<\/ul>\n<p><strong>Pr\u00eat \u00e0 d\u00e9couvrir les avantages du watercooling pour votre PC ?<\/strong><br \/>\n<a href=\"https:\/\/proliquidpc.com\/fr\/contact\/\">Contactez-nous<\/a> d\u00e8s aujourd&rsquo;hui pour discuter de vos besoins, obtenir un devis gratuit et commencer \u00e0 optimiser votre exp\u00e9rience informatique.<\/p>\n","protected":false},"excerpt":{"rendered":"<p>Chez Pro Liquid PC, nous sommes passionn\u00e9s par la puissance, les performances et l&rsquo;esth\u00e9tique de votre ordinateur. C\u2019est pourquoi nous sommes fiers d\u2019offrir des produits et services de refroidissement liquide de classe mondiale pour maximiser le potentiel de votre ordinateur PC, et ce, depuis 2015 ! Que ce soit des syst\u00e8mes de refroidissement liquide, des [&hellip;]<\/p>\n","protected":false},"author":3,"featured_media":0,"parent":0,"menu_order":0,"comment_status":"closed","ping_status":"closed","template":"","meta":{"_genesis_hide_title":false,"_genesis_hide_breadcrumbs":false,"_genesis_hide_singular_image":false,"_genesis_hide_footer_widgets":false,"_genesis_custom_body_class":"","_genesis_custom_post_class":"","_genesis_layout":"","footnotes":""},"class_list":{"0":"post-4507","1":"page","2":"type-page","3":"status-publish","5":"entry"},"_links":{"self":[{"href":"https:\/\/proliquidpc.com\/fr\/wp-json\/wp\/v2\/pages\/4507","targetHints":{"allow":["GET"]}}],"collection":[{"href":"https:\/\/proliquidpc.com\/fr\/wp-json\/wp\/v2\/pages"}],"about":[{"href":"https:\/\/proliquidpc.com\/fr\/wp-json\/wp\/v2\/types\/page"}],"author":[{"embeddable":true,"href":"https:\/\/proliquidpc.com\/fr\/wp-json\/wp\/v2\/users\/3"}],"replies":[{"embeddable":true,"href":"https:\/\/proliquidpc.com\/fr\/wp-json\/wp\/v2\/comments?post=4507"}],"version-history":[{"count":5,"href":"https:\/\/proliquidpc.com\/fr\/wp-json\/wp\/v2\/pages\/4507\/revisions"}],"predecessor-version":[{"id":11338,"href":"https:\/\/proliquidpc.com\/fr\/wp-json\/wp\/v2\/pages\/4507\/revisions\/11338"}],"wp:attachment":[{"href":"https:\/\/proliquidpc.com\/fr\/wp-json\/wp\/v2\/media?parent=4507"}],"curies":[{"name":"wp","href":"https:\/\/api.w.org\/{rel}","templated":true}]}}