{"id":4532,"date":"2024-08-30T04:26:03","date_gmt":"2024-08-30T08:26:03","guid":{"rendered":"https:\/\/dev.proliquidpc.com\/?page_id=4532"},"modified":"2025-03-19T19:36:12","modified_gmt":"2025-03-19T23:36:12","slug":"contact","status":"publish","type":"page","link":"https:\/\/proliquidpc.com\/fr\/contact\/","title":{"rendered":"Contact"},"content":{"rendered":"<div class=\"one-half first\" style=\"padding-right: 40px; text-align: left;\"><strong>Pro Liquid PC<\/strong><br \/>\n10036 rue Cormier (<strong>sur rendez-vous seulement<\/strong>)<br \/>\nMirabel (Qu\u00e9bec)<br \/>\nJ7N 1J8<\/p>\n<p><strong>T\u00e9l\u00e9phone<\/strong><br \/>\n(450) 543-0646<\/p>\n<p><strong>Responsable de la protection des renseignements personnels<\/strong><br \/>\nCharline Paquin<\/p>\n<div style=\"text-align: justify;\">Pour nous joindre par courriel, veuillez remplir le formulaire et nous communiquerons avec vous dans les plus brefs d\u00e9lais.<\/div>\n<\/div>\n<div class=\"one-half\">\n<div style=\"border: 1px solid #ccc; background-color: #f8f8f8; padding: 20px 20px 0px 20px;\"><link rel='stylesheet' id='formidable-css' href='https:\/\/proliquidpc.com\/wp-content\/plugins\/formidable\/css\/formidableforms.css?ver=4221940' media='all' \/>\n<div class=\"frm_forms  with_frm_style frm_style_style-formidable\" id=\"frm_form_3_container\" data-token=\"850d5277906181ef4006774f98a5eeb9\">\n<form enctype=\"multipart\/form-data\" method=\"post\" class=\"frm-show-form  frm_js_validate  frm_pro_form \" id=\"form_contact\" data-token=\"850d5277906181ef4006774f98a5eeb9\">\n<div class=\"frm_form_fields \">\n<fieldset>\n<legend class=\"frm_screen_reader\">Contact<\/legend>\r\n\r\n<div class=\"frm_fields_container\">\n<input type=\"hidden\" name=\"frm_action\" value=\"create\" \/>\n<input type=\"hidden\" name=\"form_id\" value=\"3\" \/>\n<input type=\"hidden\" name=\"frm_hide_fields_3\" id=\"frm_hide_fields_3\" value=\"\" \/>\n<input type=\"hidden\" name=\"form_key\" value=\"contact\" \/>\n<input type=\"hidden\" name=\"item_meta[0]\" value=\"\" \/>\n<input type=\"hidden\" id=\"frm_submit_entry_3\" name=\"frm_submit_entry_3\" value=\"fca1bc4b15\" \/><input type=\"hidden\" name=\"_wp_http_referer\" value=\"\/fr\/wp-json\/wp\/v2\/pages\/4532\" \/><div id=\"frm_field_8_container\" class=\"frm_form_field form-field  frm_required_field frm_top_container frm_half frm_first\">\r\n    <label for=\"field_e7lir\" id=\"field_e7lir_label\" class=\"frm_primary_label\">Pr\u00e9nom\r\n        <span class=\"frm_required\">*<\/span>\r\n    <\/label>\r\n    <input  type=\"text\" id=\"field_e7lir\" name=\"item_meta[8]\" value=\"\"  data-reqmsg=\"Ce champ ne peut pas \u00eatre vide\" aria-required=\"true\" data-invmsg=\"Text is invalid\" aria-invalid=\"false\"   \/>\r\n    \r\n    \r\n<\/div>\n<div id=\"frm_field_9_container\" class=\"frm_form_field form-field  frm_required_field frm_top_container frm_half\">\r\n    <label for=\"field_jgar2\" id=\"field_jgar2_label\" class=\"frm_primary_label\">Nom\r\n        <span class=\"frm_required\">*<\/span>\r\n    <\/label>\r\n    <input  type=\"text\" id=\"field_jgar2\" name=\"item_meta[9]\" value=\"\"  data-reqmsg=\"Ce champ ne peut pas \u00eatre vide\" aria-required=\"true\" data-invmsg=\"Text is invalid\" aria-invalid=\"false\"   \/>\r\n    \r\n    \r\n<\/div>\n<div id=\"frm_field_10_container\" class=\"frm_form_field form-field  frm_required_field frm_top_container frm_first frm_half\">\r\n    <label for=\"field_tprjw\" id=\"field_tprjw_label\" class=\"frm_primary_label\">Adresse courriel\r\n        <span class=\"frm_required\">*<\/span>\r\n    <\/label>\r\n    <input type=\"email\" id=\"field_tprjw\" name=\"item_meta[10]\" value=\"\"  data-reqmsg=\"Ce champ ne peut pas \u00eatre vide\" aria-required=\"true\" data-invmsg=\"Adresse courriel invalide.\" aria-invalid=\"false\"   aria-describedby=\"frm_desc_field_tprjw\"\/>\r\n    <div class=\"frm_description\" id=\"frm_desc_field_tprjw\">Entrez votre adresse courriel<\/div>\r\n    \r\n<\/div>\n<div id=\"frm_field_conf_10_container\" class=\"frm_form_field frm_hidden_container frm_conf_field form-field  frm_required_field frm_top_container  frm6\">\r\n    <label for=\"field_conf_tprjw\" id=\"field_conf_tprjw_label\" class=\"frm_conf_label frm_primary_label\">Valider Adresse courriel\r\n        <span class=\"frm_required\">*<\/span>\r\n    <\/label>\r\n    <input type=\"email\" id=\"field_conf_tprjw\" name=\"item_meta[conf_10]\" value=\"\"  data-reqmsg=\"Ce champ ne peut pas \u00eatre vide\" aria-required=\"true\" data-confmsg=\"Les adresses courriel ne correspondent pas.\" data-invmsg=\"Adresse courriel invalide.\" aria-invalid=\"false\"   aria-describedby=\"frm_desc_field_conf_tprjw\"\/>\r\n    <div class=\"frm_description\" id=\"frm_desc_field_conf_tprjw\">R\u00e9p\u00e9tez votre adresse courriel<\/div>\r\n    \r\n<\/div>\n<div id=\"frm_field_11_container\" class=\"frm_form_field form-field  frm_top_container frm_first frm_half\">\r\n    <label for=\"field_oetxv\" id=\"field_oetxv_label\" class=\"frm_primary_label\">Num\u00e9ro de t\u00e9l\u00e9phone\r\n        <span class=\"frm_required\" aria-hidden=\"true\"><\/span>\r\n    <\/label>\r\n    <input type=\"tel\" id=\"field_oetxv\" name=\"item_meta[11]\" value=\"\"  data-invmsg=\"Num\u00e9ro de t\u00e9l\u00e9phone invalide.\" aria-invalid=\"false\" pattern=\"((\\+\\d{1,3}(-|.| )?\\(?\\d\\)?(-| |.)?\\d{1,5})|(\\(?\\d{2,6}\\)?))(-|.| )?(\\d{3,4})(-|.| )?(\\d{4})(( x| ext)\\d{1,5}){0,1}$\"  \/>\r\n    \r\n    \r\n<\/div>\n<div id=\"frm_field_15_container\" class=\"frm_form_field form-field  frm_required_field frm_top_container\">\r\n    <label for=\"field_z139j\" id=\"field_z139j_label\" class=\"frm_primary_label\">Message\r\n        <span class=\"frm_required\">*<\/span>\r\n    <\/label>\r\n    <textarea name=\"item_meta[15]\" id=\"field_z139j\" rows=\"5\"  data-reqmsg=\"Ce champ ne peut pas \u00eatre vide\" aria-required=\"true\" data-invmsg=\"Message est non valide\" aria-invalid=\"false\"  ><\/textarea>\r\n    \r\n    \r\n<\/div>\n<div id=\"frm_field_16_container\" class=\"frm_form_field form-field  frm_none_container\">\r\n    <label for=\"g-recaptcha-response\" id=\"field_36665a_label\" class=\"frm_primary_label\">Captcha\r\n        <span class=\"frm_required\"><\/span>\r\n    <\/label>\r\n    <div  id=\"field_36665a\" class=\"frm-g-recaptcha\" data-sitekey=\"6Leh-5oUAAAAAF5YWIRDrgUmpcZH-RK28mgLQZge\" data-size=\"invisible\" data-theme=\"light\"><\/div>\r\n    \r\n    \r\n<\/div>\n<div id=\"frm_field_17_container\" class=\"frm_form_field form-field \">\r\n\t<div class=\"frm_submit\">\r\n\r\n<button class=\"frm_button_submit frm_final_submit\" type=\"submit\"   formnovalidate=\"formnovalidate\">Envoyer<\/button>\r\n\r\n<\/div>\r\n<\/div>\n\t<input type=\"hidden\" name=\"item_key\" value=\"\" \/>\n\t\t\t<div id=\"frm_field_18_container\">\n\t\t\t<label for=\"field_ncwcw\" >\n\t\t\t\tSi vous \u00eates un humain, ne remplissez pas ce champ.\t\t\t<\/label>\n\t\t\t<input  id=\"field_ncwcw\" type=\"text\" class=\"frm_form_field form-field frm_verify\" name=\"item_meta[18]\" value=\"\"  \/>\n\t\t<\/div>\n\t\t<input name=\"frm_state\" type=\"hidden\" value=\"JZ4cN+xyB80nM4N7DqJ6PVC140WJ0smmznu31z0\/sPRQ9DRQmm725JmNn9Yf\/ei9\" \/><\/div>\n<\/fieldset>\n<\/div>\n\n<\/form>\n<\/div>\n<\/div>\n<\/div>\n<div style=\"clear: both;\"><\/div>\n<p><iframe loading=\"lazy\" style=\"border: 1px solid #ccc; margin-top: 30px;\" src=\"https:\/\/www.google.com\/maps\/embed?pb=!1m18!1m12!1m3!1d4281.811897429767!2d-74.08490785089973!3d45.7100235161926!2m3!1f0!2f0!3f0!3m2!1i1024!2i768!4f13.1!3m3!1m2!1s0x4ccf2b2dabbc5c45%3A0x47ded6b214a20360!2sPro%20Liquid%20PC!5e0!3m2!1sfr!2sca!4v1725007201387!5m2!1sfr!2sca\" width=\"100%\" height=\"450\" allowfullscreen=\"allowfullscreen\"><\/iframe><\/p>\n","protected":false},"excerpt":{"rendered":"<p>Pro Liquid PC 10036 rue Cormier (sur rendez-vous seulement) Mirabel (Qu\u00e9bec) J7N 1J8 T\u00e9l\u00e9phone (450) 543-0646 Responsable de la protection des renseignements personnels Charline Paquin Pour nous joindre par courriel, veuillez remplir le formulaire et nous communiquerons avec vous dans les plus brefs d\u00e9lais.<\/p>\n","protected":false},"author":3,"featured_media":0,"parent":0,"menu_order":0,"comment_status":"closed","ping_status":"closed","template":"","meta":{"_genesis_hide_title":false,"_genesis_hide_breadcrumbs":false,"_genesis_hide_singular_image":false,"_genesis_hide_footer_widgets":false,"_genesis_custom_body_class":"","_genesis_custom_post_class":"","_genesis_layout":"","footnotes":""},"class_list":{"0":"post-4532","1":"page","2":"type-page","3":"status-publish","5":"entry"},"_links":{"self":[{"href":"https:\/\/proliquidpc.com\/fr\/wp-json\/wp\/v2\/pages\/4532","targetHints":{"allow":["GET"]}}],"collection":[{"href":"https:\/\/proliquidpc.com\/fr\/wp-json\/wp\/v2\/pages"}],"about":[{"href":"https:\/\/proliquidpc.com\/fr\/wp-json\/wp\/v2\/types\/page"}],"author":[{"embeddable":true,"href":"https:\/\/proliquidpc.com\/fr\/wp-json\/wp\/v2\/users\/3"}],"replies":[{"embeddable":true,"href":"https:\/\/proliquidpc.com\/fr\/wp-json\/wp\/v2\/comments?post=4532"}],"version-history":[{"count":5,"href":"https:\/\/proliquidpc.com\/fr\/wp-json\/wp\/v2\/pages\/4532\/revisions"}],"predecessor-version":[{"id":11246,"href":"https:\/\/proliquidpc.com\/fr\/wp-json\/wp\/v2\/pages\/4532\/revisions\/11246"}],"wp:attachment":[{"href":"https:\/\/proliquidpc.com\/fr\/wp-json\/wp\/v2\/media?parent=4532"}],"curies":[{"name":"wp","href":"https:\/\/api.w.org\/{rel}","templated":true}]}}