{"id":10000,"date":"2025-02-16T02:27:41","date_gmt":"2025-02-16T07:27:41","guid":{"rendered":"https:\/\/proliquidpc.com\/boutique\/non%20class\u00e9\/10000\/"},"modified":"2025-04-12T15:04:54","modified_gmt":"2025-04-12T19:04:54","slug":"ekwb-ek-res-x3-150-d-rgb-reservoir","status":"publish","type":"product","link":"https:\/\/proliquidpc.com\/fr\/boutique\/reservoirs\/50mm\/ekwb-ek-res-x3-150-d-rgb-reservoir\/","title":{"rendered":"EKWB EK-RES X3 150 D-RGB R\u00e9servoir"},"content":{"rendered":"<p>Le EK-RES X3 150 D-RGB est une version am\u00e9lior\u00e9e du r\u00e9servoir autonome polyvalent EK-RES X3, qui dispose d\u00e9sormais d&rsquo;un \u00e9clairage D-RGB riche. Le nombre d&rsquo;options de configuration des ports d&rsquo;entr\u00e9e\/sortie sur ces r\u00e9servoirs et le kit de montage simple mais efficace rendent la construction de la boucle avec ce r\u00e9servoir un processus simple.<\/p>\n<p>Les r\u00e9servoirs de la s\u00e9rie EK-RES X3 sont des solutions cylindriques autonomes, fabriqu\u00e9es \u00e0 partir de tubes en acrylique de haute qualit\u00e9 de 60 mm et de capuchons d&rsquo;extr\u00e9mit\u00e9 en POM Ac\u00e9tal de couleur noire. Une \u00e9tanch\u00e9it\u00e9 herm\u00e9tique est assur\u00e9e par des rondelles en caoutchouc EPDM de qualit\u00e9 aux deux extr\u00e9mit\u00e9s du r\u00e9servoir. Avec un total de six ports G1\/4&Prime;, le r\u00e9servoir EK-RES X3 150 RGB rend le remplissage, le routage des tubes et la vidange faciles.<\/p>\n<p>Le r\u00e9servoir est livr\u00e9 avec un insert anti-vortex pr\u00e9install\u00e9 et la capacit\u00e9 de la variante EK-RES X3 150 D-RGB est d&rsquo;environ 240 ml de liquide. Le package comprend \u00e9galement une mousse anti-cyclone en poly\u00e9ther pour remplacer \u00e9ventuellement l&rsquo;insert anti-vortex en acrylique.<\/p>\n<p>Compatible avec les technologies de synchronisation RGB populaires de tous les principaux fabricants de cartes m\u00e8res. Le marquage en fl\u00e8che sur le connecteur LED adressable \u00e0 3 broches doit \u00eatre align\u00e9 avec le marquage +5V sur l&rsquo;en-t\u00eate D-RGB (adressable).<\/p>\n<p>Les r\u00e9servoirs de la s\u00e9rie EK-RES X3 sont livr\u00e9s avec une paire de supports de r\u00e9servoir EK design utilisant une force de fixation r\u00e9glable contr\u00f4l\u00e9e par la cl\u00e9 Allen incluse.<\/p>\n<p><strong>Donn\u00e9es techniques :<\/strong><\/p>\n<ul>\n<li>Hauteur d&rsquo;installation : 150 mm<\/li>\n<li>Diam\u00e8tre : 60 mm<\/li>\n<li>Capacit\u00e9 : ~240 ml<\/li>\n<li>Connecteur RGB : 3 broches classique (+5V D Bloqu\u00e9 G)<\/li>\n<\/ul>\n<p><strong>Inclus :<\/strong><\/p>\n<ul>\n<li>EK-RES X3 150 D-RGB<\/li>\n<li>Paire de supports de r\u00e9servoir EK avec vis de montage<\/li>\n<li>2 \u00d7 rallonges G1\/4<\/li>\n<li>4 \u00d7 bouchons G1\/4<\/li>\n<li>1 \u00d7 cl\u00e9 Allen de 2,5 mm pour les supports de r\u00e9servoir<\/li>\n<li>1 \u00d7 mousse anti-cyclone en poly\u00e9ther<\/li>\n<\/ul>\n","protected":false},"excerpt":{"rendered":"<p>Le EK-RES X3 150 D-RGB est une version am\u00e9lior\u00e9e du r\u00e9servoir autonome polyvalent EK-RES X3, qui dispose d\u00e9sormais d&rsquo;un \u00e9clairage D-RGB riche. Le nombre d&rsquo;options de configuration des ports d&rsquo;entr\u00e9e\/sortie sur ces r\u00e9servoirs et le kit de montage simple mais efficace rendent la construction de la boucle avec ce r\u00e9servoir un processus simple. Les r\u00e9servoirs [&hellip;]<\/p>\n","protected":false},"featured_media":9901,"template":"","meta":{"_genesis_hide_title":false,"_genesis_hide_breadcrumbs":false,"_genesis_hide_singular_image":false,"_genesis_hide_footer_widgets":false,"_genesis_custom_body_class":"","_genesis_custom_post_class":"","_genesis_layout":""},"product_brand":[],"product_cat":[41,83],"product_tag":[],"class_list":{"0":"post-10000","1":"product","2":"type-product","3":"status-publish","4":"has-post-thumbnail","6":"product_cat-reservoirs","7":"product_cat-50mm","8":"entry","10":"first","11":"outofstock","12":"taxable","13":"shipping-taxable","14":"purchasable","15":"product-type-simple"},"_links":{"self":[{"href":"https:\/\/proliquidpc.com\/fr\/wp-json\/wp\/v2\/product\/10000","targetHints":{"allow":["GET"]}}],"collection":[{"href":"https:\/\/proliquidpc.com\/fr\/wp-json\/wp\/v2\/product"}],"about":[{"href":"https:\/\/proliquidpc.com\/fr\/wp-json\/wp\/v2\/types\/product"}],"wp:featuredmedia":[{"embeddable":true,"href":"https:\/\/proliquidpc.com\/fr\/wp-json\/wp\/v2\/media\/9901"}],"wp:attachment":[{"href":"https:\/\/proliquidpc.com\/fr\/wp-json\/wp\/v2\/media?parent=10000"}],"wp:term":[{"taxonomy":"product_brand","embeddable":true,"href":"https:\/\/proliquidpc.com\/fr\/wp-json\/wp\/v2\/product_brand?post=10000"},{"taxonomy":"product_cat","embeddable":true,"href":"https:\/\/proliquidpc.com\/fr\/wp-json\/wp\/v2\/product_cat?post=10000"},{"taxonomy":"product_tag","embeddable":true,"href":"https:\/\/proliquidpc.com\/fr\/wp-json\/wp\/v2\/product_tag?post=10000"}],"curies":[{"name":"wp","href":"https:\/\/api.w.org\/{rel}","templated":true}]}}