{"id":10001,"date":"2025-02-16T03:22:38","date_gmt":"2025-02-16T08:22:38","guid":{"rendered":"https:\/\/proliquidpc.com\/boutique\/non class\u00e9\/bykski-full-coverage-gpu-water-block-and-backplate-for-rog-strix-lc-geforce-rtx-4090-24gb-gddr6x-n-as4090tufog-x\/"},"modified":"2025-02-16T03:22:38","modified_gmt":"2025-02-16T08:22:38","slug":"bykski-full-coverage-gpu-water-block-and-backplate-for-rog-strix-lc-geforce-rtx-4090-24gb-gddr6x-n-as4090tufog-x","status":"publish","type":"product","link":"https:\/\/proliquidpc.com\/fr\/boutique\/gpu-waterblock\/gpu-nvidia\/serie-4000\/bykski-full-coverage-gpu-water-block-and-backplate-for-rog-strix-lc-geforce-rtx-4090-24gb-gddr6x-n-as4090tufog-x\/","title":{"rendered":"Bykski Full Coverage GPU Water Block and Backplate For ROG Strix LC GeForce RTX\u2122 4090 24GB GDDR6X  N-AS4090TUFOG-X"},"content":{"rendered":"<p>Ce bloc de couverture compl\u00e8te N-AS4090TUFOG-X refroidit directement le c\u0153ur de la carte vid\u00e9o (GPU), la m\u00e9moire graphique (RAM) et les modules r\u00e9gulateurs de tension (VRM). En refroidissant directement ces composants, vous pouvez obtenir des temp\u00e9ratures excellentes et atteindre des overclocks plus \u00e9lev\u00e9s tout en prolongeant la dur\u00e9e de vie globale de votre carte en fonctionnant \u00e0 des temp\u00e9ratures plus basses.<\/p>\n<p>Un design \u00e0 haut d\u00e9bit permet \u00e0 plusieurs blocs de fonctionner en s\u00e9rie. Le bloc peut \u00eatre configur\u00e9 en conception parall\u00e8le ou en s\u00e9rie. Dans les configurations multi-blocs, un pont suppl\u00e9mentaire peut \u00eatre n\u00e9cessaire, selon votre configuration.<\/p>\n<p><strong>Sp\u00e9cifications :<\/strong><\/p>\n<ul>\n<li>Mat\u00e9riau du bloc : cuivre de haute puret\u00e9 nickel\u00e9 \u00e9lectroplaqu\u00e9 \/ PMMA (acrylique)<\/li>\n<li>Mat\u00e9riau de la plaque arri\u00e8re : aluminium anodis\u00e9 noir (non en contact avec le liquide de refroidissement)<\/li>\n<\/ul>\n<p><strong>Compatibilit\u00e9 :<\/strong><\/p>\n<ul>\n<li>UNIQUEMENT compatible avec ASUS ROG Strix LC GeForce RTX 4090 24GB<\/li>\n<li>ASUS ROG Strix LC GeForce RTX 4090 24GB OC<\/li>\n<\/ul>\n<p><strong>Pi\u00e8ces incluses :<\/strong><\/p>\n<ul>\n<li>Bloc de refroidissement GPU<\/li>\n<li>Mat\u00e9riel d&rsquo;installation, y compris la p\u00e2te thermique<\/li>\n<li>RGB adressable 5V (RBW)<\/li>\n<\/ul>\n<p><strong>Avertissement :<\/strong><\/p>\n<ul>\n<li>Le RGB adressable (RBW) est en 5V et est UNIQUEMENT compatible avec les composants RGB adressables (RBW). Le RGB est en 12V et est UNIQUEMENT compatible avec les composants RGB. Le m\u00e9lange des deux ne fonctionnera PAS et causera des dommages.<\/li>\n<\/ul>\n<p><strong>Avertissements :<\/strong><\/p>\n<ul>\n<li>Cet article est un produit de r\u00e9paration ou de remplacement uniquement. Les retours ne sont pas accept\u00e9s pour des probl\u00e8mes de compatibilit\u00e9 ou si le bloc a \u00e9t\u00e9 utilis\u00e9 avec de l&rsquo;eau\/liquide.<\/li>\n<li>Le produit n&rsquo;inclut PAS d&rsquo;instructions imprim\u00e9es. Veuillez v\u00e9rifier les images de la galerie du produit pour l&rsquo;illustration de l&rsquo;installation. Le fabricant se r\u00e9serve le droit de modifier le design du bloc pour \u00e9largir la compatibilit\u00e9. L&rsquo;article livr\u00e9 peut ne pas correspondre \u00e0 100 % \u00e0 l&rsquo;article illustr\u00e9.<\/li>\n<li>En g\u00e9n\u00e9ral, les pads thermiques doivent \u00eatre install\u00e9s sur la carte l\u00e0 o\u00f9 le bloc a des points de contact en relief correspondants, \u00e0 l&rsquo;exception du c\u0153ur du GPU, qui utilise de la p\u00e2te thermique. L&rsquo;installation de pads sur d&rsquo;autres composants peut entra\u00eener un contact incorrect et une mauvaise performance.<\/li>\n<li>Ce produit est con\u00e7u pour une auto-installation. Le fabricant n&rsquo;est pas responsable des dommages r\u00e9sultant d&rsquo;une mauvaise utilisation, y compris, mais sans s&rsquo;y limiter, une installation incorrecte ou l&rsquo;utilisation de mat\u00e9riel ou de fluides incompatibles. En utilisant ce produit, vous acceptez tous les risques associ\u00e9s.<\/li>\n<\/ul>\n","protected":false},"excerpt":{"rendered":"<p>Ce bloc de couverture compl\u00e8te N-AS4090TUFOG-X refroidit directement le c\u0153ur de la carte vid\u00e9o (GPU), la m\u00e9moire graphique (RAM) et les modules r\u00e9gulateurs de tension (VRM). En refroidissant directement ces composants, vous pouvez obtenir des temp\u00e9ratures excellentes et atteindre des overclocks plus \u00e9lev\u00e9s tout en prolongeant la dur\u00e9e de vie globale de votre carte en [&hellip;]<\/p>\n","protected":false},"featured_media":9916,"template":"","meta":{"_genesis_hide_title":false,"_genesis_hide_breadcrumbs":false,"_genesis_hide_singular_image":false,"_genesis_hide_footer_widgets":false,"_genesis_custom_body_class":"","_genesis_custom_post_class":"","_genesis_layout":""},"product_brand":[],"product_cat":[39,40,38],"product_tag":[],"class_list":{"0":"post-10001","1":"product","2":"type-product","3":"status-publish","4":"has-post-thumbnail","6":"product_cat-gpu-nvidia","7":"product_cat-serie-4000","8":"product_cat-gpu-waterblock","9":"entry","11":"first","12":"instock","13":"taxable","14":"shipping-taxable","15":"purchasable","16":"product-type-simple"},"_links":{"self":[{"href":"https:\/\/proliquidpc.com\/fr\/wp-json\/wp\/v2\/product\/10001","targetHints":{"allow":["GET"]}}],"collection":[{"href":"https:\/\/proliquidpc.com\/fr\/wp-json\/wp\/v2\/product"}],"about":[{"href":"https:\/\/proliquidpc.com\/fr\/wp-json\/wp\/v2\/types\/product"}],"wp:featuredmedia":[{"embeddable":true,"href":"https:\/\/proliquidpc.com\/fr\/wp-json\/wp\/v2\/media\/9916"}],"wp:attachment":[{"href":"https:\/\/proliquidpc.com\/fr\/wp-json\/wp\/v2\/media?parent=10001"}],"wp:term":[{"taxonomy":"product_brand","embeddable":true,"href":"https:\/\/proliquidpc.com\/fr\/wp-json\/wp\/v2\/product_brand?post=10001"},{"taxonomy":"product_cat","embeddable":true,"href":"https:\/\/proliquidpc.com\/fr\/wp-json\/wp\/v2\/product_cat?post=10001"},{"taxonomy":"product_tag","embeddable":true,"href":"https:\/\/proliquidpc.com\/fr\/wp-json\/wp\/v2\/product_tag?post=10001"}],"curies":[{"name":"wp","href":"https:\/\/api.w.org\/{rel}","templated":true}]}}