{"id":10002,"date":"2025-02-16T03:37:51","date_gmt":"2025-02-16T08:37:51","guid":{"rendered":"https:\/\/proliquidpc.com\/boutique\/non class\u00e9\/bykski-full-coverage-gpu-water-block-and-backplate-for-asus-rog-strix-geforce-rtx-4090-n-as4090strix-x-v2\/"},"modified":"2025-02-16T03:37:51","modified_gmt":"2025-02-16T08:37:51","slug":"bykski-full-coverage-gpu-water-block-and-backplate-for-asus-rog-strix-geforce-rtx-4090-n-as4090strix-x-v2","status":"publish","type":"product","link":"https:\/\/proliquidpc.com\/fr\/boutique\/gpu-waterblock\/gpu-nvidia\/serie-4000\/bykski-full-coverage-gpu-water-block-and-backplate-for-asus-rog-strix-geforce-rtx-4090-n-as4090strix-x-v2\/","title":{"rendered":"Bykski Full Coverage GPU Water Block and Backplate for ASUS ROG Strix GeForce RTX 4090 (N-AS4090STRIX-X-V2)"},"content":{"rendered":"<p>Ce bloc de couverture compl\u00e8te refroidit directement le c\u0153ur des cartes vid\u00e9o (GPU), la m\u00e9moire graphique (RAM) et les modules r\u00e9gulateurs de tension (VRM). En refroidissant directement ces composants, vous pouvez obtenir d&rsquo;excellentes temp\u00e9ratures, ainsi que la possibilit\u00e9 d&rsquo;atteindre des overclocks plus \u00e9lev\u00e9s ou de prolonger la dur\u00e9e de vie globale de votre carte en fonctionnant \u00e0 des temp\u00e9ratures inf\u00e9rieures \u00e0 celles d&rsquo;usine.<\/p>\n<p>Le bloc est construit en cuivre de haute puret\u00e9 nickel\u00e9 pour pr\u00e9venir l&rsquo;oxydation. Un design \u00e0 haut d\u00e9bit est utilis\u00e9 pour permettre \u00e0 plusieurs blocs de fonctionner en s\u00e9rie. Les ports sup\u00e9rieurs et inf\u00e9rieurs peuvent \u00eatre utilis\u00e9s pour configurer des conceptions parall\u00e8les ou en s\u00e9rie dans des configurations multi-blocs.<\/p>\n<p><strong>Sp\u00e9cifications :<\/strong><\/p>\n<ul>\n<li>Mat\u00e9riau du bloc : cuivre de haute puret\u00e9 nickel\u00e9 \u00e9lectroplaqu\u00e9 \/ acrylique<\/li>\n<li>Mat\u00e9riau de la plaque arri\u00e8re : aluminium anodis\u00e9 noir (non en contact avec le liquide de refroidissement)<\/li>\n<\/ul>\n<p><strong>Compatibilit\u00e9 :<\/strong><\/p>\n<ul>\n<li>UNIQUEMENT compatible avec ASUS ROG Strix GeForce RTX 4090, ASUS TUF Gaming GeForce RTX 4090, ASUS ROG MATRIX RTX 4090 HACK, ASUS ROG Strix RTX 4090 O24G Gaming, ASUS ROG Strix GeForce RTX 4090D 24G Gaming et ASUS ROG Strix GeForce 4090 O24G White<\/li>\n<li>Veuillez v\u00e9rifier l&rsquo;image compl\u00e8te du PCB apr\u00e8s avoir affin\u00e9 votre s\u00e9lection pour assurer la compatibilit\u00e9. Si vous avez des questions, veuillez contacter le support pour confirmation.<\/li>\n<li>Compatibilit\u00e9 bas\u00e9e uniquement sur ces conceptions de circuits imprim\u00e9s<\/li>\n<li>Raccords : filetage G 1\/4&Prime;<\/li>\n<\/ul>\n<p><strong>Pi\u00e8ces incluses :<\/strong><\/p>\n<ul>\n<li>1x Bloc de refroidissement GPU \u00e0 couverture compl\u00e8te<\/li>\n<li>1x Plaque arri\u00e8re<\/li>\n<li>2x Bouchons<\/li>\n<li>1x Mat\u00e9riel de montage<\/li>\n<li>P\u00e2te thermique<\/li>\n<li>1x Lumi\u00e8re RGB adressable 5V (RBW)<\/li>\n<\/ul>\n<p><strong>Avertissement :<\/strong><\/p>\n<ul>\n<li>Le RGB adressable (RBW) est en 5V et est UNIQUEMENT compatible avec les composants RGB adressables (RBW). Le RGB est en 12V et est UNIQUEMENT compatible avec les composants RGB. M\u00e9langer les deux NE FONCTIONNERA PAS et causera des dommages.<\/li>\n<\/ul>\n<p><strong>Avertissements :<\/strong><\/p>\n<ul>\n<li>Cet article est un produit de r\u00e9paration ou de remplacement uniquement. Les retours ne sont pas accept\u00e9s pour des probl\u00e8mes de compatibilit\u00e9 ou si le bloc a \u00e9t\u00e9 utilis\u00e9 avec de l&rsquo;eau\/liquide.<\/li>\n<li>Le fabricant se r\u00e9serve le droit de modifier le design du bloc pour \u00e9largir la compatibilit\u00e9. L&rsquo;article livr\u00e9 peut ne pas correspondre \u00e0 100 % \u00e0 l&rsquo;article illustr\u00e9. Le produit n&rsquo;est PAS livr\u00e9 avec des instructions en anglais. Veuillez consulter les images de la galerie du produit pour le guide d&rsquo;installation si disponible.<\/li>\n<li>En g\u00e9n\u00e9ral, les pads thermiques doivent \u00eatre install\u00e9s sur la carte l\u00e0 o\u00f9 le bloc a des points de contact en relief correspondants, \u00e0 l&rsquo;exception du c\u0153ur du GPU, qui utilise de la p\u00e2te thermique. Installer des pads sur d&rsquo;autres composants peut entra\u00eener un contact incorrect et une mauvaise performance.<\/li>\n<li>Le fabricant n&rsquo;est pas responsable des dommages caus\u00e9s par ou lors de l&rsquo;utilisation de ce produit. Veuillez l&rsquo;utiliser \u00e0 vos propres risques.<\/li>\n<\/ul>\n","protected":false},"excerpt":{"rendered":"<p>Ce bloc de couverture compl\u00e8te refroidit directement le c\u0153ur des cartes vid\u00e9o (GPU), la m\u00e9moire graphique (RAM) et les modules r\u00e9gulateurs de tension (VRM). En refroidissant directement ces composants, vous pouvez obtenir d&rsquo;excellentes temp\u00e9ratures, ainsi que la possibilit\u00e9 d&rsquo;atteindre des overclocks plus \u00e9lev\u00e9s ou de prolonger la dur\u00e9e de vie globale de votre carte en [&hellip;]<\/p>\n","protected":false},"featured_media":9929,"template":"","meta":{"_genesis_hide_title":false,"_genesis_hide_breadcrumbs":false,"_genesis_hide_singular_image":false,"_genesis_hide_footer_widgets":false,"_genesis_custom_body_class":"","_genesis_custom_post_class":"","_genesis_layout":""},"product_brand":[],"product_cat":[39,40,38],"product_tag":[],"class_list":{"0":"post-10002","1":"product","2":"type-product","3":"status-publish","4":"has-post-thumbnail","6":"product_cat-gpu-nvidia","7":"product_cat-serie-4000","8":"product_cat-gpu-waterblock","9":"entry","11":"first","12":"instock","13":"taxable","14":"shipping-taxable","15":"purchasable","16":"product-type-simple"},"_links":{"self":[{"href":"https:\/\/proliquidpc.com\/fr\/wp-json\/wp\/v2\/product\/10002","targetHints":{"allow":["GET"]}}],"collection":[{"href":"https:\/\/proliquidpc.com\/fr\/wp-json\/wp\/v2\/product"}],"about":[{"href":"https:\/\/proliquidpc.com\/fr\/wp-json\/wp\/v2\/types\/product"}],"wp:featuredmedia":[{"embeddable":true,"href":"https:\/\/proliquidpc.com\/fr\/wp-json\/wp\/v2\/media\/9929"}],"wp:attachment":[{"href":"https:\/\/proliquidpc.com\/fr\/wp-json\/wp\/v2\/media?parent=10002"}],"wp:term":[{"taxonomy":"product_brand","embeddable":true,"href":"https:\/\/proliquidpc.com\/fr\/wp-json\/wp\/v2\/product_brand?post=10002"},{"taxonomy":"product_cat","embeddable":true,"href":"https:\/\/proliquidpc.com\/fr\/wp-json\/wp\/v2\/product_cat?post=10002"},{"taxonomy":"product_tag","embeddable":true,"href":"https:\/\/proliquidpc.com\/fr\/wp-json\/wp\/v2\/product_tag?post=10002"}],"curies":[{"name":"wp","href":"https:\/\/api.w.org\/{rel}","templated":true}]}}