{"id":10005,"date":"2025-02-18T03:40:11","date_gmt":"2025-02-18T08:40:11","guid":{"rendered":"https:\/\/proliquidpc.com\/?post_type=product&#038;p=10005"},"modified":"2025-04-13T14:28:44","modified_gmt":"2025-04-13T18:28:44","slug":"black-ice-nemesis-360gts-ultra-stealth-u-flow-low-profile-radiator-white","status":"publish","type":"product","link":"https:\/\/proliquidpc.com\/fr\/boutique\/radiateurs\/360mm\/black-ice-nemesis-360gts-ultra-stealth-u-flow-low-profile-radiator-white\/","title":{"rendered":"Radiateur profil bas Black Ice Nemesis 360GTS\u00ae Ultra Stealth U-Flow &#8211; Blanc"},"content":{"rendered":"<p>Ce radiateur est con\u00e7u pour offrir des performances de refroidissement exceptionnelles dans un format compact et discret. Il est id\u00e9al pour les configurations multi-CPU\/GPU gr\u00e2ce \u00e0 son design optimis\u00e9 pour les ventilateurs \u00e0 faible bruit.<\/p>\n<p><strong>Caract\u00e9ristiques :<\/strong><\/p>\n<ul>\n<li><strong>Dimensions<\/strong>\u00a0: 398 mm x 133 mm x 29,6 mm (L x l x H)<\/li>\n<li><strong>FPI<\/strong>\u00a0: 16 (ailettes par pouce)<\/li>\n<li><strong>Mat\u00e9riau<\/strong>\u00a0: Ailettes en cuivre de 25 microns<\/li>\n<li><strong>Optimisation<\/strong>\u00a0: Con\u00e7u pour des ventilateurs ultra-silencieux \u00e0 moins de 800 RPM<\/li>\n<li><strong>D\u00e9bit<\/strong>\u00a0: D\u00e9bit interne de liquide de refroidissement augment\u00e9<\/li>\n<li><strong>Filetage<\/strong>\u00a0: Entr\u00e9es\/sorties standard G1\/4&Prime;<\/li>\n<li><strong>Montage<\/strong>\u00a0: Filetage de montage standard M4<\/li>\n<li><strong>Compatibilit\u00e9<\/strong>\u00a0: Compatible avec les radiateurs Black Ice\u00ae Pro III et Black Ice\u00ae GTS\u2122 360<\/li>\n<li><strong>Finition<\/strong>\u00a0: Finition de haute qualit\u00e9 Dark Matter\u2122<\/li>\n<li><strong>Conformit\u00e9<\/strong>\u00a0: Enti\u00e8rement conforme aux normes ROHS<\/li>\n<li><strong>Garantie<\/strong>\u00a0: Garantie \u00e0 vie contre les d\u00e9fauts de fabrication<\/li>\n<\/ul>\n<p><strong>Pi\u00e8ces incluses :<\/strong><\/p>\n<ul>\n<li>1x Radiateur profil bas Black Ice Nemesis 360GTS\u00ae Ultra Stealth U-Flow &#8211; Blanc<\/li>\n<\/ul>\n<p><strong>Avertissements :<\/strong><\/p>\n<ul>\n<li>Non responsable des dommages caus\u00e9s par ou lors de l&rsquo;utilisation de ce produit. Utilisation \u00e0 vos risques et p\u00e9rils.<\/li>\n<\/ul>\n<table class=\"table table-hover\">\n<tbody>\n<tr>\n<th>Recommended<\/th>\n<th>Capacity<\/th>\n<th>Stealth<\/th>\n<th>Supercruise<\/th>\n<th>8-Core CPU<\/th>\n<th>GPU SLI\/Crossfire<\/th>\n<th>FANS<\/th>\n<\/tr>\n<tr>\n<td>120GTS<\/td>\n<td>350W<\/td>\n<td>\u25a0<\/td>\n<td>\u25a0<\/td>\n<td>\u25a0<\/td>\n<td>1<\/td>\n<td>1 X 120mm<\/td>\n<\/tr>\n<tr>\n<td>240GTS<\/td>\n<td>750W<\/td>\n<td>\u25a0<\/td>\n<td>\u25a0<\/td>\n<td>\u25a0<\/td>\n<td>DUAL<\/td>\n<td>2 X 120mm<\/td>\n<\/tr>\n<tr>\n<td>360GTS<\/td>\n<td>1200W<\/td>\n<td>\u25a0<\/td>\n<td>\u25a0<\/td>\n<td>\u25a0<\/td>\n<td>QUAD<\/td>\n<td>3 X 120mm<\/td>\n<\/tr>\n<tr>\n<td>480GTS<\/td>\n<td>1500W<\/td>\n<td>\u25a0<\/td>\n<td>\u25a0<\/td>\n<td>\u25a0<\/td>\n<td>QUAD<\/td>\n<td>4 X 120mm<\/td>\n<\/tr>\n<tr>\n<td>140GTS<\/td>\n<td>370W<\/td>\n<td>\u25a0<\/td>\n<td>\u25a0<\/td>\n<td>\u25a0<\/td>\n<td>1<\/td>\n<td>1 X 140mm<\/td>\n<\/tr>\n<tr>\n<td>280GTS<\/td>\n<td>800W<\/td>\n<td>\u25a0<\/td>\n<td>\u25a0<\/td>\n<td>\u25a0<\/td>\n<td>DUAL<\/td>\n<td>2 X 140mm<\/td>\n<\/tr>\n<tr>\n<td>420GTS<\/td>\n<td>1350W<\/td>\n<td>\u25a0<\/td>\n<td>\u25a0<\/td>\n<td>\u25a0<\/td>\n<td>QUAD<\/td>\n<td>3 X 140mm<\/td>\n<\/tr>\n<tr>\n<td>560GTS<\/td>\n<td>1600W<\/td>\n<td>\u25a0<\/td>\n<td>\u25a0<\/td>\n<td>\u25a0<\/td>\n<td>QUAD<\/td>\n<td>4 X 140mm<\/td>\n<\/tr>\n<\/tbody>\n<\/table>\n","protected":false},"excerpt":{"rendered":"<p>Ce radiateur est con\u00e7u pour offrir des performances de refroidissement exceptionnelles dans un format compact et discret. Il est id\u00e9al pour les configurations multi-CPU\/GPU gr\u00e2ce \u00e0 son design optimis\u00e9 pour les ventilateurs \u00e0 faible bruit. Caract\u00e9ristiques : Dimensions\u00a0: 398 mm x 133 mm x 29,6 mm (L x l x H) FPI\u00a0: 16 (ailettes par [&hellip;]<\/p>\n","protected":false},"featured_media":10006,"template":"","meta":{"_genesis_hide_title":false,"_genesis_hide_breadcrumbs":false,"_genesis_hide_singular_image":false,"_genesis_hide_footer_widgets":false,"_genesis_custom_body_class":"","_genesis_custom_post_class":"","_genesis_layout":""},"product_brand":[],"product_cat":[23,33],"product_tag":[],"class_list":{"0":"post-10005","1":"product","2":"type-product","3":"status-publish","4":"has-post-thumbnail","6":"product_cat-radiateurs","7":"product_cat-360mm","8":"entry","10":"first","11":"instock","12":"taxable","13":"shipping-taxable","14":"purchasable","15":"product-type-simple"},"_links":{"self":[{"href":"https:\/\/proliquidpc.com\/fr\/wp-json\/wp\/v2\/product\/10005","targetHints":{"allow":["GET"]}}],"collection":[{"href":"https:\/\/proliquidpc.com\/fr\/wp-json\/wp\/v2\/product"}],"about":[{"href":"https:\/\/proliquidpc.com\/fr\/wp-json\/wp\/v2\/types\/product"}],"wp:featuredmedia":[{"embeddable":true,"href":"https:\/\/proliquidpc.com\/fr\/wp-json\/wp\/v2\/media\/10006"}],"wp:attachment":[{"href":"https:\/\/proliquidpc.com\/fr\/wp-json\/wp\/v2\/media?parent=10005"}],"wp:term":[{"taxonomy":"product_brand","embeddable":true,"href":"https:\/\/proliquidpc.com\/fr\/wp-json\/wp\/v2\/product_brand?post=10005"},{"taxonomy":"product_cat","embeddable":true,"href":"https:\/\/proliquidpc.com\/fr\/wp-json\/wp\/v2\/product_cat?post=10005"},{"taxonomy":"product_tag","embeddable":true,"href":"https:\/\/proliquidpc.com\/fr\/wp-json\/wp\/v2\/product_tag?post=10005"}],"curies":[{"name":"wp","href":"https:\/\/api.w.org\/{rel}","templated":true}]}}