{"id":10079,"date":"2025-02-21T02:31:19","date_gmt":"2025-02-21T07:31:19","guid":{"rendered":"https:\/\/proliquidpc.com\/?post_type=product&#038;p=10079"},"modified":"2025-02-21T02:36:31","modified_gmt":"2025-02-21T07:36:31","slug":"debitmetre-iceman-cooler-ice-r3-noir","status":"publish","type":"product","link":"https:\/\/proliquidpc.com\/fr\/boutique\/flow-meter-capteur-de-temperature\/debitmetre-iceman-cooler-ice-r3-noir\/","title":{"rendered":"D\u00e9bitm\u00e8tre IceMan Cooler &#8211; ICE-R3 &#8211; Noir"},"content":{"rendered":"<p>Le d\u00e9bitm\u00e8tre de refroidisseur IceMan &#8211; ICE-R3 est un composant con\u00e7u pour mesurer le d\u00e9bit de liquide de refroidissement dans un syst\u00e8me de refroidissement liquide.<\/p>\n","protected":false},"excerpt":{"rendered":"<p>Le d\u00e9bitm\u00e8tre de refroidisseur IceMan &#8211; ICE-R3 est un composant con\u00e7u pour mesurer le d\u00e9bit de liquide de refroidissement dans un syst\u00e8me de refroidissement liquide.<\/p>\n","protected":false},"featured_media":10081,"template":"","meta":{"_genesis_hide_title":false,"_genesis_hide_breadcrumbs":false,"_genesis_hide_singular_image":false,"_genesis_hide_footer_widgets":false,"_genesis_custom_body_class":"","_genesis_custom_post_class":"","_genesis_layout":""},"product_brand":[],"product_cat":[68],"product_tag":[],"class_list":{"0":"post-10079","1":"product","2":"type-product","3":"status-publish","4":"has-post-thumbnail","6":"product_cat-flow-meter-capteur-de-temperature","7":"entry","9":"first","10":"instock","11":"taxable","12":"shipping-taxable","13":"purchasable","14":"product-type-simple"},"_links":{"self":[{"href":"https:\/\/proliquidpc.com\/fr\/wp-json\/wp\/v2\/product\/10079","targetHints":{"allow":["GET"]}}],"collection":[{"href":"https:\/\/proliquidpc.com\/fr\/wp-json\/wp\/v2\/product"}],"about":[{"href":"https:\/\/proliquidpc.com\/fr\/wp-json\/wp\/v2\/types\/product"}],"wp:featuredmedia":[{"embeddable":true,"href":"https:\/\/proliquidpc.com\/fr\/wp-json\/wp\/v2\/media\/10081"}],"wp:attachment":[{"href":"https:\/\/proliquidpc.com\/fr\/wp-json\/wp\/v2\/media?parent=10079"}],"wp:term":[{"taxonomy":"product_brand","embeddable":true,"href":"https:\/\/proliquidpc.com\/fr\/wp-json\/wp\/v2\/product_brand?post=10079"},{"taxonomy":"product_cat","embeddable":true,"href":"https:\/\/proliquidpc.com\/fr\/wp-json\/wp\/v2\/product_cat?post=10079"},{"taxonomy":"product_tag","embeddable":true,"href":"https:\/\/proliquidpc.com\/fr\/wp-json\/wp\/v2\/product_tag?post=10079"}],"curies":[{"name":"wp","href":"https:\/\/api.w.org\/{rel}","templated":true}]}}