{"id":10098,"date":"2025-02-22T03:06:56","date_gmt":"2025-02-22T08:06:56","guid":{"rendered":"https:\/\/proliquidpc.com\/?post_type=product&#038;p=10098"},"modified":"2025-02-22T03:19:17","modified_gmt":"2025-02-22T08:19:17","slug":"adaptateur-de-cable-dalimentation-sata-pour-pc-5v-3-broches-argb","status":"publish","type":"product","link":"https:\/\/proliquidpc.com\/fr\/boutique\/led-controleurs\/controleurs-rgb\/adaptateur-de-cable-dalimentation-sata-pour-pc-5v-3-broches-argb\/","title":{"rendered":"Adaptateur de c\u00e2ble d&rsquo;alimentation SATA pour PC, 5V, 3 broches, ARGB"},"content":{"rendered":"<p>Hub de ventilateur RGB ARGB Cable Splitter Hub Adapter Computer Desktop PC Accessories 10-in-1 for ASUS\/MSI\/GIGABYTE\/ASRock Motherboards<br \/>\nCaract\u00e9ristique:<br \/>\n1. Support pour ASUS, pour MSI, pour GIGABYTE, pour les cartes m\u00e8res ASRock (interface de contr\u00f4le de la lumi\u00e8re D-RGB 5V\/3Pin) \u00e0 contr\u00f4ler par la carte m\u00e8re, et les lumi\u00e8res peuvent \u00eatre synchronis\u00e9es avec d&rsquo;autres produits D-RGB.<br \/>\n2. G\u00e9rer efficacement les fils. Cinq ensembles de prises de ventilateur \u00e0 gauche et \u00e0 droite pour une installation facile, cr\u00e9ant un espace d&rsquo;ordinateur propre et rang\u00e9.<br \/>\n3. Avec un c\u00e2ble de carte m\u00e8re de 52cm. La longueur de la ligne est de 52cm, les joueurs n&rsquo;ont plus \u00e0 se soucier des lignes courtes<br \/>\n4. Le concentrateur est une version 5V 3PIN SATA\/grand port d&rsquo;alimentation 4D. Plus pr\u00e9cis\u00e9ment, cela d\u00e9pend de l&rsquo;interface de la carte m\u00e8re et du nombre de broches de l&rsquo;interface de l&rsquo;appareil que vous utilisez. Vous pouvez l&rsquo;acheter en cons\u00e9quence. Vous ne pouvez pas connecter un dispositif \u00e0 quatre broches ou un concentrateur \u00e0 quatre broches \u00e0 un dispositif d&rsquo;\u00e9clairage \u00e0 trois broches.<br \/>\n5. Multi-interface, installation facile. Prend en charge jusqu&rsquo;\u00e0 11 interfaces ARGB, faites vos adieux au probl\u00e8me des interfaces insuffisantes.<br \/>\n6. Largement compatible. Interface standard 5V \u00e0 3 broches, compatible avec diff\u00e9rentes marques de cartes m\u00e8res, interface universelle standard 5V \u00e0 3 broches ARGB, pas besoin de s&rsquo;inqui\u00e9ter des probl\u00e8mes de compatibilit\u00e9.<br \/>\n7. Livr\u00e9 avec un adh\u00e9sif, facile \u00e0 installer. La p\u00e2te est stable, l&rsquo;adh\u00e9sif double face est fixe, l&rsquo;installation est tr\u00e8s pratique et le tampon en mousse \u00e0 l&rsquo;arri\u00e8re peut \u00e9galement jouer le r\u00f4le de protection d&rsquo;isolation.<\/p>\n<p>Sp\u00e9cification:<br \/>\nCat\u00e9gorie: RGB Fan Hub<br \/>\nNombre de ports de ventilateur: 10<br \/>\nInterface d&rsquo;alimentation: interface SATA, grande interface d&rsquo;alimentation 4D (grande interface 4PIN de type D (4 broches c\u00f4te \u00e0 c\u00f4te) (en option)<br \/>\nInterface: 5V\/3PIN<br \/>\nLongueur du c\u00e2ble d&rsquo;interface: environ 52cm\/20.47 pouces<br \/>\nProcessus: plaqu\u00e9 or<br \/>\nType de fixation: support adh\u00e9sif 3M<br \/>\nType de mat\u00e9riau: feuille acrylique de 3mm<br \/>\nTaille du produit: environ 13*9*2cm\/5.12*3.54*0.79 pouces<br \/>\nEmballage du produit: sac \u00e9lectrostatique<br \/>\nPoids brut du produit: environ 50g<\/p>\n<p>Remarque:<br \/>\nCe produit n&rsquo;est pas un adaptateur, c&rsquo;est juste un hub, il ne peut \u00eatre utilis\u00e9 que lorsque l&rsquo;interface de la carte m\u00e8re ne suffit pas, l&rsquo;interface de l&rsquo;appareil sans la fonction adaptateur doit \u00eatre identique \u00e0 celle de la carte m\u00e8re avec le m\u00eame nombre de broches d&rsquo;interface avant de pouvoir \u00eatre utilis\u00e9e.<\/p>\n","protected":false},"excerpt":{"rendered":"<p>Hub de ventilateur RGB ARGB Cable Splitter Hub Adapter Computer Desktop PC Accessories 10-in-1 for ASUS\/MSI\/GIGABYTE\/ASRock Motherboards Caract\u00e9ristique: 1. Support pour ASUS, pour MSI, pour GIGABYTE, pour les cartes m\u00e8res ASRock (interface de contr\u00f4le de la lumi\u00e8re D-RGB 5V\/3Pin) \u00e0 contr\u00f4ler par la carte m\u00e8re, et les lumi\u00e8res peuvent \u00eatre synchronis\u00e9es avec d&rsquo;autres produits D-RGB. [&hellip;]<\/p>\n","protected":false},"featured_media":10099,"template":"","meta":{"_genesis_hide_title":false,"_genesis_hide_breadcrumbs":false,"_genesis_hide_singular_image":false,"_genesis_hide_footer_widgets":false,"_genesis_custom_body_class":"","_genesis_custom_post_class":"","_genesis_layout":""},"product_brand":[],"product_cat":[123,25],"product_tag":[],"class_list":{"0":"post-10098","1":"product","2":"type-product","3":"status-publish","4":"has-post-thumbnail","6":"product_cat-controleurs-rgb","7":"product_cat-led-controleurs","8":"entry","10":"first","11":"instock","12":"taxable","13":"shipping-taxable","14":"purchasable","15":"product-type-simple"},"_links":{"self":[{"href":"https:\/\/proliquidpc.com\/fr\/wp-json\/wp\/v2\/product\/10098","targetHints":{"allow":["GET"]}}],"collection":[{"href":"https:\/\/proliquidpc.com\/fr\/wp-json\/wp\/v2\/product"}],"about":[{"href":"https:\/\/proliquidpc.com\/fr\/wp-json\/wp\/v2\/types\/product"}],"wp:featuredmedia":[{"embeddable":true,"href":"https:\/\/proliquidpc.com\/fr\/wp-json\/wp\/v2\/media\/10099"}],"wp:attachment":[{"href":"https:\/\/proliquidpc.com\/fr\/wp-json\/wp\/v2\/media?parent=10098"}],"wp:term":[{"taxonomy":"product_brand","embeddable":true,"href":"https:\/\/proliquidpc.com\/fr\/wp-json\/wp\/v2\/product_brand?post=10098"},{"taxonomy":"product_cat","embeddable":true,"href":"https:\/\/proliquidpc.com\/fr\/wp-json\/wp\/v2\/product_cat?post=10098"},{"taxonomy":"product_tag","embeddable":true,"href":"https:\/\/proliquidpc.com\/fr\/wp-json\/wp\/v2\/product_tag?post=10098"}],"curies":[{"name":"wp","href":"https:\/\/api.w.org\/{rel}","templated":true}]}}