{"id":10225,"date":"2025-02-26T04:04:36","date_gmt":"2025-02-26T09:04:36","guid":{"rendered":"https:\/\/proliquidpc.com\/?post_type=product&#038;p=10225"},"modified":"2026-04-03T16:10:23","modified_gmt":"2026-04-03T20:10:23","slug":"bykski-cp-nwd5-x-ct60-v3-nouvelle-pompe-a-eau-d5-pompe-lumineuse-pompe-integree-150mm","status":"publish","type":"product","link":"https:\/\/proliquidpc.com\/fr\/boutique\/reservoirs\/pompe-combo\/bykski-cp-nwd5-x-ct60-v3-nouvelle-pompe-a-eau-d5-pompe-lumineuse-pompe-integree-150mm\/","title":{"rendered":"Bykski CP-NWD5-X-CT60-V3 nouvelle pompe \u00e0 eau D5 pompe lumineuse pompe int\u00e9gr\u00e9e 150mm"},"content":{"rendered":"<p>Am\u00e9liorez l\u2019efficacit\u00e9 de refroidissement et l\u2019attrait esth\u00e9tique de votre PC avec la pompe Bykski D5 et le r\u00e9servoir en PMMA de 150 mm. Ce combo haut de gamme et fiable est con\u00e7u pour fournir une circulation d\u2019eau sup\u00e9rieure et un affichage visuel \u00e9poustouflant, gr\u00e2ce \u00e0 son \u00e9clairage RVB adressable 5V. Con\u00e7u pour les passionn\u00e9s \u00e0 la recherche de performances de haut niveau dans leurs solutions de refroidissement personnalis\u00e9es, cet appareil offre pr\u00e9cision, durabilit\u00e9 et style.<\/p>\n<p>Fonctionnalit\u00e9s<br \/>\nPompe D5 \u00e0 haut rendement : Connue pour ses performances et sa fiabilit\u00e9 exceptionnelles, la pompe D5 assure un d\u00e9bit optimal du liquide de refroidissement dans votre syst\u00e8me.<br \/>\nR\u00e9servoir PMMA \u00e9l\u00e9gant de 100 mm : Le r\u00e9servoir en PMMA transparent est non seulement r\u00e9sistant, mais permet \u00e9galement de surveiller facilement les niveaux de liquide de refroidissement et ajoute une touche de sophistication \u00e0 votre construction.<br \/>\n\u00c9clairage RVB adressable : Avec une connexion RVB 5V, personnalisez votre \u00e9clairage pour l\u2019adapter \u00e0 l\u2019esth\u00e9tique de votre syst\u00e8me avec des effets de couleurs vibrants et dynamiques.<br \/>\nFonctionnement silencieux : Con\u00e7u pour minimiser le bruit, le combo pompe-r\u00e9servoir fonctionne en douceur, assurant un environnement informatique tranquille.<br \/>\nConstruction durable : Fabriqu\u00e9 \u00e0 partir de mat\u00e9riaux de haute qualit\u00e9, ce combo est con\u00e7u pour durer et r\u00e9sister aux rigueurs d\u2019une utilisation continue.<br \/>\nInstallation facile : L\u2019unit\u00e9 est livr\u00e9e avec un kit de montage complet, ce qui facilite son int\u00e9gration dans votre boucle personnalis\u00e9e.<br \/>\nSp\u00e9cifications<br \/>\nMod\u00e8le : CP-NWD5-X-CT60-V3<br \/>\nType de pompe : D5<br \/>\nMat\u00e9riau du r\u00e9servoir : Plastique technique + PMMA + alliage d\u2019aluminium (pas en contact avec le liquide de refroidissement)<br \/>\nTaille du r\u00e9servoir : 150 mm<br \/>\nCouleur : Clair \/ Noir<br \/>\nType RVB : RVB adressable 5 V (RBW)<br \/>\nConnectivit\u00e9 : Molex 4 broches et retour de donn\u00e9es PWM+<br \/>\nKit de montage : Inclus pour une installation facile<br \/>\nDimensions hauteur : 241 mm (total) | 150 mm (r\u00e9servoir uniquement)<br \/>\nDimensions de la largeur : 81 mm<br \/>\nPuissance absorb\u00e9e : DC12v, TDP18W, RPM 4800<br \/>\nD\u00e9bit : 1100L \/ h<br \/>\nPi\u00e8ces incluses<br \/>\n1x pompe PMS5 (install\u00e9e)<br \/>\n1x r\u00e9servoir + dessus<br \/>\n1x armure de pompe (install\u00e9e)<br \/>\n2x supports de montage + vis<br \/>\n1x 5v Addressable RGB (RBW)Contr\u00f4leur non inclus<br \/>\n(Avertissement : le RVB adressable (RBW) est de 5 V et est UNIQUEMENT compatible avec les composants A-RGB (RBW). RGB est 12V et est UNIQUEMENT compatible avec les composants RGB. Le m\u00e9lange et l\u2019assortiment ne fonctionneront PAS et causeront des dommages.<br \/>\nAVERTISSEMENT : Ce produit est con\u00e7u pour l\u2019auto-installation. Le fabricant n\u2019est pas responsable des dommages r\u00e9sultant d\u2019une mauvaise utilisation, y compris, mais sans s\u2019y limiter, une mauvaise installation ou l\u2019utilisation de mat\u00e9riel ou de fluides incompatibles. En utilisant ce produit, vous acceptez tous les risques qui y sont li\u00e9s.<\/p>\n","protected":false},"excerpt":{"rendered":"<p>Am\u00e9liorez l\u2019efficacit\u00e9 de refroidissement et l\u2019attrait esth\u00e9tique de votre PC avec la pompe Bykski D5 et le r\u00e9servoir en PMMA de 150 mm. Ce combo haut de gamme et fiable est con\u00e7u pour fournir une circulation d\u2019eau sup\u00e9rieure et un affichage visuel \u00e9poustouflant, gr\u00e2ce \u00e0 son \u00e9clairage RVB adressable 5V. Con\u00e7u pour les passionn\u00e9s \u00e0 [&hellip;]<\/p>\n","protected":false},"featured_media":10227,"template":"","meta":{"_genesis_hide_title":false,"_genesis_hide_breadcrumbs":false,"_genesis_hide_singular_image":false,"_genesis_hide_footer_widgets":false,"_genesis_custom_body_class":"","_genesis_custom_post_class":"","_genesis_layout":""},"product_brand":[],"product_cat":[231,46],"product_tag":[],"class_list":{"0":"post-10225","1":"product","2":"type-product","3":"status-publish","4":"has-post-thumbnail","6":"product_cat-pompe-combo","7":"product_cat-pompes","8":"entry","10":"first","11":"outofstock","12":"taxable","13":"shipping-taxable","14":"purchasable","15":"product-type-simple"},"_links":{"self":[{"href":"https:\/\/proliquidpc.com\/fr\/wp-json\/wp\/v2\/product\/10225","targetHints":{"allow":["GET"]}}],"collection":[{"href":"https:\/\/proliquidpc.com\/fr\/wp-json\/wp\/v2\/product"}],"about":[{"href":"https:\/\/proliquidpc.com\/fr\/wp-json\/wp\/v2\/types\/product"}],"wp:featuredmedia":[{"embeddable":true,"href":"https:\/\/proliquidpc.com\/fr\/wp-json\/wp\/v2\/media\/10227"}],"wp:attachment":[{"href":"https:\/\/proliquidpc.com\/fr\/wp-json\/wp\/v2\/media?parent=10225"}],"wp:term":[{"taxonomy":"product_brand","embeddable":true,"href":"https:\/\/proliquidpc.com\/fr\/wp-json\/wp\/v2\/product_brand?post=10225"},{"taxonomy":"product_cat","embeddable":true,"href":"https:\/\/proliquidpc.com\/fr\/wp-json\/wp\/v2\/product_cat?post=10225"},{"taxonomy":"product_tag","embeddable":true,"href":"https:\/\/proliquidpc.com\/fr\/wp-json\/wp\/v2\/product_tag?post=10225"}],"curies":[{"name":"wp","href":"https:\/\/api.w.org\/{rel}","templated":true}]}}