{"id":10357,"date":"2025-03-02T13:55:30","date_gmt":"2025-03-02T18:55:30","guid":{"rendered":"https:\/\/proliquidpc.com\/?post_type=product&#038;p=10357"},"modified":"2026-02-01T20:19:32","modified_gmt":"2026-02-02T01:19:32","slug":"iceman-cooler-12e13e14e-gen-delid-die-guard-ice-dg13","status":"publish","type":"product","link":"https:\/\/proliquidpc.com\/fr\/boutique\/cpu-waterblock\/cpu-intel\/iceman-cooler-12e13e14e-gen-delid-die-guard-ice-dg13\/","title":{"rendered":"IceMan Cooler 12e,13e,14e Gen Delid Die Guard &#8211; ICE-DG13"},"content":{"rendered":"<p>Apr\u00e8s avoir retir\u00e9 le couvercle sup\u00e9rieur du processeur et directement contact\u00e9 la dissipation thermique du c\u0153ur, le protecteur peut prot\u00e9ger le c\u0153ur contre l&rsquo;\u00e9crasement.<\/p>\n","protected":false},"excerpt":{"rendered":"<p>Apr\u00e8s avoir retir\u00e9 le couvercle sup\u00e9rieur du processeur et directement contact\u00e9 la dissipation thermique du c\u0153ur, le protecteur peut prot\u00e9ger le c\u0153ur contre l&rsquo;\u00e9crasement.<\/p>\n","protected":false},"featured_media":10358,"template":"","meta":{"_genesis_hide_title":false,"_genesis_hide_breadcrumbs":false,"_genesis_hide_singular_image":false,"_genesis_hide_footer_widgets":false,"_genesis_custom_body_class":"","_genesis_custom_post_class":"","_genesis_layout":""},"product_brand":[],"product_cat":[43,36],"product_tag":[],"class_list":{"0":"post-10357","1":"product","2":"type-product","3":"status-publish","4":"has-post-thumbnail","6":"product_cat-cpu-intel","7":"product_cat-cpu-waterblock","8":"entry","10":"first","11":"instock","12":"taxable","13":"shipping-taxable","14":"purchasable","15":"product-type-simple"},"_links":{"self":[{"href":"https:\/\/proliquidpc.com\/fr\/wp-json\/wp\/v2\/product\/10357","targetHints":{"allow":["GET"]}}],"collection":[{"href":"https:\/\/proliquidpc.com\/fr\/wp-json\/wp\/v2\/product"}],"about":[{"href":"https:\/\/proliquidpc.com\/fr\/wp-json\/wp\/v2\/types\/product"}],"wp:featuredmedia":[{"embeddable":true,"href":"https:\/\/proliquidpc.com\/fr\/wp-json\/wp\/v2\/media\/10358"}],"wp:attachment":[{"href":"https:\/\/proliquidpc.com\/fr\/wp-json\/wp\/v2\/media?parent=10357"}],"wp:term":[{"taxonomy":"product_brand","embeddable":true,"href":"https:\/\/proliquidpc.com\/fr\/wp-json\/wp\/v2\/product_brand?post=10357"},{"taxonomy":"product_cat","embeddable":true,"href":"https:\/\/proliquidpc.com\/fr\/wp-json\/wp\/v2\/product_cat?post=10357"},{"taxonomy":"product_tag","embeddable":true,"href":"https:\/\/proliquidpc.com\/fr\/wp-json\/wp\/v2\/product_tag?post=10357"}],"curies":[{"name":"wp","href":"https:\/\/api.w.org\/{rel}","templated":true}]}}