{"id":10394,"date":"2025-03-11T04:30:52","date_gmt":"2025-03-11T08:30:52","guid":{"rendered":"https:\/\/proliquidpc.com\/?post_type=product&#038;p=10394"},"modified":"2025-03-22T21:39:09","modified_gmt":"2025-03-23T01:39:09","slug":"barrow-direct-to-die-frame-cpu-water-block-ltst-b","status":"publish","type":"product","link":"https:\/\/proliquidpc.com\/fr\/boutique\/cpu-waterblock\/cpu-intel\/barrow-direct-to-die-frame-cpu-water-block-ltst-b\/","title":{"rendered":"BARROW direct to die frame CPU water block &#8211; LTST-B"},"content":{"rendered":"<h4><strong>Refroidissement direct au cadre<\/strong><\/h4>\n<p>La plaque inf\u00e9rieure du bloc d&rsquo;eau est en contact direct avec le c\u0153ur, permettant ainsi une meilleure dissipation de la chaleur vers le liquide froid. Le m\u00e9tal liquide est recommand\u00e9 comme m\u00e9dium pour remplir la couche de conduction thermique.<\/p>\n<h4><strong>Installation facile<\/strong><\/h4>\n<p>Compar\u00e9 au bloc d&rsquo;eau CPU g\u00e9n\u00e9ral, le processus d&rsquo;installation est plus simple et plus pratique.<\/p>\n<h4><strong>Structure stable<\/strong><\/h4>\n<p>Plaque inf\u00e9rieure en cuivre rouge + couvercle sup\u00e9rieur en laiton + cadre en alliage d&rsquo;aluminium, fournissent une structure de produit stable. Le cadre en alliage d&rsquo;aluminium contient une structure de pad isolant.<\/p>\n","protected":false},"excerpt":{"rendered":"<p>Refroidissement direct au cadre La plaque inf\u00e9rieure du bloc d&rsquo;eau est en contact direct avec le c\u0153ur, permettant ainsi une meilleure dissipation de la chaleur vers le liquide froid. Le m\u00e9tal liquide est recommand\u00e9 comme m\u00e9dium pour remplir la couche de conduction thermique. Installation facile Compar\u00e9 au bloc d&rsquo;eau CPU g\u00e9n\u00e9ral, le processus d&rsquo;installation est [&hellip;]<\/p>\n","protected":false},"featured_media":10385,"template":"","meta":{"_genesis_hide_title":false,"_genesis_hide_breadcrumbs":false,"_genesis_hide_singular_image":false,"_genesis_hide_footer_widgets":false,"_genesis_custom_body_class":"","_genesis_custom_post_class":"","_genesis_layout":""},"product_brand":[],"product_cat":[43],"product_tag":[],"class_list":{"0":"post-10394","1":"product","2":"type-product","3":"status-publish","4":"has-post-thumbnail","6":"product_cat-cpu-intel","7":"entry","9":"first","10":"instock","11":"taxable","12":"shipping-taxable","13":"purchasable","14":"product-type-simple"},"_links":{"self":[{"href":"https:\/\/proliquidpc.com\/fr\/wp-json\/wp\/v2\/product\/10394","targetHints":{"allow":["GET"]}}],"collection":[{"href":"https:\/\/proliquidpc.com\/fr\/wp-json\/wp\/v2\/product"}],"about":[{"href":"https:\/\/proliquidpc.com\/fr\/wp-json\/wp\/v2\/types\/product"}],"wp:featuredmedia":[{"embeddable":true,"href":"https:\/\/proliquidpc.com\/fr\/wp-json\/wp\/v2\/media\/10385"}],"wp:attachment":[{"href":"https:\/\/proliquidpc.com\/fr\/wp-json\/wp\/v2\/media?parent=10394"}],"wp:term":[{"taxonomy":"product_brand","embeddable":true,"href":"https:\/\/proliquidpc.com\/fr\/wp-json\/wp\/v2\/product_brand?post=10394"},{"taxonomy":"product_cat","embeddable":true,"href":"https:\/\/proliquidpc.com\/fr\/wp-json\/wp\/v2\/product_cat?post=10394"},{"taxonomy":"product_tag","embeddable":true,"href":"https:\/\/proliquidpc.com\/fr\/wp-json\/wp\/v2\/product_tag?post=10394"}],"curies":[{"name":"wp","href":"https:\/\/api.w.org\/{rel}","templated":true}]}}