{"id":10473,"date":"2026-02-01T20:20:57","date_gmt":"2026-02-02T01:20:57","guid":{"rendered":"https:\/\/proliquidpc.com\/?post_type=product&#038;p=10473"},"modified":"2026-02-01T20:20:58","modified_gmt":"2026-02-02T01:20:58","slug":"koolance-plaque-de-refroidissement-pour-disques-durs-25-102-mm-x-100-mm-4-pouces-x-39-pouces-hd-70","status":"publish","type":"product","link":"https:\/\/proliquidpc.com\/fr\/boutique\/autres-waterblock\/koolance-plaque-de-refroidissement-pour-disques-durs-25-102-mm-x-100-mm-4-pouces-x-39-pouces-hd-70\/","title":{"rendered":"Koolance Plaque de refroidissement pour disques durs 2,5&Prime; 102 mm x 100 mm (4 pouces x 3,9 pouces) &#8211; HD-70"},"content":{"rendered":"<p><strong>Koolance HD-70<\/strong>\u00a0est un bloc d&rsquo;eau double face pour jusqu&rsquo;\u00e0 deux disques SSD de 2,5 pouces ou disques durs d&rsquo;ordinateurs portables (non inclus). Les disques peuvent \u00eatre orient\u00e9s avec les connexions de donn\u00e9es\/alimentation face aux raccords de tuyaux ou \u00e0 l&rsquo;oppos\u00e9, et sont fix\u00e9s avec des supports en aluminium anodis\u00e9. Le bloc d&rsquo;eau a la largeur d&rsquo;un disque dur traditionnel de 3,5 pouces et est mont\u00e9 avec des vis sur les c\u00f4t\u00e9s.<\/p>\n<p>Les filetages des raccords sont G 1\/4 BSPP. Les mat\u00e9riaux de la plaque froide sont en laiton plaqu\u00e9 nickel, et le corps est en ac\u00e9tal.<\/p>\n","protected":false},"excerpt":{"rendered":"<p>Koolance HD-70\u00a0est un bloc d&rsquo;eau double face pour jusqu&rsquo;\u00e0 deux disques SSD de 2,5 pouces ou disques durs d&rsquo;ordinateurs portables (non inclus). Les disques peuvent \u00eatre orient\u00e9s avec les connexions de donn\u00e9es\/alimentation face aux raccords de tuyaux ou \u00e0 l&rsquo;oppos\u00e9, et sont fix\u00e9s avec des supports en aluminium anodis\u00e9. Le bloc d&rsquo;eau a la largeur [&hellip;]<\/p>\n","protected":false},"featured_media":10466,"template":"","meta":{"_genesis_hide_title":false,"_genesis_hide_breadcrumbs":false,"_genesis_hide_singular_image":false,"_genesis_hide_footer_widgets":false,"_genesis_custom_body_class":"","_genesis_custom_post_class":"","_genesis_layout":""},"product_brand":[],"product_cat":[62],"product_tag":[],"class_list":{"0":"post-10473","1":"product","2":"type-product","3":"status-publish","4":"has-post-thumbnail","6":"product_cat-autres-waterblock","7":"entry","9":"first","10":"instock","11":"taxable","12":"shipping-taxable","13":"product-type-simple"},"_links":{"self":[{"href":"https:\/\/proliquidpc.com\/fr\/wp-json\/wp\/v2\/product\/10473","targetHints":{"allow":["GET"]}}],"collection":[{"href":"https:\/\/proliquidpc.com\/fr\/wp-json\/wp\/v2\/product"}],"about":[{"href":"https:\/\/proliquidpc.com\/fr\/wp-json\/wp\/v2\/types\/product"}],"wp:featuredmedia":[{"embeddable":true,"href":"https:\/\/proliquidpc.com\/fr\/wp-json\/wp\/v2\/media\/10466"}],"wp:attachment":[{"href":"https:\/\/proliquidpc.com\/fr\/wp-json\/wp\/v2\/media?parent=10473"}],"wp:term":[{"taxonomy":"product_brand","embeddable":true,"href":"https:\/\/proliquidpc.com\/fr\/wp-json\/wp\/v2\/product_brand?post=10473"},{"taxonomy":"product_cat","embeddable":true,"href":"https:\/\/proliquidpc.com\/fr\/wp-json\/wp\/v2\/product_cat?post=10473"},{"taxonomy":"product_tag","embeddable":true,"href":"https:\/\/proliquidpc.com\/fr\/wp-json\/wp\/v2\/product_tag?post=10473"}],"curies":[{"name":"wp","href":"https:\/\/api.w.org\/{rel}","templated":true}]}}