{"id":10517,"date":"2025-03-11T04:34:32","date_gmt":"2025-03-11T08:34:32","guid":{"rendered":"https:\/\/proliquidpc.com\/?post_type=product&#038;p=10517"},"modified":"2025-03-11T04:34:33","modified_gmt":"2025-03-11T08:34:33","slug":"iceman-cooler-outil-de-coupe-pour-tube-rigide-d12-d14-d16-d18-4-en-1-ice-cm41","status":"publish","type":"product","link":"https:\/\/proliquidpc.com\/fr\/boutique\/outils\/iceman-cooler-outil-de-coupe-pour-tube-rigide-d12-d14-d16-d18-4-en-1-ice-cm41\/","title":{"rendered":"IceMan Cooler Outil de coupe pour tube rigide &#8211; D12\/D14\/D16\/D18 4 en 1 &#8211; ICE-CM41"},"content":{"rendered":"<p><strong>Outil de coupe pour tube rigide de refroidissement liquide<\/strong>\u00a0D12\/D14\/D16\/D18mm 4 en 1<\/p>\n<p>Ce produit est une mesure et un support pour couper des tubes rigides.<\/p>\n<p>Ce produit est marqu\u00e9 avec une \u00e9chelle de 0-100 mm pour mesurer la longueur.<\/p>\n<p>Le mat\u00e9riau est form\u00e9 int\u00e9gralement d&rsquo;un alliage d&rsquo;aluminium haute r\u00e9sistance, sabl\u00e9 et oxyd\u00e9 en noir. Le diam\u00e8tre ext\u00e9rieur correspondant du tube rigide est : 12 mm, 14 mm, 16 mm, 18 mm. Ce produit est utilis\u00e9 pour mesurer et soutenir le tube lorsqu&rsquo;il est coup\u00e9. Lors de l&rsquo;utilisation, placez le tube dans la rainure. S\u00e9lectionnez la longueur appropri\u00e9e \u00e0 couper avec une scie \u00e0 main. Le produit est marqu\u00e9 avec une \u00e9chelle de 0-100 mm pour mesurer la longueur. L&rsquo;extr\u00e9mit\u00e9 gauche a une s\u00e9lection d&rsquo;indicateur de diam\u00e8tre de tuyau, et l&rsquo;extr\u00e9mit\u00e9 droite est \u00e9quip\u00e9e d&rsquo;une pi\u00e8ce en acier inoxydable comme but\u00e9e.<\/p>\n","protected":false},"excerpt":{"rendered":"<p>Outil de coupe pour tube rigide de refroidissement liquide\u00a0D12\/D14\/D16\/D18mm 4 en 1 Ce produit est une mesure et un support pour couper des tubes rigides. Ce produit est marqu\u00e9 avec une \u00e9chelle de 0-100 mm pour mesurer la longueur. Le mat\u00e9riau est form\u00e9 int\u00e9gralement d&rsquo;un alliage d&rsquo;aluminium haute r\u00e9sistance, sabl\u00e9 et oxyd\u00e9 en noir. Le [&hellip;]<\/p>\n","protected":false},"featured_media":10516,"template":"","meta":{"_genesis_hide_title":false,"_genesis_hide_breadcrumbs":false,"_genesis_hide_singular_image":false,"_genesis_hide_footer_widgets":false,"_genesis_custom_body_class":"","_genesis_custom_post_class":"","_genesis_layout":""},"product_brand":[],"product_cat":[44],"product_tag":[],"class_list":{"0":"post-10517","1":"product","2":"type-product","3":"status-publish","4":"has-post-thumbnail","6":"product_cat-outils","7":"entry","9":"first","10":"instock","11":"taxable","12":"shipping-taxable","13":"purchasable","14":"product-type-simple"},"_links":{"self":[{"href":"https:\/\/proliquidpc.com\/fr\/wp-json\/wp\/v2\/product\/10517","targetHints":{"allow":["GET"]}}],"collection":[{"href":"https:\/\/proliquidpc.com\/fr\/wp-json\/wp\/v2\/product"}],"about":[{"href":"https:\/\/proliquidpc.com\/fr\/wp-json\/wp\/v2\/types\/product"}],"wp:featuredmedia":[{"embeddable":true,"href":"https:\/\/proliquidpc.com\/fr\/wp-json\/wp\/v2\/media\/10516"}],"wp:attachment":[{"href":"https:\/\/proliquidpc.com\/fr\/wp-json\/wp\/v2\/media?parent=10517"}],"wp:term":[{"taxonomy":"product_brand","embeddable":true,"href":"https:\/\/proliquidpc.com\/fr\/wp-json\/wp\/v2\/product_brand?post=10517"},{"taxonomy":"product_cat","embeddable":true,"href":"https:\/\/proliquidpc.com\/fr\/wp-json\/wp\/v2\/product_cat?post=10517"},{"taxonomy":"product_tag","embeddable":true,"href":"https:\/\/proliquidpc.com\/fr\/wp-json\/wp\/v2\/product_tag?post=10517"}],"curies":[{"name":"wp","href":"https:\/\/api.w.org\/{rel}","templated":true}]}}