{"id":10683,"date":"2025-03-03T19:06:39","date_gmt":"2025-03-04T00:06:39","guid":{"rendered":"https:\/\/proliquidpc.com\/?post_type=product&#038;p=10683"},"modified":"2025-03-20T23:12:18","modified_gmt":"2025-03-21T03:12:18","slug":"barrow-480mm-x-28mm-radiateur-en-cuivre-dabel-28b-480mm","status":"publish","type":"product","link":"https:\/\/proliquidpc.com\/fr\/boutique\/radiateurs\/240mm\/barrow-480mm-x-28mm-radiateur-en-cuivre-dabel-28b-480mm\/","title":{"rendered":"Barrow 480mm x 28mm Radiateur en Cuivre &#8211; Dabel-28B 480mm"},"content":{"rendered":"<p>Les radiateurs de la s\u00e9rie BARROW Dabel-28b sont des radiateurs en cuivre haute densit\u00e9 mesurant 28 mm d&rsquo;\u00e9paisseur, adapt\u00e9s \u00e0 la plupart des ch\u00e2ssis standard et compacts pour une installation et une utilisation faciles. Les canaux sont en cuivre pur, la chambre \u00e0 eau en laiton, et le support de montage du ventilateur en acier inoxydable.<\/p>\n<p>Les sp\u00e9cifications sont disponibles en quatre longueurs : 120 mm, 240 mm, 360 mm et 480 mm. La conception des ailettes en onde unique \u00e0 haute densit\u00e9 permet une meilleure performance de transfert de chaleur et une plus grande surface de contact avec l&rsquo;air pour am\u00e9liorer et renforcer la capacit\u00e9 de refroidissement de la colonne froide, offrant ainsi un niveau de performance thermique sup\u00e9rieur.<\/p>\n<p>Dimensions : 515.6mm * 121.4mm * 28mm<\/p>\n<p>Filetage : G1\/4&Prime;<\/p>\n<p>Mat\u00e9riau : Cuivre<\/p>\n","protected":false},"excerpt":{"rendered":"<p>Les radiateurs de la s\u00e9rie BARROW Dabel-28b sont des radiateurs en cuivre haute densit\u00e9 mesurant 28 mm d&rsquo;\u00e9paisseur, adapt\u00e9s \u00e0 la plupart des ch\u00e2ssis standard et compacts pour une installation et une utilisation faciles. Les canaux sont en cuivre pur, la chambre \u00e0 eau en laiton, et le support de montage du ventilateur en acier [&hellip;]<\/p>\n","protected":false},"featured_media":10686,"template":"","meta":{"_genesis_hide_title":false,"_genesis_hide_breadcrumbs":false,"_genesis_hide_singular_image":false,"_genesis_hide_footer_widgets":false,"_genesis_custom_body_class":"","_genesis_custom_post_class":"","_genesis_layout":""},"product_brand":[233],"product_cat":[23,31],"product_tag":[],"class_list":{"0":"post-10683","1":"product","2":"type-product","3":"status-publish","4":"has-post-thumbnail","6":"product_brand-barrow","7":"product_cat-radiateurs","8":"product_cat-240mm","9":"entry","11":"first","12":"instock","13":"taxable","14":"shipping-taxable","15":"purchasable","16":"product-type-simple"},"_links":{"self":[{"href":"https:\/\/proliquidpc.com\/fr\/wp-json\/wp\/v2\/product\/10683","targetHints":{"allow":["GET"]}}],"collection":[{"href":"https:\/\/proliquidpc.com\/fr\/wp-json\/wp\/v2\/product"}],"about":[{"href":"https:\/\/proliquidpc.com\/fr\/wp-json\/wp\/v2\/types\/product"}],"wp:featuredmedia":[{"embeddable":true,"href":"https:\/\/proliquidpc.com\/fr\/wp-json\/wp\/v2\/media\/10686"}],"wp:attachment":[{"href":"https:\/\/proliquidpc.com\/fr\/wp-json\/wp\/v2\/media?parent=10683"}],"wp:term":[{"taxonomy":"product_brand","embeddable":true,"href":"https:\/\/proliquidpc.com\/fr\/wp-json\/wp\/v2\/product_brand?post=10683"},{"taxonomy":"product_cat","embeddable":true,"href":"https:\/\/proliquidpc.com\/fr\/wp-json\/wp\/v2\/product_cat?post=10683"},{"taxonomy":"product_tag","embeddable":true,"href":"https:\/\/proliquidpc.com\/fr\/wp-json\/wp\/v2\/product_tag?post=10683"}],"curies":[{"name":"wp","href":"https:\/\/api.w.org\/{rel}","templated":true}]}}