{"id":10757,"date":"2025-03-06T03:10:34","date_gmt":"2025-03-06T08:10:34","guid":{"rendered":"https:\/\/proliquidpc.com\/?post_type=product&#038;p=10757"},"modified":"2025-03-09T21:45:41","modified_gmt":"2025-03-10T01:45:41","slug":"barrow-45-femelle-a-femelle-fitting-coude-tdwt45sn-blanc","status":"publish","type":"product","link":"https:\/\/proliquidpc.com\/fr\/boutique\/fittings\/45-90-190\/barrow-45-femelle-a-femelle-fitting-coude-tdwt45sn-blanc\/","title":{"rendered":"Barrow 45\u00b0 Femelle \u00e0 Femelle Fitting Coud\u00e9 &#8211; TDWT45SN &#8211; BLANC"},"content":{"rendered":"<p>Faites des angles serr\u00e9s de 45 degr\u00e9s dans votre syst\u00e8me sans courir le risque de plier ou de casser votre tube. Deux ports filet\u00e9s G1\/4&Prime; \u00bb vous permettent de fixer presque n\u2019importe quel fitting G1\/4&Prime; standard \u00e0 cet adaptateur.<\/p>\n","protected":false},"excerpt":{"rendered":"<p>Faites des angles serr\u00e9s de 45 degr\u00e9s dans votre syst\u00e8me sans courir le risque de plier ou de casser votre tube. Deux ports filet\u00e9s G1\/4&Prime; \u00bb vous permettent de fixer presque n\u2019importe quel fitting G1\/4&Prime; standard \u00e0 cet adaptateur.<\/p>\n","protected":false},"featured_media":10759,"template":"","meta":{"_genesis_hide_title":false,"_genesis_hide_breadcrumbs":false,"_genesis_hide_singular_image":false,"_genesis_hide_footer_widgets":false,"_genesis_custom_body_class":"","_genesis_custom_post_class":"","_genesis_layout":""},"product_brand":[233],"product_cat":[45,29],"product_tag":[],"class_list":{"0":"post-10757","1":"product","2":"type-product","3":"status-publish","4":"has-post-thumbnail","6":"product_brand-barrow","7":"product_cat-45-90-190","8":"product_cat-fittings","9":"entry","11":"first","12":"instock","13":"taxable","14":"shipping-taxable","15":"purchasable","16":"product-type-simple"},"_links":{"self":[{"href":"https:\/\/proliquidpc.com\/fr\/wp-json\/wp\/v2\/product\/10757","targetHints":{"allow":["GET"]}}],"collection":[{"href":"https:\/\/proliquidpc.com\/fr\/wp-json\/wp\/v2\/product"}],"about":[{"href":"https:\/\/proliquidpc.com\/fr\/wp-json\/wp\/v2\/types\/product"}],"wp:featuredmedia":[{"embeddable":true,"href":"https:\/\/proliquidpc.com\/fr\/wp-json\/wp\/v2\/media\/10759"}],"wp:attachment":[{"href":"https:\/\/proliquidpc.com\/fr\/wp-json\/wp\/v2\/media?parent=10757"}],"wp:term":[{"taxonomy":"product_brand","embeddable":true,"href":"https:\/\/proliquidpc.com\/fr\/wp-json\/wp\/v2\/product_brand?post=10757"},{"taxonomy":"product_cat","embeddable":true,"href":"https:\/\/proliquidpc.com\/fr\/wp-json\/wp\/v2\/product_cat?post=10757"},{"taxonomy":"product_tag","embeddable":true,"href":"https:\/\/proliquidpc.com\/fr\/wp-json\/wp\/v2\/product_tag?post=10757"}],"curies":[{"name":"wp","href":"https:\/\/api.w.org\/{rel}","templated":true}]}}