{"id":10807,"date":"2025-03-09T17:53:40","date_gmt":"2025-03-09T21:53:40","guid":{"rendered":"https:\/\/proliquidpc.com\/?post_type=product&#038;p=10807"},"modified":"2025-09-21T10:55:05","modified_gmt":"2025-09-21T14:55:05","slug":"fitting-de-bouchon-de-barrow-avec-fente-pour-piece-de-monnaie-tzs1-a02-argent","status":"publish","type":"product","link":"https:\/\/proliquidpc.com\/fr\/boutique\/fittings\/bouchon\/fitting-de-bouchon-de-barrow-avec-fente-pour-piece-de-monnaie-tzs1-a02-argent\/","title":{"rendered":"Fitting bouchon de Barrow avec fente pour pi\u00e8ce de monnaie &#8211; TZS1-A02 &#8211; ARGENT"},"content":{"rendered":"<p>Id\u00e9al pour les r\u00e9servoirs qui utilisent un filetage G1\/4&Prime;.<\/p>\n","protected":false},"excerpt":{"rendered":"<p>Id\u00e9al pour les r\u00e9servoirs qui utilisent un filetage G1\/4&Prime;.<\/p>\n","protected":false},"featured_media":10808,"template":"","meta":{"_genesis_hide_title":false,"_genesis_hide_breadcrumbs":false,"_genesis_hide_singular_image":false,"_genesis_hide_footer_widgets":false,"_genesis_custom_body_class":"","_genesis_custom_post_class":"","_genesis_layout":""},"product_brand":[233],"product_cat":[35,29],"product_tag":[],"class_list":{"0":"post-10807","1":"product","2":"type-product","3":"status-publish","4":"has-post-thumbnail","6":"product_brand-barrow","7":"product_cat-bouchon","8":"product_cat-fittings","9":"entry","11":"first","12":"instock","13":"taxable","14":"shipping-taxable","15":"purchasable","16":"product-type-simple"},"_links":{"self":[{"href":"https:\/\/proliquidpc.com\/fr\/wp-json\/wp\/v2\/product\/10807","targetHints":{"allow":["GET"]}}],"collection":[{"href":"https:\/\/proliquidpc.com\/fr\/wp-json\/wp\/v2\/product"}],"about":[{"href":"https:\/\/proliquidpc.com\/fr\/wp-json\/wp\/v2\/types\/product"}],"wp:featuredmedia":[{"embeddable":true,"href":"https:\/\/proliquidpc.com\/fr\/wp-json\/wp\/v2\/media\/10808"}],"wp:attachment":[{"href":"https:\/\/proliquidpc.com\/fr\/wp-json\/wp\/v2\/media?parent=10807"}],"wp:term":[{"taxonomy":"product_brand","embeddable":true,"href":"https:\/\/proliquidpc.com\/fr\/wp-json\/wp\/v2\/product_brand?post=10807"},{"taxonomy":"product_cat","embeddable":true,"href":"https:\/\/proliquidpc.com\/fr\/wp-json\/wp\/v2\/product_cat?post=10807"},{"taxonomy":"product_tag","embeddable":true,"href":"https:\/\/proliquidpc.com\/fr\/wp-json\/wp\/v2\/product_tag?post=10807"}],"curies":[{"name":"wp","href":"https:\/\/api.w.org\/{rel}","templated":true}]}}