{"id":10854,"date":"2025-03-09T21:52:39","date_gmt":"2025-03-10T01:52:39","guid":{"rendered":"https:\/\/proliquidpc.com\/?post_type=product&#038;p=10854"},"modified":"2025-03-20T23:12:09","modified_gmt":"2025-03-21T03:12:09","slug":"fitting-rotatif-separateur-a-3-voies-de-barrow-tx3t-a01-noir","status":"publish","type":"product","link":"https:\/\/proliquidpc.com\/fr\/boutique\/fittings\/3-way-4-way-5-way\/fitting-rotatif-separateur-a-3-voies-de-barrow-tx3t-a01-noir\/","title":{"rendered":"Fitting rotatif s\u00e9parateur \u00e0 3 voies de Barrow &#8211; TX3T-A01 &#8211; NOIR"},"content":{"rendered":"<p>Un ajustement g\u00e9n\u00e9ralis\u00e9, utile pour une myriade d\u2019options ; y compris la mise en place d\u2019une valve, le fractionnement de l\u2019\u00e9coulement du liquide, les virages serr\u00e9s, etc.<\/p>\n<p>Une extr\u00e9mit\u00e9 est G1\/4&Prime; m\u00e2le rotative et les autres extr\u00e9mit\u00e9s sont G1\/4&Prime; femelle.<\/p>\n<p>Le fitting peut \u00eatre utilis\u00e9 avec n\u2019importe quel fitting filet\u00e9 G1 \/4&Prime;.<\/p>\n","protected":false},"excerpt":{"rendered":"<p>Un ajustement g\u00e9n\u00e9ralis\u00e9, utile pour une myriade d\u2019options ; y compris la mise en place d\u2019une valve, le fractionnement de l\u2019\u00e9coulement du liquide, les virages serr\u00e9s, etc. Une extr\u00e9mit\u00e9 est G1\/4&Prime; m\u00e2le rotative et les autres extr\u00e9mit\u00e9s sont G1\/4&Prime; femelle. Le fitting peut \u00eatre utilis\u00e9 avec n\u2019importe quel fitting filet\u00e9 G1 \/4&Prime;.<\/p>\n","protected":false},"featured_media":10856,"template":"","meta":{"_genesis_hide_title":false,"_genesis_hide_breadcrumbs":false,"_genesis_hide_singular_image":false,"_genesis_hide_footer_widgets":false,"_genesis_custom_body_class":"","_genesis_custom_post_class":"","_genesis_layout":""},"product_brand":[233],"product_cat":[51,29],"product_tag":[],"class_list":{"0":"post-10854","1":"product","2":"type-product","3":"status-publish","4":"has-post-thumbnail","6":"product_brand-barrow","7":"product_cat-3-way-4-way-5-way","8":"product_cat-fittings","9":"entry","11":"first","12":"instock","13":"taxable","14":"shipping-taxable","15":"purchasable","16":"product-type-simple"},"_links":{"self":[{"href":"https:\/\/proliquidpc.com\/fr\/wp-json\/wp\/v2\/product\/10854","targetHints":{"allow":["GET"]}}],"collection":[{"href":"https:\/\/proliquidpc.com\/fr\/wp-json\/wp\/v2\/product"}],"about":[{"href":"https:\/\/proliquidpc.com\/fr\/wp-json\/wp\/v2\/types\/product"}],"wp:featuredmedia":[{"embeddable":true,"href":"https:\/\/proliquidpc.com\/fr\/wp-json\/wp\/v2\/media\/10856"}],"wp:attachment":[{"href":"https:\/\/proliquidpc.com\/fr\/wp-json\/wp\/v2\/media?parent=10854"}],"wp:term":[{"taxonomy":"product_brand","embeddable":true,"href":"https:\/\/proliquidpc.com\/fr\/wp-json\/wp\/v2\/product_brand?post=10854"},{"taxonomy":"product_cat","embeddable":true,"href":"https:\/\/proliquidpc.com\/fr\/wp-json\/wp\/v2\/product_cat?post=10854"},{"taxonomy":"product_tag","embeddable":true,"href":"https:\/\/proliquidpc.com\/fr\/wp-json\/wp\/v2\/product_tag?post=10854"}],"curies":[{"name":"wp","href":"https:\/\/api.w.org\/{rel}","templated":true}]}}