{"id":10928,"date":"2025-03-10T03:49:15","date_gmt":"2025-03-10T07:49:15","guid":{"rendered":"https:\/\/proliquidpc.com\/boutique\/non class\u00e9\/bykski-valve-de-surpression-dechappement-b-exv-x-v2-noire\/"},"modified":"2025-03-10T03:49:15","modified_gmt":"2025-03-10T07:49:15","slug":"bykski-valve-de-surpression-dechappement-b-exv-x-v2-noire","status":"publish","type":"product","link":"https:\/\/proliquidpc.com\/fr\/boutique\/fittings\/bouchon\/bykski-valve-de-surpression-dechappement-b-exv-x-v2-noire\/","title":{"rendered":"Bykski Valve de surpression d&rsquo;\u00e9chappement B-EXV-X-V2 NOIRE"},"content":{"rendered":"<p>La soupape de surpression d&rsquo;\u00e9chappement Bykski G 1\/4 (B-EXV-X-V2) est con\u00e7ue pour att\u00e9nuer les risques associ\u00e9s \u00e0 l&rsquo;accumulation de pression dans votre syst\u00e8me de refroidissement. C&rsquo;est une mesure de s\u00e9curit\u00e9 vitale, emp\u00eachant les fuites catastrophiques qui peuvent compromettre l&rsquo;ensemble de votre configuration. Avec cet \u00e9l\u00e9ment remarquable en place, vous pouvez repousser les limites des capacit\u00e9s de refroidissement de votre syst\u00e8me en toute confiance sans vous soucier des dommages potentiels. Con\u00e7ue pour \u00eatre facile \u00e0 utiliser, elle assure une installation sans tracas, vous permettant de l&rsquo;int\u00e9grer rapidement \u00e0 votre boucle de refroidissement existante.<\/p>\n<p><strong>Sp\u00e9cifications<\/strong><\/p>\n<ul>\n<li>Filetage : G 1\/4<\/li>\n<li>Dimensions : 21mm x 21mm x 15mm<\/li>\n<li>Mat\u00e9riau du raccord : Laiton plaqu\u00e9<\/li>\n<\/ul>\n<p><strong>Compatibilit\u00e9<\/strong><\/p>\n<ul>\n<li>Boucle : Non en aluminium<\/li>\n<\/ul>\n<p><strong>Pi\u00e8ce incluse<\/strong><\/p>\n<ul>\n<li>1x soupape de surpression d&rsquo;\u00e9chappement G 1\/4 pouces (B-EXV-X-V2)<\/li>\n<\/ul>\n<p><strong>Avertissements<\/strong><\/p>\n<p>Non responsable de tout dommage caus\u00e9 par ou lors de l&rsquo;utilisation de ce produit.<\/p>\n","protected":false},"excerpt":{"rendered":"<p>La soupape de surpression d&rsquo;\u00e9chappement Bykski G 1\/4 (B-EXV-X-V2) est con\u00e7ue pour att\u00e9nuer les risques associ\u00e9s \u00e0 l&rsquo;accumulation de pression dans votre syst\u00e8me de refroidissement. C&rsquo;est une mesure de s\u00e9curit\u00e9 vitale, emp\u00eachant les fuites catastrophiques qui peuvent compromettre l&rsquo;ensemble de votre configuration. Avec cet \u00e9l\u00e9ment remarquable en place, vous pouvez repousser les limites des capacit\u00e9s [&hellip;]<\/p>\n","protected":false},"featured_media":10914,"template":"","meta":{"_genesis_hide_title":false,"_genesis_hide_breadcrumbs":false,"_genesis_hide_singular_image":false,"_genesis_hide_footer_widgets":false,"_genesis_custom_body_class":"","_genesis_custom_post_class":"","_genesis_layout":""},"product_brand":[],"product_cat":[35,29],"product_tag":[],"class_list":{"0":"post-10928","1":"product","2":"type-product","3":"status-publish","4":"has-post-thumbnail","6":"product_cat-bouchon","7":"product_cat-fittings","8":"entry","10":"first","11":"instock","12":"taxable","13":"shipping-taxable","14":"purchasable","15":"product-type-simple"},"_links":{"self":[{"href":"https:\/\/proliquidpc.com\/fr\/wp-json\/wp\/v2\/product\/10928","targetHints":{"allow":["GET"]}}],"collection":[{"href":"https:\/\/proliquidpc.com\/fr\/wp-json\/wp\/v2\/product"}],"about":[{"href":"https:\/\/proliquidpc.com\/fr\/wp-json\/wp\/v2\/types\/product"}],"wp:featuredmedia":[{"embeddable":true,"href":"https:\/\/proliquidpc.com\/fr\/wp-json\/wp\/v2\/media\/10914"}],"wp:attachment":[{"href":"https:\/\/proliquidpc.com\/fr\/wp-json\/wp\/v2\/media?parent=10928"}],"wp:term":[{"taxonomy":"product_brand","embeddable":true,"href":"https:\/\/proliquidpc.com\/fr\/wp-json\/wp\/v2\/product_brand?post=10928"},{"taxonomy":"product_cat","embeddable":true,"href":"https:\/\/proliquidpc.com\/fr\/wp-json\/wp\/v2\/product_cat?post=10928"},{"taxonomy":"product_tag","embeddable":true,"href":"https:\/\/proliquidpc.com\/fr\/wp-json\/wp\/v2\/product_tag?post=10928"}],"curies":[{"name":"wp","href":"https:\/\/api.w.org\/{rel}","templated":true}]}}