{"id":10930,"date":"2025-03-09T21:16:45","date_gmt":"2025-03-10T01:16:45","guid":{"rendered":"https:\/\/proliquidpc.com\/boutique\/non class\u00e9\/barrow-adaptateur-multi-link-a-double-tete-pour-tube-rigide-90-12mm-twt90kns-k12-noir\/"},"modified":"2025-03-09T21:16:45","modified_gmt":"2025-03-10T01:16:45","slug":"barrow-adaptateur-multi-link-a-double-tete-pour-tube-rigide-90-12mm-twt90kns-k12-noir","status":"publish","type":"product","link":"https:\/\/proliquidpc.com\/fr\/boutique\/fittings\/hard-fittings-12mm\/barrow-adaptateur-multi-link-a-double-tete-pour-tube-rigide-90-12mm-twt90kns-k12-noir\/","title":{"rendered":"Barrow Adaptateur Multi-Link \u00e0 Double T\u00eate pour Tube Rigide 90\u00b0 12MM TWT90KNS-K12 Noir"},"content":{"rendered":"<p>Effectuez des virages \u00e0 90 degr\u00e9s dans votre syst\u00e8me de tubes rigides sans avoir \u00e0 plier ou risquer de casser vos tubes!<\/p>\n<p>Convient \u00e0 tous les tubes rigides de 12mm de diam\u00e8tre ext\u00e9rieur et les maintient fermement en place sans fuite ni rupture de joints!<\/p>\n<p>Veuillez noter : Ce fitting fonctionne uniquement avec des tubes rigides de 12mm de diam\u00e8tre ext\u00e9rieur et ne fonctionne pas avec des tubes souples standard ou des tubes rigides d&rsquo;autres tailles!<\/p>\n","protected":false},"excerpt":{"rendered":"<p>Effectuez des virages \u00e0 90 degr\u00e9s dans votre syst\u00e8me de tubes rigides sans avoir \u00e0 plier ou risquer de casser vos tubes! Convient \u00e0 tous les tubes rigides de 12mm de diam\u00e8tre ext\u00e9rieur et les maintient fermement en place sans fuite ni rupture de joints! Veuillez noter : Ce fitting fonctionne uniquement avec des tubes [&hellip;]<\/p>\n","protected":false},"featured_media":10841,"template":"","meta":{"_genesis_hide_title":false,"_genesis_hide_breadcrumbs":false,"_genesis_hide_singular_image":false,"_genesis_hide_footer_widgets":false,"_genesis_custom_body_class":"","_genesis_custom_post_class":"","_genesis_layout":""},"product_brand":[],"product_cat":[29,81],"product_tag":[],"class_list":{"0":"post-10930","1":"product","2":"type-product","3":"status-publish","4":"has-post-thumbnail","6":"product_cat-fittings","7":"product_cat-hard-fittings-12mm","8":"entry","10":"first","11":"instock","12":"taxable","13":"shipping-taxable","14":"purchasable","15":"product-type-simple"},"_links":{"self":[{"href":"https:\/\/proliquidpc.com\/fr\/wp-json\/wp\/v2\/product\/10930","targetHints":{"allow":["GET"]}}],"collection":[{"href":"https:\/\/proliquidpc.com\/fr\/wp-json\/wp\/v2\/product"}],"about":[{"href":"https:\/\/proliquidpc.com\/fr\/wp-json\/wp\/v2\/types\/product"}],"wp:featuredmedia":[{"embeddable":true,"href":"https:\/\/proliquidpc.com\/fr\/wp-json\/wp\/v2\/media\/10841"}],"wp:attachment":[{"href":"https:\/\/proliquidpc.com\/fr\/wp-json\/wp\/v2\/media?parent=10930"}],"wp:term":[{"taxonomy":"product_brand","embeddable":true,"href":"https:\/\/proliquidpc.com\/fr\/wp-json\/wp\/v2\/product_brand?post=10930"},{"taxonomy":"product_cat","embeddable":true,"href":"https:\/\/proliquidpc.com\/fr\/wp-json\/wp\/v2\/product_cat?post=10930"},{"taxonomy":"product_tag","embeddable":true,"href":"https:\/\/proliquidpc.com\/fr\/wp-json\/wp\/v2\/product_tag?post=10930"}],"curies":[{"name":"wp","href":"https:\/\/api.w.org\/{rel}","templated":true}]}}