{"id":10933,"date":"2025-03-09T17:29:23","date_gmt":"2025-03-09T21:29:23","guid":{"rendered":"https:\/\/proliquidpc.com\/boutique\/non class\u00e9\/bykski-fitting-de-tampon-de-debit-deau-pour-reservoir-argent-b-tspd5\/"},"modified":"2025-03-09T17:29:23","modified_gmt":"2025-03-09T21:29:23","slug":"bykski-fitting-de-tampon-de-debit-deau-pour-reservoir-argent-b-tspd5","status":"publish","type":"product","link":"https:\/\/proliquidpc.com\/fr\/boutique\/fittings\/bouchon\/bykski-fitting-de-tampon-de-debit-deau-pour-reservoir-argent-b-tspd5\/","title":{"rendered":"Bykski Fitting de tampon de d\u00e9bit d\u2019eau pour r\u00e9servoir &#8211; Argent B-TSPD5"},"content":{"rendered":"<p>Vous en avez assez des syst\u00e8mes de refroidissement par eau bruyants ? Ce fitting de tampon de d\u00e9bit d&rsquo;eau pour r\u00e9servoir Bykski vient \u00e0 la rescousse avec sa technologie efficace de d\u00e9viation du d\u00e9bit d&rsquo;eau. En d\u00e9tournant le flux d&rsquo;eau en interne, ce fitting r\u00e9duit efficacement les niveaux de bruit, cr\u00e9ant un environnement informatique plus serein pour travailler ou jouer en toute tranquillit\u00e9.<\/p>\n<p>En plus de r\u00e9duire le bruit, ce fitting aide \u00e9galement \u00e0 r\u00e9soudre le probl\u00e8me courant de la formation de bulles dans les boucles de refroidissement. Dites adieu aux bulles perturbatrices qui nuisent \u00e0 l&rsquo;efficacit\u00e9 de votre refroidissement. Le fitting interne de tampon de d\u00e9bit d&rsquo;eau Bykski assure une circulation d&rsquo;eau fluide, maximisant les performances de refroidissement et maintenant des temp\u00e9ratures optimales pour votre mat\u00e9riel pr\u00e9cieux.<\/p>\n<p><strong>Caract\u00e9ristiques<\/strong><\/p>\n<ul>\n<li>Filetage : G1\/4<\/li>\n<\/ul>\n<p><strong>Sp\u00e9cifications<\/strong><\/p>\n<ul>\n<li>Filetage : G1\/4<\/li>\n<li>Couleur : Argent<\/li>\n<li>Mat\u00e9riau : Laiton \u00e9lectrolytique<\/li>\n<li>Marque : Bykski<\/li>\n<\/ul>\n<p><strong>Pi\u00e8ces incluses<\/strong><\/p>\n<ul>\n<li>1x fitting interne de tampon de d\u00e9bit d&rsquo;eau pour r\u00e9servoir Bykski<\/li>\n<\/ul>\n","protected":false},"excerpt":{"rendered":"<p>Vous en avez assez des syst\u00e8mes de refroidissement par eau bruyants ? Ce fitting de tampon de d\u00e9bit d&rsquo;eau pour r\u00e9servoir Bykski vient \u00e0 la rescousse avec sa technologie efficace de d\u00e9viation du d\u00e9bit d&rsquo;eau. En d\u00e9tournant le flux d&rsquo;eau en interne, ce fitting r\u00e9duit efficacement les niveaux de bruit, cr\u00e9ant un environnement informatique plus [&hellip;]<\/p>\n","protected":false},"featured_media":10800,"template":"","meta":{"_genesis_hide_title":false,"_genesis_hide_breadcrumbs":false,"_genesis_hide_singular_image":false,"_genesis_hide_footer_widgets":false,"_genesis_custom_body_class":"","_genesis_custom_post_class":"","_genesis_layout":""},"product_brand":[],"product_cat":[35,29],"product_tag":[],"class_list":{"0":"post-10933","1":"product","2":"type-product","3":"status-publish","4":"has-post-thumbnail","6":"product_cat-bouchon","7":"product_cat-fittings","8":"entry","10":"first","11":"instock","12":"taxable","13":"shipping-taxable","14":"purchasable","15":"product-type-simple"},"_links":{"self":[{"href":"https:\/\/proliquidpc.com\/fr\/wp-json\/wp\/v2\/product\/10933","targetHints":{"allow":["GET"]}}],"collection":[{"href":"https:\/\/proliquidpc.com\/fr\/wp-json\/wp\/v2\/product"}],"about":[{"href":"https:\/\/proliquidpc.com\/fr\/wp-json\/wp\/v2\/types\/product"}],"wp:featuredmedia":[{"embeddable":true,"href":"https:\/\/proliquidpc.com\/fr\/wp-json\/wp\/v2\/media\/10800"}],"wp:attachment":[{"href":"https:\/\/proliquidpc.com\/fr\/wp-json\/wp\/v2\/media?parent=10933"}],"wp:term":[{"taxonomy":"product_brand","embeddable":true,"href":"https:\/\/proliquidpc.com\/fr\/wp-json\/wp\/v2\/product_brand?post=10933"},{"taxonomy":"product_cat","embeddable":true,"href":"https:\/\/proliquidpc.com\/fr\/wp-json\/wp\/v2\/product_cat?post=10933"},{"taxonomy":"product_tag","embeddable":true,"href":"https:\/\/proliquidpc.com\/fr\/wp-json\/wp\/v2\/product_tag?post=10933"}],"curies":[{"name":"wp","href":"https:\/\/api.w.org\/{rel}","templated":true}]}}