{"id":10936,"date":"2025-03-10T02:21:59","date_gmt":"2025-03-10T06:21:59","guid":{"rendered":"https:\/\/proliquidpc.com\/boutique\/non class\u00e9\/bykski-fitting-pour-tube-rigide-12mm-id-x-16mm-od-avec-rgb-adressable-rbw-b-ltjt-x-16-noir\/"},"modified":"2025-03-10T02:21:59","modified_gmt":"2025-03-10T06:21:59","slug":"bykski-fitting-pour-tube-rigide-12mm-id-x-16mm-od-avec-rgb-adressable-rbw-b-ltjt-x-16-noir","status":"publish","type":"product","link":"https:\/\/proliquidpc.com\/fr\/boutique\/fittings\/hard-fittings-16mm\/bykski-fitting-pour-tube-rigide-12mm-id-x-16mm-od-avec-rgb-adressable-rbw-b-ltjt-x-16-noir\/","title":{"rendered":"Bykski  Fitting pour tube rigide 12mm ID x 16mm OD avec RGB Adressable (RBW) B-LTJT-X-16 Noir"},"content":{"rendered":"<p>Le fitting Bykski rigide de 12mm de diam\u00e8tre int\u00e9rieur x 16mm de diam\u00e8tre ext\u00e9rieur avec RGB adressable (RBW) est utilis\u00e9 pour les tubes rigides de 12mm de diam\u00e8tre int\u00e9rieur x 16mm de diam\u00e8tre ext\u00e9rieur. En raison du joint int\u00e9rieur et ext\u00e9rieur, ce fitting fonctionne uniquement avec des tubes de 12&#215;16. De l\u00e9g\u00e8res variations dans le diam\u00e8tre int\u00e9rieur et ext\u00e9rieur du tube peuvent emp\u00eacher le raccord de bien sceller. Ce fitting vous permet de connecter des tubes \u00e0 des ports de raccord G 1\/4 de mani\u00e8re s\u00e9curis\u00e9e et dispose d&rsquo;une LED RGB adressable int\u00e9gr\u00e9e.<\/p>\n<p><strong>Caract\u00e9ristiques<\/strong><\/p>\n<ul>\n<li>Filetage : G 1\/4<\/li>\n<\/ul>\n<p><strong>Sp\u00e9cifications<\/strong><\/p>\n<ul>\n<li>Mod\u00e8le : B-LTJT-X-16<\/li>\n<li>Marque : Bykski<\/li>\n<li>Alimentation : 5v Bykski 3 broches RBW<\/li>\n<\/ul>\n<p><strong>Compatibilit\u00e9<\/strong><\/p>\n<ul>\n<li>Boucle : Non en aluminium<\/li>\n<li>Tube compatible : Tubes rigides de 12mm de diam\u00e8tre int\u00e9rieur x 16mm de diam\u00e8tre ext\u00e9rieur (PETG\/Acrylique)<\/li>\n<li>Contr\u00f4leurs et adaptateurs : B-RBW-C8-V3 et plus r\u00e9cents, B-TR-1T016-K<\/li>\n<\/ul>\n<p><strong>Pi\u00e8ces incluses<\/strong><\/p>\n<ul>\n<li>1x fitting Bykski rigide de 12mm de diam\u00e8tre int\u00e9rieur x 16mm de diam\u00e8tre ext\u00e9rieur avec RGB adressable (RBW)<\/li>\n<\/ul>\n<p><strong>Avertissements<\/strong> Non responsable de tout dommage caus\u00e9 par ou lors de l&rsquo;utilisation de ce produit. Utilisez \u00e0 vos propres risques.<\/p>\n","protected":false},"excerpt":{"rendered":"<p>Le fitting Bykski rigide de 12mm de diam\u00e8tre int\u00e9rieur x 16mm de diam\u00e8tre ext\u00e9rieur avec RGB adressable (RBW) est utilis\u00e9 pour les tubes rigides de 12mm de diam\u00e8tre int\u00e9rieur x 16mm de diam\u00e8tre ext\u00e9rieur. En raison du joint int\u00e9rieur et ext\u00e9rieur, ce fitting fonctionne uniquement avec des tubes de 12&#215;16. De l\u00e9g\u00e8res variations dans le [&hellip;]<\/p>\n","protected":false},"featured_media":10863,"template":"","meta":{"_genesis_hide_title":false,"_genesis_hide_breadcrumbs":false,"_genesis_hide_singular_image":false,"_genesis_hide_footer_widgets":false,"_genesis_custom_body_class":"","_genesis_custom_post_class":"","_genesis_layout":""},"product_brand":[],"product_cat":[29,61],"product_tag":[],"class_list":{"0":"post-10936","1":"product","2":"type-product","3":"status-publish","4":"has-post-thumbnail","6":"product_cat-fittings","7":"product_cat-hard-fittings-16mm","8":"entry","10":"first","11":"instock","12":"taxable","13":"shipping-taxable","14":"purchasable","15":"product-type-simple"},"_links":{"self":[{"href":"https:\/\/proliquidpc.com\/fr\/wp-json\/wp\/v2\/product\/10936","targetHints":{"allow":["GET"]}}],"collection":[{"href":"https:\/\/proliquidpc.com\/fr\/wp-json\/wp\/v2\/product"}],"about":[{"href":"https:\/\/proliquidpc.com\/fr\/wp-json\/wp\/v2\/types\/product"}],"wp:featuredmedia":[{"embeddable":true,"href":"https:\/\/proliquidpc.com\/fr\/wp-json\/wp\/v2\/media\/10863"}],"wp:attachment":[{"href":"https:\/\/proliquidpc.com\/fr\/wp-json\/wp\/v2\/media?parent=10936"}],"wp:term":[{"taxonomy":"product_brand","embeddable":true,"href":"https:\/\/proliquidpc.com\/fr\/wp-json\/wp\/v2\/product_brand?post=10936"},{"taxonomy":"product_cat","embeddable":true,"href":"https:\/\/proliquidpc.com\/fr\/wp-json\/wp\/v2\/product_cat?post=10936"},{"taxonomy":"product_tag","embeddable":true,"href":"https:\/\/proliquidpc.com\/fr\/wp-json\/wp\/v2\/product_tag?post=10936"}],"curies":[{"name":"wp","href":"https:\/\/api.w.org\/{rel}","templated":true}]}}