{"id":10938,"date":"2025-03-06T03:49:08","date_gmt":"2025-03-06T08:49:08","guid":{"rendered":"https:\/\/proliquidpc.com\/boutique\/non class\u00e9\/barrow-adaptateur-reducteur-1-2-a-3-8-tbjb3-4\/"},"modified":"2025-03-06T03:49:08","modified_gmt":"2025-03-06T08:49:08","slug":"barrow-adaptateur-reducteur-1-2-a-3-8-tbjb3-4","status":"publish","type":"product","link":"https:\/\/proliquidpc.com\/fr\/boutique\/fittings\/soft-fitting-1-2-id-x-3-4-od\/barrow-adaptateur-reducteur-1-2-a-3-8-tbjb3-4\/","title":{"rendered":"Barrow Adaptateur r\u00e9ducteur 1\/2&Prime; \u00e0 3\/8&Prime; TBJB3-4"},"content":{"rendered":"<p>Tu as besoin de connecter des tubes de diff\u00e9rentes tailles dans ta Loop?<\/p>\n<p>Utilise ce fitting r\u00e9ducteur pour joindre des tuyaux souples de 1\/2\u201d de diam\u00e8tre int\u00e9rieur \u00e0 des tuyaux de 3\/8\u201d de diam\u00e8tre int\u00e9rieur.<\/p>\n<p>Les embouts sur le fitting assurent une connexion s\u00e9curis\u00e9e sans avoir besoin de colliers de serrage, bien qu&rsquo;ils puissent \u00eatre utilis\u00e9s en compl\u00e9ment pour plus de tranquillit\u00e9 d&rsquo;esprit.<\/p>\n<p>Fabriqu\u00e9 en laiton de haute qualit\u00e9.<\/p>\n","protected":false},"excerpt":{"rendered":"<p>Tu as besoin de connecter des tubes de diff\u00e9rentes tailles dans ta Loop? Utilise ce fitting r\u00e9ducteur pour joindre des tuyaux souples de 1\/2\u201d de diam\u00e8tre int\u00e9rieur \u00e0 des tuyaux de 3\/8\u201d de diam\u00e8tre int\u00e9rieur. Les embouts sur le fitting assurent une connexion s\u00e9curis\u00e9e sans avoir besoin de colliers de serrage, bien qu&rsquo;ils puissent \u00eatre [&hellip;]<\/p>\n","protected":false},"featured_media":10766,"template":"","meta":{"_genesis_hide_title":false,"_genesis_hide_breadcrumbs":false,"_genesis_hide_singular_image":false,"_genesis_hide_footer_widgets":false,"_genesis_custom_body_class":"","_genesis_custom_post_class":"","_genesis_layout":""},"product_brand":[],"product_cat":[29,86,84,85],"product_tag":[],"class_list":{"0":"post-10938","1":"product","2":"type-product","3":"status-publish","4":"has-post-thumbnail","6":"product_cat-fittings","7":"product_cat-soft-fitting-1-2-id-x-3-4-od","8":"product_cat-soft-fitting-3-8-id-x-1-2-od","9":"product_cat-soft-fitting-3-8-id-x-5-8-od","10":"entry","12":"first","13":"instock","14":"taxable","15":"shipping-taxable","16":"purchasable","17":"product-type-simple"},"_links":{"self":[{"href":"https:\/\/proliquidpc.com\/fr\/wp-json\/wp\/v2\/product\/10938","targetHints":{"allow":["GET"]}}],"collection":[{"href":"https:\/\/proliquidpc.com\/fr\/wp-json\/wp\/v2\/product"}],"about":[{"href":"https:\/\/proliquidpc.com\/fr\/wp-json\/wp\/v2\/types\/product"}],"wp:featuredmedia":[{"embeddable":true,"href":"https:\/\/proliquidpc.com\/fr\/wp-json\/wp\/v2\/media\/10766"}],"wp:attachment":[{"href":"https:\/\/proliquidpc.com\/fr\/wp-json\/wp\/v2\/media?parent=10938"}],"wp:term":[{"taxonomy":"product_brand","embeddable":true,"href":"https:\/\/proliquidpc.com\/fr\/wp-json\/wp\/v2\/product_brand?post=10938"},{"taxonomy":"product_cat","embeddable":true,"href":"https:\/\/proliquidpc.com\/fr\/wp-json\/wp\/v2\/product_cat?post=10938"},{"taxonomy":"product_tag","embeddable":true,"href":"https:\/\/proliquidpc.com\/fr\/wp-json\/wp\/v2\/product_tag?post=10938"}],"curies":[{"name":"wp","href":"https:\/\/api.w.org\/{rel}","templated":true}]}}