{"id":10939,"date":"2025-03-03T03:37:29","date_gmt":"2025-03-03T08:37:29","guid":{"rendered":"https:\/\/proliquidpc.com\/boutique\/non%20class\u00e9\/granzon-fitting-coude-rotatif-multidirectionnel-granzon-g1-4-male-a-femelle-gd-x-argent\/"},"modified":"2025-03-10T20:44:26","modified_gmt":"2025-03-11T00:44:26","slug":"granzon-fitting-coude-rotatif-multidirectionnel-granzon-g1-4-male-a-femelle-gd-x-argent","status":"publish","type":"product","link":"https:\/\/proliquidpc.com\/fr\/boutique\/fittings\/45-90-190\/granzon-fitting-coude-rotatif-multidirectionnel-granzon-g1-4-male-a-femelle-gd-x-argent\/","title":{"rendered":"Granzon Fitting coud\u00e9 rotatif multidirectionnel Granzon G1\/4 m\u00e2le \u00e0 femelle GD-X Argent"},"content":{"rendered":"<p>Le fitting coud\u00e9 rotatif multidirectionnel Granzon G1\/4 m\u00e2le \u00e0 femelle est une solution pivotante \u00e0 360 degr\u00e9s pour changer rapidement de direction dans votre loop. Ce coude rotatif peut \u00eatre positionn\u00e9 jusqu&rsquo;\u00e0 41 degr\u00e9s par rapport au centre dans n&rsquo;importe quelle direction.<\/p>\n<p><strong>Sp\u00e9cifications<\/strong><\/p>\n<ul>\n<li>Filetage : G 1\/4<\/li>\n<\/ul>\n<p><strong>Compatibilit\u00e9<\/strong><\/p>\n<ul>\n<li>Boucle : Non-Aluminium<\/li>\n<\/ul>\n<p><strong>Pi\u00e8ces incluses<\/strong><\/p>\n<ul>\n<li>1x Fitting coud\u00e9 rotatif multidirectionnel Granzon G1\/4 m\u00e2le \u00e0 femelle<\/li>\n<\/ul>\n<p><strong>Avertissements<\/strong><\/p>\n<ul>\n<li>Non responsable des dommages mat\u00e9riels. Utilisez \u00e0 vos propres risques.<\/li>\n<\/ul>\n","protected":false},"excerpt":{"rendered":"<p>Le fitting coud\u00e9 rotatif multidirectionnel Granzon G1\/4 m\u00e2le \u00e0 femelle est une solution pivotante \u00e0 360 degr\u00e9s pour changer rapidement de direction dans votre loop. Ce coude rotatif peut \u00eatre positionn\u00e9 jusqu&rsquo;\u00e0 41 degr\u00e9s par rapport au centre dans n&rsquo;importe quelle direction. Sp\u00e9cifications Filetage : G 1\/4 Compatibilit\u00e9 Boucle : Non-Aluminium Pi\u00e8ces incluses 1x Fitting [&hellip;]<\/p>\n","protected":false},"featured_media":10669,"template":"","meta":{"_genesis_hide_title":false,"_genesis_hide_breadcrumbs":false,"_genesis_hide_singular_image":false,"_genesis_hide_footer_widgets":false,"_genesis_custom_body_class":"","_genesis_custom_post_class":"","_genesis_layout":""},"product_brand":[],"product_cat":[45,29],"product_tag":[],"class_list":{"0":"post-10939","1":"product","2":"type-product","3":"status-publish","4":"has-post-thumbnail","6":"product_cat-45-90-190","7":"product_cat-fittings","8":"entry","10":"first","11":"instock","12":"taxable","13":"shipping-taxable","14":"purchasable","15":"product-type-simple"},"_links":{"self":[{"href":"https:\/\/proliquidpc.com\/fr\/wp-json\/wp\/v2\/product\/10939","targetHints":{"allow":["GET"]}}],"collection":[{"href":"https:\/\/proliquidpc.com\/fr\/wp-json\/wp\/v2\/product"}],"about":[{"href":"https:\/\/proliquidpc.com\/fr\/wp-json\/wp\/v2\/types\/product"}],"wp:featuredmedia":[{"embeddable":true,"href":"https:\/\/proliquidpc.com\/fr\/wp-json\/wp\/v2\/media\/10669"}],"wp:attachment":[{"href":"https:\/\/proliquidpc.com\/fr\/wp-json\/wp\/v2\/media?parent=10939"}],"wp:term":[{"taxonomy":"product_brand","embeddable":true,"href":"https:\/\/proliquidpc.com\/fr\/wp-json\/wp\/v2\/product_brand?post=10939"},{"taxonomy":"product_cat","embeddable":true,"href":"https:\/\/proliquidpc.com\/fr\/wp-json\/wp\/v2\/product_cat?post=10939"},{"taxonomy":"product_tag","embeddable":true,"href":"https:\/\/proliquidpc.com\/fr\/wp-json\/wp\/v2\/product_tag?post=10939"}],"curies":[{"name":"wp","href":"https:\/\/api.w.org\/{rel}","templated":true}]}}