{"id":10940,"date":"2025-03-06T03:05:07","date_gmt":"2025-03-06T08:05:07","guid":{"rendered":"https:\/\/proliquidpc.com\/boutique\/non class\u00e9\/barrow-adaptateur-multi-link-a-double-tete-pour-tube-rigide-90-14mm-twt90kns-k14\/"},"modified":"2025-03-06T03:05:07","modified_gmt":"2025-03-06T08:05:07","slug":"barrow-adaptateur-multi-link-a-double-tete-pour-tube-rigide-90-14mm-twt90kns-k14","status":"publish","type":"product","link":"https:\/\/proliquidpc.com\/fr\/boutique\/fittings\/hard-fittings-14mm\/barrow-adaptateur-multi-link-a-double-tete-pour-tube-rigide-90-14mm-twt90kns-k14\/","title":{"rendered":"Barrow Adaptateur Multi-Link \u00e0 Double T\u00eate pour Tube Rigide 90\u00b0 14MM TWT90KNS-K14"},"content":{"rendered":"<p>Faites des virages rapides \u00e0 90 degr\u00e9s dans votre syst\u00e8me de tubes rigides sans avoir \u00e0 plier ou risquer de casser votre tuyau!<\/p>\n<p>Convient \u00e0 tous les tuyaux rigides de 14 mm de diam\u00e8tre ext\u00e9rieur et les maintient fermement en place sans fuite ni rupture de joints!<\/p>\n<p>Mat\u00e9riaux :\u00a0Laiton<\/p>\n<p>R\u00e9glementations dentaires : G1\/4<\/p>\n<p>Peut \u00eatre utilis\u00e9 sur des tubes rigides de 14 mm de diam\u00e8tre ext\u00e9rieur.<\/p>\n<p>Peut pivoter \u00e0 360 degr\u00e9s \/ conception maximale du passage d&rsquo;eau<\/p>\n","protected":false},"excerpt":{"rendered":"<p>Faites des virages rapides \u00e0 90 degr\u00e9s dans votre syst\u00e8me de tubes rigides sans avoir \u00e0 plier ou risquer de casser votre tuyau! Convient \u00e0 tous les tuyaux rigides de 14 mm de diam\u00e8tre ext\u00e9rieur et les maintient fermement en place sans fuite ni rupture de joints! Mat\u00e9riaux :\u00a0Laiton R\u00e9glementations dentaires : G1\/4 Peut \u00eatre [&hellip;]<\/p>\n","protected":false},"featured_media":10754,"template":"","meta":{"_genesis_hide_title":false,"_genesis_hide_breadcrumbs":false,"_genesis_hide_singular_image":false,"_genesis_hide_footer_widgets":false,"_genesis_custom_body_class":"","_genesis_custom_post_class":"","_genesis_layout":""},"product_brand":[],"product_cat":[29,34],"product_tag":[],"class_list":{"0":"post-10940","1":"product","2":"type-product","3":"status-publish","4":"has-post-thumbnail","6":"product_cat-fittings","7":"product_cat-hard-fittings-14mm","8":"entry","10":"first","11":"instock","12":"taxable","13":"shipping-taxable","14":"purchasable","15":"product-type-simple"},"_links":{"self":[{"href":"https:\/\/proliquidpc.com\/fr\/wp-json\/wp\/v2\/product\/10940","targetHints":{"allow":["GET"]}}],"collection":[{"href":"https:\/\/proliquidpc.com\/fr\/wp-json\/wp\/v2\/product"}],"about":[{"href":"https:\/\/proliquidpc.com\/fr\/wp-json\/wp\/v2\/types\/product"}],"wp:featuredmedia":[{"embeddable":true,"href":"https:\/\/proliquidpc.com\/fr\/wp-json\/wp\/v2\/media\/10754"}],"wp:attachment":[{"href":"https:\/\/proliquidpc.com\/fr\/wp-json\/wp\/v2\/media?parent=10940"}],"wp:term":[{"taxonomy":"product_brand","embeddable":true,"href":"https:\/\/proliquidpc.com\/fr\/wp-json\/wp\/v2\/product_brand?post=10940"},{"taxonomy":"product_cat","embeddable":true,"href":"https:\/\/proliquidpc.com\/fr\/wp-json\/wp\/v2\/product_cat?post=10940"},{"taxonomy":"product_tag","embeddable":true,"href":"https:\/\/proliquidpc.com\/fr\/wp-json\/wp\/v2\/product_tag?post=10940"}],"curies":[{"name":"wp","href":"https:\/\/api.w.org\/{rel}","templated":true}]}}