{"id":10942,"date":"2025-03-03T03:49:21","date_gmt":"2025-03-03T08:49:21","guid":{"rendered":"https:\/\/proliquidpc.com\/boutique\/non class\u00e9\/bykski-plaque-arriere-de-remplacement-pour-les-blocs-cpu-bykski-socket-lga-1700-intel-12e-13e-14e-gen\/"},"modified":"2025-03-03T03:49:21","modified_gmt":"2025-03-03T08:49:21","slug":"bykski-plaque-arriere-de-remplacement-pour-les-blocs-cpu-bykski-socket-lga-1700-intel-12e-13e-14e-gen","status":"publish","type":"product","link":"https:\/\/proliquidpc.com\/fr\/boutique\/cpu-waterblock\/cpu-intel\/bykski-plaque-arriere-de-remplacement-pour-les-blocs-cpu-bykski-socket-lga-1700-intel-12e-13e-14e-gen\/","title":{"rendered":"Bykski Plaque arri\u00e8re de remplacement pour les blocs CPU Bykski &#8211; Socket LGA 1700 Intel 12e 13e 14e Gen"},"content":{"rendered":"<p>Plaque arri\u00e8re de remplacement pour les blocs CPU Bykski.<\/p>\n<p><strong>Caract\u00e9ristiques<\/strong><\/p>\n<ul>\n<li>Fonctionne pour Intel 12e g\u00e9n\u00e9ration<\/li>\n<\/ul>\n<p><strong>Sp\u00e9cifications<\/strong><\/p>\n<ul>\n<li>Dimensions : 92 mm x 92 mm x 7,3 mm<\/li>\n<li>Socket : LGA 1700<\/li>\n<\/ul>\n<p><strong>Pi\u00e8ces incluses<\/strong><\/p>\n<ul>\n<li>1x Plaque arri\u00e8re Bykski pour blocs CPU Intel &#8211; Socket LGA 1700<\/li>\n<\/ul>\n<p><strong>Avertissements<\/strong><\/p>\n<ul>\n<li>Non responsable des dommages caus\u00e9s par ou lors de l&rsquo;utilisation de ce produit. Veuillez utiliser \u00e0 vos propres risques.<\/li>\n<\/ul>\n","protected":false},"excerpt":{"rendered":"<p>Plaque arri\u00e8re de remplacement pour les blocs CPU Bykski. Caract\u00e9ristiques Fonctionne pour Intel 12e g\u00e9n\u00e9ration Sp\u00e9cifications Dimensions : 92 mm x 92 mm x 7,3 mm Socket : LGA 1700 Pi\u00e8ces incluses 1x Plaque arri\u00e8re Bykski pour blocs CPU Intel &#8211; Socket LGA 1700 Avertissements Non responsable des dommages caus\u00e9s par ou lors de l&rsquo;utilisation [&hellip;]<\/p>\n","protected":false},"featured_media":10672,"template":"","meta":{"_genesis_hide_title":false,"_genesis_hide_breadcrumbs":false,"_genesis_hide_singular_image":false,"_genesis_hide_footer_widgets":false,"_genesis_custom_body_class":"","_genesis_custom_post_class":"","_genesis_layout":""},"product_brand":[],"product_cat":[43,36],"product_tag":[],"class_list":{"0":"post-10942","1":"product","2":"type-product","3":"status-publish","4":"has-post-thumbnail","6":"product_cat-cpu-intel","7":"product_cat-cpu-waterblock","8":"entry","10":"first","11":"instock","12":"taxable","13":"shipping-taxable","14":"purchasable","15":"product-type-simple"},"_links":{"self":[{"href":"https:\/\/proliquidpc.com\/fr\/wp-json\/wp\/v2\/product\/10942","targetHints":{"allow":["GET"]}}],"collection":[{"href":"https:\/\/proliquidpc.com\/fr\/wp-json\/wp\/v2\/product"}],"about":[{"href":"https:\/\/proliquidpc.com\/fr\/wp-json\/wp\/v2\/types\/product"}],"wp:featuredmedia":[{"embeddable":true,"href":"https:\/\/proliquidpc.com\/fr\/wp-json\/wp\/v2\/media\/10672"}],"wp:attachment":[{"href":"https:\/\/proliquidpc.com\/fr\/wp-json\/wp\/v2\/media?parent=10942"}],"wp:term":[{"taxonomy":"product_brand","embeddable":true,"href":"https:\/\/proliquidpc.com\/fr\/wp-json\/wp\/v2\/product_brand?post=10942"},{"taxonomy":"product_cat","embeddable":true,"href":"https:\/\/proliquidpc.com\/fr\/wp-json\/wp\/v2\/product_cat?post=10942"},{"taxonomy":"product_tag","embeddable":true,"href":"https:\/\/proliquidpc.com\/fr\/wp-json\/wp\/v2\/product_tag?post=10942"}],"curies":[{"name":"wp","href":"https:\/\/api.w.org\/{rel}","templated":true}]}}