{"id":10982,"date":"2025-03-11T03:50:43","date_gmt":"2025-03-11T07:50:43","guid":{"rendered":"https:\/\/proliquidpc.com\/?post_type=product&#038;p=10982"},"modified":"2025-03-11T03:53:56","modified_gmt":"2025-03-11T07:53:56","slug":"bykski-fitting-dextension-male-double-mini-b-dtj-mi-noir","status":"publish","type":"product","link":"https:\/\/proliquidpc.com\/fr\/boutique\/fittings\/fitting-spacer\/bykski-fitting-dextension-male-double-mini-b-dtj-mi-noir\/","title":{"rendered":"Bykski Fitting d&rsquo;extension m\u00e2le double &#8211; Mini &#8211; B-DTJ-MI &#8211; Noir"},"content":{"rendered":"<p>Le Fitting d\u2019Extension Double M\u00e2le Bykski G1\/4&Prime; &#8211; Mini est utile pour adapter un fitting femelle \u00e0 un fitting m\u00e2le. Le Fitting peut \u00eatre utilis\u00e9 avec n\u2019importe quel fitting filet\u00e9 G1\/4&Prime;.<\/p>\n<p>Fonctionnalit\u00e9s<br \/>\nDiamant molet\u00e9<br \/>\nUtile pour les virages serr\u00e9s<br \/>\nSp\u00e9cifications<br \/>\nFiletage : G1\/4&Prime;<br \/>\nMat\u00e9riau : Laiton<br \/>\nCompatibilit\u00e9<br \/>\nBoucle : Non-aluminium<br \/>\nPi\u00e8ces incluses<br \/>\n1x Fitting d\u2019extension double m\u00e2le G1\/4&Prime; &#8211; Mini<br \/>\nAvertissements<br \/>\nNous ne sommes pas responsables des dommages caus\u00e9s par ou lors de l\u2019utilisation de ce produit. Utilisez-le \u00e0 vos risques et p\u00e9rils.<\/p>\n","protected":false},"excerpt":{"rendered":"<p>Le Fitting d\u2019Extension Double M\u00e2le Bykski G1\/4&Prime; &#8211; Mini est utile pour adapter un fitting femelle \u00e0 un fitting m\u00e2le. Le Fitting peut \u00eatre utilis\u00e9 avec n\u2019importe quel fitting filet\u00e9 G1\/4&Prime;. Fonctionnalit\u00e9s Diamant molet\u00e9 Utile pour les virages serr\u00e9s Sp\u00e9cifications Filetage : G1\/4&Prime; Mat\u00e9riau : Laiton Compatibilit\u00e9 Boucle : Non-aluminium Pi\u00e8ces incluses 1x Fitting d\u2019extension [&hellip;]<\/p>\n","protected":false},"featured_media":10984,"template":"","meta":{"_genesis_hide_title":false,"_genesis_hide_breadcrumbs":false,"_genesis_hide_singular_image":false,"_genesis_hide_footer_widgets":false,"_genesis_custom_body_class":"","_genesis_custom_post_class":"","_genesis_layout":""},"product_brand":[],"product_cat":[30,29],"product_tag":[],"class_list":{"0":"post-10982","1":"product","2":"type-product","3":"status-publish","4":"has-post-thumbnail","6":"product_cat-fitting-spacer","7":"product_cat-fittings","8":"entry","10":"first","11":"instock","12":"taxable","13":"shipping-taxable","14":"purchasable","15":"product-type-simple"},"_links":{"self":[{"href":"https:\/\/proliquidpc.com\/fr\/wp-json\/wp\/v2\/product\/10982","targetHints":{"allow":["GET"]}}],"collection":[{"href":"https:\/\/proliquidpc.com\/fr\/wp-json\/wp\/v2\/product"}],"about":[{"href":"https:\/\/proliquidpc.com\/fr\/wp-json\/wp\/v2\/types\/product"}],"wp:featuredmedia":[{"embeddable":true,"href":"https:\/\/proliquidpc.com\/fr\/wp-json\/wp\/v2\/media\/10984"}],"wp:attachment":[{"href":"https:\/\/proliquidpc.com\/fr\/wp-json\/wp\/v2\/media?parent=10982"}],"wp:term":[{"taxonomy":"product_brand","embeddable":true,"href":"https:\/\/proliquidpc.com\/fr\/wp-json\/wp\/v2\/product_brand?post=10982"},{"taxonomy":"product_cat","embeddable":true,"href":"https:\/\/proliquidpc.com\/fr\/wp-json\/wp\/v2\/product_cat?post=10982"},{"taxonomy":"product_tag","embeddable":true,"href":"https:\/\/proliquidpc.com\/fr\/wp-json\/wp\/v2\/product_tag?post=10982"}],"curies":[{"name":"wp","href":"https:\/\/api.w.org\/{rel}","templated":true}]}}