{"id":11012,"date":"2025-03-02T02:28:40","date_gmt":"2025-03-02T07:28:40","guid":{"rendered":"https:\/\/proliquidpc.com\/boutique\/non class\u00e9\/barrow-filtre-de-systeme-de-refroidissement-gla-tlb53\/"},"modified":"2025-03-02T02:28:40","modified_gmt":"2025-03-02T07:28:40","slug":"barrow-filtre-de-systeme-de-refroidissement-gla-tlb53","status":"publish","type":"product","link":"https:\/\/proliquidpc.com\/fr\/boutique\/fittings\/valve\/barrow-filtre-de-systeme-de-refroidissement-gla-tlb53\/","title":{"rendered":"Barrow Filtre de syst\u00e8me de refroidissement GLA-TLB53"},"content":{"rendered":"<p><strong>Produit de filtration des impuret\u00e9s<\/strong><\/p>\n<p>Deux fittings d&rsquo;extr\u00e9mit\u00e9 \u00e0 serrer avec une cl\u00e9 hexagonale<\/p>\n<p>Filtre standard en acier inoxydable \u00e0 haut d\u00e9bit<\/p>\n<p>Livr\u00e9 avec un kit d&rsquo;accessoires interchangeable contenant un filtre en acier inoxydable \u00e0 haute filtration rempla\u00e7able par l&rsquo;utilisateur<\/p>\n<p>Fen\u00eatre de visualisation transparente pour un design plus intuitif<\/p>\n<p>Apparence d\u00e9licate, presque brillante comme un miroir<\/p>\n<p>Le rapport texture\/prix d\u00e9passe de loin celui des joints commerciaux g\u00e9n\u00e9raux<\/p>\n<p>M\u00eame avec le meilleur ajustement du syst\u00e8me de refroidissement<\/p>\n<p><strong>Remarque :<\/strong><\/p>\n<ol>\n<li>Il y a l&rsquo;interface \u00e0 l&rsquo;extr\u00e9mit\u00e9 de sortie du filtre, pas d&rsquo;interface \u00e0 l&rsquo;extr\u00e9mit\u00e9 d&rsquo;entr\u00e9e du filtre<\/li>\n<li>L&rsquo;installation initiale des filtres dans le filtre convient \u00e0 l&rsquo;installation initiale du filtre du syst\u00e8me de refroidissement primaire, la taille des pores du filtre \u00e9tant plus grande, le d\u00e9bit d&rsquo;eau n&rsquo;affectant pas le filtre, les v\u00eatements froids, la t\u00eate froide, les r\u00e9servoirs d&rsquo;eau et autres accessoires en m\u00e9tal ou en plastique de qualit\u00e9, jusqu&rsquo;\u00e0 ce que le syst\u00e8me puisse \u00eatre remplac\u00e9 apr\u00e8s un certain temps par le filtre \u00e0 haute filtration du kit d&rsquo;accessoires, l&rsquo;eau propre peut \u00eatre maintenue \u00e0 long terme et \u00e9viter que des objets ou des impuret\u00e9s ne bouchent la t\u00eate froide et ne causent une d\u00e9gradation des performances<\/li>\n<\/ol>\n<p><strong>Mat\u00e9riau :<\/strong>\u00a0Laiton<\/p>\n<p><strong>R\u00e9glementation dentaire :<\/strong>\u00a0G1 \/ 4 (r\u00e9glementation internationale commune)<\/p>\n<p><strong>Quantit\u00e9 :<\/strong>\u00a01 pi\u00e8ce \/ groupe<\/p>\n<p><strong>Dimensions :<\/strong>\u00a043 mm (longueur) * 23 mm (diam\u00e8tre)<\/p>\n<p><strong>Taille du filtre :<\/strong>\u00a030 mesh \/ 60 mesh<\/p>\n<p><strong>Sp\u00e9cifications de l&rsquo;outil cl\u00e9 appropri\u00e9 :<\/strong> 3\/8&Prime;<\/p>\n","protected":false},"excerpt":{"rendered":"<p>Produit de filtration des impuret\u00e9s Deux fittings d&rsquo;extr\u00e9mit\u00e9 \u00e0 serrer avec une cl\u00e9 hexagonale Filtre standard en acier inoxydable \u00e0 haut d\u00e9bit Livr\u00e9 avec un kit d&rsquo;accessoires interchangeable contenant un filtre en acier inoxydable \u00e0 haute filtration rempla\u00e7able par l&rsquo;utilisateur Fen\u00eatre de visualisation transparente pour un design plus intuitif Apparence d\u00e9licate, presque brillante comme un [&hellip;]<\/p>\n","protected":false},"featured_media":10520,"template":"","meta":{"_genesis_hide_title":false,"_genesis_hide_breadcrumbs":false,"_genesis_hide_singular_image":false,"_genesis_hide_footer_widgets":false,"_genesis_custom_body_class":"","_genesis_custom_post_class":"","_genesis_layout":""},"product_brand":[],"product_cat":[29,32],"product_tag":[],"class_list":{"0":"post-11012","1":"product","2":"type-product","3":"status-publish","4":"has-post-thumbnail","6":"product_cat-fittings","7":"product_cat-valve","8":"entry","10":"first","11":"instock","12":"taxable","13":"shipping-taxable","14":"purchasable","15":"product-type-simple"},"_links":{"self":[{"href":"https:\/\/proliquidpc.com\/fr\/wp-json\/wp\/v2\/product\/11012","targetHints":{"allow":["GET"]}}],"collection":[{"href":"https:\/\/proliquidpc.com\/fr\/wp-json\/wp\/v2\/product"}],"about":[{"href":"https:\/\/proliquidpc.com\/fr\/wp-json\/wp\/v2\/types\/product"}],"wp:featuredmedia":[{"embeddable":true,"href":"https:\/\/proliquidpc.com\/fr\/wp-json\/wp\/v2\/media\/10520"}],"wp:attachment":[{"href":"https:\/\/proliquidpc.com\/fr\/wp-json\/wp\/v2\/media?parent=11012"}],"wp:term":[{"taxonomy":"product_brand","embeddable":true,"href":"https:\/\/proliquidpc.com\/fr\/wp-json\/wp\/v2\/product_brand?post=11012"},{"taxonomy":"product_cat","embeddable":true,"href":"https:\/\/proliquidpc.com\/fr\/wp-json\/wp\/v2\/product_cat?post=11012"},{"taxonomy":"product_tag","embeddable":true,"href":"https:\/\/proliquidpc.com\/fr\/wp-json\/wp\/v2\/product_tag?post=11012"}],"curies":[{"name":"wp","href":"https:\/\/api.w.org\/{rel}","templated":true}]}}