{"id":11017,"date":"2025-03-01T12:47:14","date_gmt":"2025-03-01T17:47:14","guid":{"rendered":"https:\/\/proliquidpc.com\/boutique\/non class\u00e9\/barrow-indicateur-de-debit-composite-edition-pour-refroidissement-par-eau-dordinateur-aurora-slfv2-rgb-blanc\/"},"modified":"2025-03-01T12:47:14","modified_gmt":"2025-03-01T17:47:14","slug":"barrow-indicateur-de-debit-composite-edition-pour-refroidissement-par-eau-dordinateur-aurora-slfv2-rgb-blanc","status":"publish","type":"product","link":"https:\/\/proliquidpc.com\/fr\/boutique\/flow-meter-capteur-de-temperature\/barrow-indicateur-de-debit-composite-edition-pour-refroidissement-par-eau-dordinateur-aurora-slfv2-rgb-blanc\/","title":{"rendered":"Barrow Indicateur de d\u00e9bit Composite Edition pour refroidissement par eau d&rsquo;ordinateur Aurora SLFV2-RGB Blanc"},"content":{"rendered":"<p>Le\u00a0<strong>d\u00e9bitm\u00e8tre Barrow LRC 2.0 G1\/4&Prime;<\/strong>\u00a0est une solution parfaite \u00e0 la question \u00e9ternelle \u00ab\u00a0Mon fluide circule-t-il ?\u00a0\u00bb Gr\u00e2ce \u00e0 son bo\u00eetier en cristal clair et \u00e0 son d\u00e9bitm\u00e8tre noir, vous pourrez voir le d\u00e9bit de votre syst\u00e8me avec facilit\u00e9. Et maintenant, avec l&rsquo;ajout de l&rsquo;\u00e9clairage RGB, vous pouvez personnaliser l&rsquo;\u00e9clairage avec le c\u00e2ble RGB \u00e0 3 broches inclus (le contr\u00f4leur RGB n&rsquo;est pas inclus). Il dispose de\u00a0<strong>3 connexions femelles G1\/4&Prime;<\/strong>\u00a0pour la compatibilit\u00e9 avec les raccords \u00e0 compression et \u00e0 barbelure.<\/p>\n","protected":false},"excerpt":{"rendered":"<p>Le\u00a0d\u00e9bitm\u00e8tre Barrow LRC 2.0 G1\/4&Prime;\u00a0est une solution parfaite \u00e0 la question \u00e9ternelle \u00ab\u00a0Mon fluide circule-t-il ?\u00a0\u00bb Gr\u00e2ce \u00e0 son bo\u00eetier en cristal clair et \u00e0 son d\u00e9bitm\u00e8tre noir, vous pourrez voir le d\u00e9bit de votre syst\u00e8me avec facilit\u00e9. Et maintenant, avec l&rsquo;ajout de l&rsquo;\u00e9clairage RGB, vous pouvez personnaliser l&rsquo;\u00e9clairage avec le c\u00e2ble RGB \u00e0 3 [&hellip;]<\/p>\n","protected":false},"featured_media":10309,"template":"","meta":{"_genesis_hide_title":false,"_genesis_hide_breadcrumbs":false,"_genesis_hide_singular_image":false,"_genesis_hide_footer_widgets":false,"_genesis_custom_body_class":"","_genesis_custom_post_class":"","_genesis_layout":""},"product_brand":[],"product_cat":[68],"product_tag":[],"class_list":{"0":"post-11017","1":"product","2":"type-product","3":"status-publish","4":"has-post-thumbnail","6":"product_cat-flow-meter-capteur-de-temperature","7":"entry","9":"first","10":"instock","11":"taxable","12":"shipping-taxable","13":"purchasable","14":"product-type-simple"},"_links":{"self":[{"href":"https:\/\/proliquidpc.com\/fr\/wp-json\/wp\/v2\/product\/11017","targetHints":{"allow":["GET"]}}],"collection":[{"href":"https:\/\/proliquidpc.com\/fr\/wp-json\/wp\/v2\/product"}],"about":[{"href":"https:\/\/proliquidpc.com\/fr\/wp-json\/wp\/v2\/types\/product"}],"wp:featuredmedia":[{"embeddable":true,"href":"https:\/\/proliquidpc.com\/fr\/wp-json\/wp\/v2\/media\/10309"}],"wp:attachment":[{"href":"https:\/\/proliquidpc.com\/fr\/wp-json\/wp\/v2\/media?parent=11017"}],"wp:term":[{"taxonomy":"product_brand","embeddable":true,"href":"https:\/\/proliquidpc.com\/fr\/wp-json\/wp\/v2\/product_brand?post=11017"},{"taxonomy":"product_cat","embeddable":true,"href":"https:\/\/proliquidpc.com\/fr\/wp-json\/wp\/v2\/product_cat?post=11017"},{"taxonomy":"product_tag","embeddable":true,"href":"https:\/\/proliquidpc.com\/fr\/wp-json\/wp\/v2\/product_tag?post=11017"}],"curies":[{"name":"wp","href":"https:\/\/api.w.org\/{rel}","templated":true}]}}