{"id":11021,"date":"2025-03-02T03:03:25","date_gmt":"2025-03-02T08:03:25","guid":{"rendered":"https:\/\/proliquidpc.com\/boutique\/non class\u00e9\/valve-manuelle-male-vers-femelle-ttlpfg-v2-argent\/"},"modified":"2025-03-02T03:03:25","modified_gmt":"2025-03-02T08:03:25","slug":"valve-manuelle-male-vers-femelle-ttlpfg-v2-argent","status":"publish","type":"product","link":"https:\/\/proliquidpc.com\/fr\/boutique\/fittings\/valve\/valve-manuelle-male-vers-femelle-ttlpfg-v2-argent\/","title":{"rendered":"Valve manuelle (m\u00e2le vers femelle) TTLPFG V2 ARGENT"},"content":{"rendered":"<p>Les nouvelles valves en ligne de Barrow sont id\u00e9ales pour de nombreuses applications. C&rsquo;est \u00e0 vous de d\u00e9cider comment les utiliser dans votre propre construction.<\/p>\n<p>Les filetages m\u00e2les et femelles G1\/4&Prime; \u00e0 chaque extr\u00e9mit\u00e9 permettent l&rsquo;int\u00e9gration de n&rsquo;importe quelle combinaison de raccords que vous souhaitez.<\/p>\n<p>&nbsp;<\/p>\n<p>Id\u00e9al pour les ports de drainage directionnels, les ports de remplissage, les configurations multi-pompes et bien plus encore!<\/p>\n","protected":false},"excerpt":{"rendered":"<p>Les nouvelles valves en ligne de Barrow sont id\u00e9ales pour de nombreuses applications. C&rsquo;est \u00e0 vous de d\u00e9cider comment les utiliser dans votre propre construction. Les filetages m\u00e2les et femelles G1\/4&Prime; \u00e0 chaque extr\u00e9mit\u00e9 permettent l&rsquo;int\u00e9gration de n&rsquo;importe quelle combinaison de raccords que vous souhaitez. &nbsp; Id\u00e9al pour les ports de drainage directionnels, les ports [&hellip;]<\/p>\n","protected":false},"featured_media":10532,"template":"","meta":{"_genesis_hide_title":false,"_genesis_hide_breadcrumbs":false,"_genesis_hide_singular_image":false,"_genesis_hide_footer_widgets":false,"_genesis_custom_body_class":"","_genesis_custom_post_class":"","_genesis_layout":""},"product_brand":[],"product_cat":[29,32],"product_tag":[],"class_list":{"0":"post-11021","1":"product","2":"type-product","3":"status-publish","4":"has-post-thumbnail","6":"product_cat-fittings","7":"product_cat-valve","8":"entry","10":"first","11":"instock","12":"taxable","13":"shipping-taxable","14":"purchasable","15":"product-type-simple"},"_links":{"self":[{"href":"https:\/\/proliquidpc.com\/fr\/wp-json\/wp\/v2\/product\/11021","targetHints":{"allow":["GET"]}}],"collection":[{"href":"https:\/\/proliquidpc.com\/fr\/wp-json\/wp\/v2\/product"}],"about":[{"href":"https:\/\/proliquidpc.com\/fr\/wp-json\/wp\/v2\/types\/product"}],"wp:featuredmedia":[{"embeddable":true,"href":"https:\/\/proliquidpc.com\/fr\/wp-json\/wp\/v2\/media\/10532"}],"wp:attachment":[{"href":"https:\/\/proliquidpc.com\/fr\/wp-json\/wp\/v2\/media?parent=11021"}],"wp:term":[{"taxonomy":"product_brand","embeddable":true,"href":"https:\/\/proliquidpc.com\/fr\/wp-json\/wp\/v2\/product_brand?post=11021"},{"taxonomy":"product_cat","embeddable":true,"href":"https:\/\/proliquidpc.com\/fr\/wp-json\/wp\/v2\/product_cat?post=11021"},{"taxonomy":"product_tag","embeddable":true,"href":"https:\/\/proliquidpc.com\/fr\/wp-json\/wp\/v2\/product_tag?post=11021"}],"curies":[{"name":"wp","href":"https:\/\/api.w.org\/{rel}","templated":true}]}}