{"id":11023,"date":"2025-02-26T04:19:13","date_gmt":"2025-02-26T09:19:13","guid":{"rendered":"https:\/\/proliquidpc.com\/boutique\/non class\u00e9\/barrowch-waterblock-pour-cpu-amd-avec-pompe-integree-et-reservoir-fbltprk-04\/"},"modified":"2025-02-26T04:19:13","modified_gmt":"2025-02-26T09:19:13","slug":"barrowch-waterblock-pour-cpu-amd-avec-pompe-integree-et-reservoir-fbltprk-04","status":"publish","type":"product","link":"https:\/\/proliquidpc.com\/fr\/boutique\/cpu-waterblock\/cpu-amd\/barrowch-waterblock-pour-cpu-amd-avec-pompe-integree-et-reservoir-fbltprk-04\/","title":{"rendered":"Barrowch Waterblock pour CPU AMD avec pompe int\u00e9gr\u00e9e et r\u00e9servoir FBLTPRK-04"},"content":{"rendered":"<p>Vous voulez un bloc d&rsquo;eau unique pour CPU avec une pompe int\u00e9gr\u00e9e et un r\u00e9servoir en Plexi (Acrylique), mais vous ne voulez pas vendre un rein pour en obtenir un ? Eh bien, vous avez de la chance car Barrowch a ce qu&rsquo;il vous faut avec cette solution \u00e9l\u00e9gante ! Con\u00e7u pour les plateformes Intel grand public et de station de travail, ce bloc fonctionnera avec les CPU \u00e0 socket X99 et X299. Ce bloc poss\u00e8de 49 minuscules voies d&rsquo;eau micro-jetting denses de 0,4 x 0,2 mm. Le bloc comprend un adaptateur en acrylique qui a l&rsquo;entr\u00e9e, la sortie et le port de remplissage pour le bloc\/r\u00e9servoir. Avec le contr\u00f4le d&rsquo;\u00e9clairage RGB LRC 2.0, ce nouveau bloc devrait \u00eatre en t\u00eate de votre liste si vous essayez de simplifier votre boucle de refroidissement liquide ou si votre syst\u00e8me est dans un ch\u00e2ssis mini-ITX, mini tour ou HTPC tr\u00e8s petit et \u00e9troit qui manque d&rsquo;espace suppl\u00e9mentaire. Barrow le fait encore!<\/p>\n<p><img decoding=\"async\" src=\"https:\/\/www.performance-pcs.com\/media\/amasty\/webp\/wysiwyg\/product_pages\/FBLTPRK-04-details.webp\" \/><\/p>\n","protected":false},"excerpt":{"rendered":"<p>Vous voulez un bloc d&rsquo;eau unique pour CPU avec une pompe int\u00e9gr\u00e9e et un r\u00e9servoir en Plexi (Acrylique), mais vous ne voulez pas vendre un rein pour en obtenir un ? Eh bien, vous avez de la chance car Barrowch a ce qu&rsquo;il vous faut avec cette solution \u00e9l\u00e9gante ! Con\u00e7u pour les plateformes Intel [&hellip;]<\/p>\n","protected":false},"featured_media":10233,"template":"","meta":{"_genesis_hide_title":false,"_genesis_hide_breadcrumbs":false,"_genesis_hide_singular_image":false,"_genesis_hide_footer_widgets":false,"_genesis_custom_body_class":"","_genesis_custom_post_class":"","_genesis_layout":""},"product_brand":[],"product_cat":[37,36],"product_tag":[],"class_list":{"0":"post-11023","1":"product","2":"type-product","3":"status-publish","4":"has-post-thumbnail","6":"product_cat-cpu-amd","7":"product_cat-cpu-waterblock","8":"entry","10":"first","11":"outofstock","12":"taxable","13":"shipping-taxable","14":"purchasable","15":"product-type-simple"},"_links":{"self":[{"href":"https:\/\/proliquidpc.com\/fr\/wp-json\/wp\/v2\/product\/11023","targetHints":{"allow":["GET"]}}],"collection":[{"href":"https:\/\/proliquidpc.com\/fr\/wp-json\/wp\/v2\/product"}],"about":[{"href":"https:\/\/proliquidpc.com\/fr\/wp-json\/wp\/v2\/types\/product"}],"wp:featuredmedia":[{"embeddable":true,"href":"https:\/\/proliquidpc.com\/fr\/wp-json\/wp\/v2\/media\/10233"}],"wp:attachment":[{"href":"https:\/\/proliquidpc.com\/fr\/wp-json\/wp\/v2\/media?parent=11023"}],"wp:term":[{"taxonomy":"product_brand","embeddable":true,"href":"https:\/\/proliquidpc.com\/fr\/wp-json\/wp\/v2\/product_brand?post=11023"},{"taxonomy":"product_cat","embeddable":true,"href":"https:\/\/proliquidpc.com\/fr\/wp-json\/wp\/v2\/product_cat?post=11023"},{"taxonomy":"product_tag","embeddable":true,"href":"https:\/\/proliquidpc.com\/fr\/wp-json\/wp\/v2\/product_tag?post=11023"}],"curies":[{"name":"wp","href":"https:\/\/api.w.org\/{rel}","templated":true}]}}