{"id":11029,"date":"2025-03-02T15:18:27","date_gmt":"2025-03-02T20:18:27","guid":{"rendered":"https:\/\/proliquidpc.com\/boutique\/non class\u00e9\/bykski-pont-de-connexion-quatruple-gpu-40-mm-sli-cf-module-version-3-givre-l4-4way\/"},"modified":"2025-03-02T15:18:27","modified_gmt":"2025-03-02T20:18:27","slug":"bykski-pont-de-connexion-quatruple-gpu-40-mm-sli-cf-module-version-3-givre-l4-4way","status":"publish","type":"product","link":"https:\/\/proliquidpc.com\/fr\/boutique\/gpu-waterblock\/gpu-nvidia\/serie-2000\/bykski-pont-de-connexion-quatruple-gpu-40-mm-sli-cf-module-version-3-givre-l4-4way\/","title":{"rendered":"Bykski Pont de connexion quatruple GPU 40 mm SLI\/CF Module Version 3 &#8211; Givr\u00e9 (L4-4WAY)"},"content":{"rendered":"<p>Le\u00a0<strong>pont de connexion quadruple GPU 40 mm SLI\/CF Bykski<\/strong>\u00a0permet de connecter quatre blocs GPU adjacents (espac\u00e9s de 40 mm) pour cr\u00e9er un bloc unique. Cela augmente la rigidit\u00e9 et la stabilit\u00e9 de vos GPU tout en \u00e9liminant le besoin de raccords ou de tuyaux entre les blocs.<\/p>\n<p><strong>Caract\u00e9ristiques<\/strong><\/p>\n<ul>\n<li>PMMA<\/li>\n<li>Con\u00e7u pour s&rsquo;adapter aux raccords filet\u00e9s standard G1\/4&Prime;<\/li>\n<\/ul>\n<p><strong>Sp\u00e9cifications<\/strong><\/p>\n<ul>\n<li>Marque : Bykski<\/li>\n<li>Mat\u00e9riau : PMMA<\/li>\n<\/ul>\n<p><strong>Compatibilit\u00e9<\/strong><\/p>\n<ul>\n<li>Blocs GPU : 4 (marque Bykski)<\/li>\n<li>Espacement des slots PCI-E : 40 mm (voir la galerie d&rsquo;images ci-dessus)<\/li>\n<li>Blocs GPU Bykski<\/li>\n<\/ul>\n<p><strong>Pi\u00e8ces incluses<\/strong><\/p>\n<ul>\n<li>1x Pont de connexion quadruple GPU 40 mm SLI\/CF Bykski<\/li>\n<li>Raccords d&rsquo;arr\u00eat NON inclus<\/li>\n<li>Bande LED NON INCLUSE (optionnelle)<\/li>\n<\/ul>\n<p><strong>Avertissements<\/strong><\/p>\n<ul>\n<li>Le pont de connexion a 4 ports, seuls 2 sont n\u00e9cessaires pour l&rsquo;utilisation, donc des raccords d&rsquo;arr\u00eat peuvent \u00eatre requis en fonction de la configuration, veuillez planifier en cons\u00e9quence.<\/li>\n<li>Non responsable des dommages caus\u00e9s par ou lors de l&rsquo;utilisation de ce produit. Veuillez utiliser \u00e0 vos propres risques.<\/li>\n<\/ul>\n","protected":false},"excerpt":{"rendered":"<p>Le\u00a0pont de connexion quadruple GPU 40 mm SLI\/CF Bykski\u00a0permet de connecter quatre blocs GPU adjacents (espac\u00e9s de 40 mm) pour cr\u00e9er un bloc unique. Cela augmente la rigidit\u00e9 et la stabilit\u00e9 de vos GPU tout en \u00e9liminant le besoin de raccords ou de tuyaux entre les blocs. Caract\u00e9ristiques PMMA Con\u00e7u pour s&rsquo;adapter aux raccords filet\u00e9s [&hellip;]<\/p>\n","protected":false},"featured_media":10589,"template":"","meta":{"_genesis_hide_title":false,"_genesis_hide_breadcrumbs":false,"_genesis_hide_singular_image":false,"_genesis_hide_footer_widgets":false,"_genesis_custom_body_class":"","_genesis_custom_post_class":"","_genesis_layout":""},"product_brand":[],"product_cat":[59,39,65,57,40,60,73,38],"product_tag":[],"class_list":{"0":"post-11029","1":"product","2":"type-product","3":"status-publish","4":"has-post-thumbnail","6":"product_cat-amd-gpu-waterblock-gpu-waterblocks","7":"product_cat-gpu-nvidia","8":"product_cat-serie-2000","9":"product_cat-serie-3000","10":"product_cat-serie-4000","11":"product_cat-serie-5000","12":"product_cat-serie-6000","13":"product_cat-gpu-waterblock","14":"entry","16":"first","17":"instock","18":"taxable","19":"shipping-taxable","20":"purchasable","21":"product-type-simple"},"_links":{"self":[{"href":"https:\/\/proliquidpc.com\/fr\/wp-json\/wp\/v2\/product\/11029","targetHints":{"allow":["GET"]}}],"collection":[{"href":"https:\/\/proliquidpc.com\/fr\/wp-json\/wp\/v2\/product"}],"about":[{"href":"https:\/\/proliquidpc.com\/fr\/wp-json\/wp\/v2\/types\/product"}],"wp:featuredmedia":[{"embeddable":true,"href":"https:\/\/proliquidpc.com\/fr\/wp-json\/wp\/v2\/media\/10589"}],"wp:attachment":[{"href":"https:\/\/proliquidpc.com\/fr\/wp-json\/wp\/v2\/media?parent=11029"}],"wp:term":[{"taxonomy":"product_brand","embeddable":true,"href":"https:\/\/proliquidpc.com\/fr\/wp-json\/wp\/v2\/product_brand?post=11029"},{"taxonomy":"product_cat","embeddable":true,"href":"https:\/\/proliquidpc.com\/fr\/wp-json\/wp\/v2\/product_cat?post=11029"},{"taxonomy":"product_tag","embeddable":true,"href":"https:\/\/proliquidpc.com\/fr\/wp-json\/wp\/v2\/product_tag?post=11029"}],"curies":[{"name":"wp","href":"https:\/\/api.w.org\/{rel}","templated":true}]}}