{"id":11031,"date":"2025-03-01T14:36:57","date_gmt":"2025-03-01T19:36:57","guid":{"rendered":"https:\/\/proliquidpc.com\/boutique\/non class\u00e9\/bykski-manometre-avec-affichage-oled-module-filete-g-1-4-noir-b-pre-sc-v2\/"},"modified":"2025-03-01T14:36:57","modified_gmt":"2025-03-01T19:36:57","slug":"bykski-manometre-avec-affichage-oled-module-filete-g-1-4-noir-b-pre-sc-v2","status":"publish","type":"product","link":"https:\/\/proliquidpc.com\/fr\/boutique\/flow-meter-capteur-de-temperature\/bykski-manometre-avec-affichage-oled-module-filete-g-1-4-noir-b-pre-sc-v2\/","title":{"rendered":"Bykski Manom\u00e8tre avec affichage OLED Module filet\u00e9 G 1\/4&Prime; &#8211; Noir B-PRE-SC-V2"},"content":{"rendered":"<p>La fonction principale du\u00a0<strong>manom\u00e8tre Bykski<\/strong>\u00a0est de surveiller clairement la pression interne du syst\u00e8me de refroidissement par eau, de comprendre efficacement le fonctionnement du syst\u00e8me de refroidissement par eau et de contr\u00f4ler imm\u00e9diatement la limite de s\u00e9curit\u00e9. Ce module surveille la pression en temps r\u00e9el et affiche \u00e9galement les variations de pression.<\/p>\n<p><strong>Sp\u00e9cifications<\/strong><\/p>\n<ul>\n<li><strong>Mat\u00e9riau :<\/strong>\u00a0POM<\/li>\n<li><strong>Type d&rsquo;\u00e9cran :<\/strong>\u00a0Affichage num\u00e9rique OLED<\/li>\n<li><strong>Dimensions :<\/strong>\u00a065 mm x 35 mm x 32 mm<\/li>\n<\/ul>\n<p><strong>Compatibilit\u00e9<\/strong><\/p>\n<ul>\n<li><strong>Raccord :<\/strong>\u00a0Filetage G 1\/4&Prime;<\/li>\n<\/ul>\n<p><strong>Pi\u00e8ces incluses<\/strong><\/p>\n<ul>\n<li>4x Vis de montage<\/li>\n<li>1x Pompe DDC avec bo\u00eetier<\/li>\n<li>Haut\/r\u00e9servoir du tube<\/li>\n<\/ul>\n<p><strong>Avertissements<\/strong><\/p>\n<ul>\n<li>Non responsable des dommages mat\u00e9riels. Utilisez \u00e0 vos propres risques.<\/li>\n<\/ul>\n","protected":false},"excerpt":{"rendered":"<p>La fonction principale du\u00a0manom\u00e8tre Bykski\u00a0est de surveiller clairement la pression interne du syst\u00e8me de refroidissement par eau, de comprendre efficacement le fonctionnement du syst\u00e8me de refroidissement par eau et de contr\u00f4ler imm\u00e9diatement la limite de s\u00e9curit\u00e9. Ce module surveille la pression en temps r\u00e9el et affiche \u00e9galement les variations de pression. Sp\u00e9cifications Mat\u00e9riau :\u00a0POM Type [&hellip;]<\/p>\n","protected":false},"featured_media":10495,"template":"","meta":{"_genesis_hide_title":false,"_genesis_hide_breadcrumbs":false,"_genesis_hide_singular_image":false,"_genesis_hide_footer_widgets":false,"_genesis_custom_body_class":"","_genesis_custom_post_class":"","_genesis_layout":""},"product_brand":[],"product_cat":[68],"product_tag":[],"class_list":{"0":"post-11031","1":"product","2":"type-product","3":"status-publish","4":"has-post-thumbnail","6":"product_cat-flow-meter-capteur-de-temperature","7":"entry","9":"first","10":"instock","11":"taxable","12":"shipping-taxable","13":"purchasable","14":"product-type-simple"},"_links":{"self":[{"href":"https:\/\/proliquidpc.com\/fr\/wp-json\/wp\/v2\/product\/11031","targetHints":{"allow":["GET"]}}],"collection":[{"href":"https:\/\/proliquidpc.com\/fr\/wp-json\/wp\/v2\/product"}],"about":[{"href":"https:\/\/proliquidpc.com\/fr\/wp-json\/wp\/v2\/types\/product"}],"wp:featuredmedia":[{"embeddable":true,"href":"https:\/\/proliquidpc.com\/fr\/wp-json\/wp\/v2\/media\/10495"}],"wp:attachment":[{"href":"https:\/\/proliquidpc.com\/fr\/wp-json\/wp\/v2\/media?parent=11031"}],"wp:term":[{"taxonomy":"product_brand","embeddable":true,"href":"https:\/\/proliquidpc.com\/fr\/wp-json\/wp\/v2\/product_brand?post=11031"},{"taxonomy":"product_cat","embeddable":true,"href":"https:\/\/proliquidpc.com\/fr\/wp-json\/wp\/v2\/product_cat?post=11031"},{"taxonomy":"product_tag","embeddable":true,"href":"https:\/\/proliquidpc.com\/fr\/wp-json\/wp\/v2\/product_tag?post=11031"}],"curies":[{"name":"wp","href":"https:\/\/api.w.org\/{rel}","templated":true}]}}