{"id":11034,"date":"2025-03-02T14:07:07","date_gmt":"2025-03-02T19:07:07","guid":{"rendered":"https:\/\/proliquidpc.com\/boutique\/non class\u00e9\/bykski-cable-dextension-pci-e-gpu-b-vcec-x\/"},"modified":"2025-03-02T14:07:07","modified_gmt":"2025-03-02T19:07:07","slug":"bykski-cable-dextension-pci-e-gpu-b-vcec-x","status":"publish","type":"product","link":"https:\/\/proliquidpc.com\/fr\/boutique\/gpu-waterblock\/gpu-nvidia\/serie-2000\/bykski-cable-dextension-pci-e-gpu-b-vcec-x\/","title":{"rendered":"Bykski  C\u00e2ble d&rsquo;extension PCI-E GPU B-VCEC-X"},"content":{"rendered":"<p>Le\u00a0<strong>c\u00e2ble d&rsquo;extension PCI-E GPU Bykski<\/strong>\u00a0vous permet de connecter votre GPU \u00e0 la carte m\u00e8re lorsque vous utilisez un arrangement de montage alternatif. Ce c\u00e2ble est facile \u00e0 fa\u00e7onner selon l&rsquo;orientation souhait\u00e9e.<\/p>\n<p><strong>Caract\u00e9ristiques<\/strong><\/p>\n<ul>\n<li>Mince, plat, pliable<\/li>\n<li>Isolation en PE pour anti-interf\u00e9rence<\/li>\n<li>Peu ou pas de perte de trame<\/li>\n<\/ul>\n<p><strong>Sp\u00e9cifications<\/strong><\/p>\n<ul>\n<li>Longueur : 250 mm +\/- 10 mm<\/li>\n<li>Courant maximal : 3A<\/li>\n<\/ul>\n<p><strong>Compatibilit\u00e9<\/strong><\/p>\n<ul>\n<li>Support : PCIe 3.0&#215;16<\/li>\n<\/ul>\n<p><strong>Pi\u00e8ces incluses<\/strong><\/p>\n<ul>\n<li>C\u00e2ble d&rsquo;extension<\/li>\n<\/ul>\n<p><strong>Avertissements<\/strong><\/p>\n<ul>\n<li>Ce produit prend en charge PCIe 3.0&#215;16 et est r\u00e9trocompatible.<\/li>\n<li>Non responsable des dommages caus\u00e9s par ou lors de l&rsquo;utilisation de ce produit. Veuillez utiliser \u00e0 vos propres risques.<\/li>\n<\/ul>\n","protected":false},"excerpt":{"rendered":"<p>Le\u00a0c\u00e2ble d&rsquo;extension PCI-E GPU Bykski\u00a0vous permet de connecter votre GPU \u00e0 la carte m\u00e8re lorsque vous utilisez un arrangement de montage alternatif. Ce c\u00e2ble est facile \u00e0 fa\u00e7onner selon l&rsquo;orientation souhait\u00e9e. Caract\u00e9ristiques Mince, plat, pliable Isolation en PE pour anti-interf\u00e9rence Peu ou pas de perte de trame Sp\u00e9cifications Longueur : 250 mm +\/- 10 mm [&hellip;]<\/p>\n","protected":false},"featured_media":10565,"template":"","meta":{"_genesis_hide_title":false,"_genesis_hide_breadcrumbs":false,"_genesis_hide_singular_image":false,"_genesis_hide_footer_widgets":false,"_genesis_custom_body_class":"","_genesis_custom_post_class":"","_genesis_layout":""},"product_brand":[],"product_cat":[59,39,65,57,60,73,38],"product_tag":[],"class_list":{"0":"post-11034","1":"product","2":"type-product","3":"status-publish","4":"has-post-thumbnail","6":"product_cat-amd-gpu-waterblock-gpu-waterblocks","7":"product_cat-gpu-nvidia","8":"product_cat-serie-2000","9":"product_cat-serie-3000","10":"product_cat-serie-5000","11":"product_cat-serie-6000","12":"product_cat-gpu-waterblock","13":"entry","15":"first","16":"instock","17":"taxable","18":"shipping-taxable","19":"purchasable","20":"product-type-simple"},"_links":{"self":[{"href":"https:\/\/proliquidpc.com\/fr\/wp-json\/wp\/v2\/product\/11034","targetHints":{"allow":["GET"]}}],"collection":[{"href":"https:\/\/proliquidpc.com\/fr\/wp-json\/wp\/v2\/product"}],"about":[{"href":"https:\/\/proliquidpc.com\/fr\/wp-json\/wp\/v2\/types\/product"}],"wp:featuredmedia":[{"embeddable":true,"href":"https:\/\/proliquidpc.com\/fr\/wp-json\/wp\/v2\/media\/10565"}],"wp:attachment":[{"href":"https:\/\/proliquidpc.com\/fr\/wp-json\/wp\/v2\/media?parent=11034"}],"wp:term":[{"taxonomy":"product_brand","embeddable":true,"href":"https:\/\/proliquidpc.com\/fr\/wp-json\/wp\/v2\/product_brand?post=11034"},{"taxonomy":"product_cat","embeddable":true,"href":"https:\/\/proliquidpc.com\/fr\/wp-json\/wp\/v2\/product_cat?post=11034"},{"taxonomy":"product_tag","embeddable":true,"href":"https:\/\/proliquidpc.com\/fr\/wp-json\/wp\/v2\/product_tag?post=11034"}],"curies":[{"name":"wp","href":"https:\/\/api.w.org\/{rel}","templated":true}]}}