{"id":11036,"date":"2025-03-01T13:55:19","date_gmt":"2025-03-01T18:55:19","guid":{"rendered":"https:\/\/proliquidpc.com\/boutique\/non class\u00e9\/bykski-bloc-gpu-module-de-pont-rotatif-a-90-degres-noir-b-vga-mini-x\/"},"modified":"2025-03-01T13:55:19","modified_gmt":"2025-03-01T18:55:19","slug":"bykski-bloc-gpu-module-de-pont-rotatif-a-90-degres-noir-b-vga-mini-x","status":"publish","type":"product","link":"https:\/\/proliquidpc.com\/fr\/boutique\/gpu-waterblock\/gpu-nvidia\/serie-2000\/bykski-bloc-gpu-module-de-pont-rotatif-a-90-degres-noir-b-vga-mini-x\/","title":{"rendered":"Bykski Bloc GPU Module de pont rotatif \u00e0 90 degr\u00e9s &#8211; Noir B-VGA-MINI-X"},"content":{"rendered":"<p>Le\u00a0<strong>module de pont rotatif \u00e0 90 degr\u00e9s pour bloc GPU Bykski<\/strong>\u00a0peut \u00eatre utilis\u00e9 pour remplacer le terminal en PMMA solide standard. Le module rotatif est un bloc de connexion \u00e0 profil bas avec des adaptateurs rotatifs \u00e0 90 degr\u00e9s. Ces connexions rotatives pivotent \u00e0 360 degr\u00e9s, vous offrant une flexibilit\u00e9 totale tout en gardant votre profil global aussi petit que possible.<\/p>\n<p><strong>Caract\u00e9ristiques<\/strong><\/p>\n<ul>\n<li>Design \u00e0 profil bas<\/li>\n<li>Con\u00e7u pour s&rsquo;adapter aux raccords filet\u00e9s standard G 1\/4&Prime;<\/li>\n<\/ul>\n<p><strong>Sp\u00e9cifications<\/strong><\/p>\n<ul>\n<li>Mod\u00e8le : B-VGA-MINI-X<\/li>\n<li>Marque : Bykski<\/li>\n<li>Mat\u00e9riau : Laiton<\/li>\n<\/ul>\n<p><strong>Compatibilit\u00e9<\/strong><\/p>\n<ul>\n<li>Blocs GPU Bykski<\/li>\n<\/ul>\n<p><strong>Pi\u00e8ces incluses<\/strong><\/p>\n<ul>\n<li>1x Module de pont rotatif \u00e0 90 degr\u00e9s pour bloc GPU Bykski<\/li>\n<\/ul>\n<p><strong>Avertissements<\/strong><\/p>\n<ul>\n<li>Non responsable des dommages caus\u00e9s par ou lors de l&rsquo;utilisation de ce produit. Veuillez l&rsquo;utiliser \u00e0 vos propres risques.<\/li>\n<\/ul>\n","protected":false},"excerpt":{"rendered":"<p>Le\u00a0module de pont rotatif \u00e0 90 degr\u00e9s pour bloc GPU Bykski\u00a0peut \u00eatre utilis\u00e9 pour remplacer le terminal en PMMA solide standard. Le module rotatif est un bloc de connexion \u00e0 profil bas avec des adaptateurs rotatifs \u00e0 90 degr\u00e9s. Ces connexions rotatives pivotent \u00e0 360 degr\u00e9s, vous offrant une flexibilit\u00e9 totale tout en gardant votre [&hellip;]<\/p>\n","protected":false},"featured_media":10490,"template":"","meta":{"_genesis_hide_title":false,"_genesis_hide_breadcrumbs":false,"_genesis_hide_singular_image":false,"_genesis_hide_footer_widgets":false,"_genesis_custom_body_class":"","_genesis_custom_post_class":"","_genesis_layout":""},"product_brand":[],"product_cat":[59,39,65,57,40,60,73,38],"product_tag":[],"class_list":{"0":"post-11036","1":"product","2":"type-product","3":"status-publish","4":"has-post-thumbnail","6":"product_cat-amd-gpu-waterblock-gpu-waterblocks","7":"product_cat-gpu-nvidia","8":"product_cat-serie-2000","9":"product_cat-serie-3000","10":"product_cat-serie-4000","11":"product_cat-serie-5000","12":"product_cat-serie-6000","13":"product_cat-gpu-waterblock","14":"entry","16":"first","17":"instock","18":"taxable","19":"shipping-taxable","20":"purchasable","21":"product-type-simple"},"_links":{"self":[{"href":"https:\/\/proliquidpc.com\/fr\/wp-json\/wp\/v2\/product\/11036","targetHints":{"allow":["GET"]}}],"collection":[{"href":"https:\/\/proliquidpc.com\/fr\/wp-json\/wp\/v2\/product"}],"about":[{"href":"https:\/\/proliquidpc.com\/fr\/wp-json\/wp\/v2\/types\/product"}],"wp:featuredmedia":[{"embeddable":true,"href":"https:\/\/proliquidpc.com\/fr\/wp-json\/wp\/v2\/media\/10490"}],"wp:attachment":[{"href":"https:\/\/proliquidpc.com\/fr\/wp-json\/wp\/v2\/media?parent=11036"}],"wp:term":[{"taxonomy":"product_brand","embeddable":true,"href":"https:\/\/proliquidpc.com\/fr\/wp-json\/wp\/v2\/product_brand?post=11036"},{"taxonomy":"product_cat","embeddable":true,"href":"https:\/\/proliquidpc.com\/fr\/wp-json\/wp\/v2\/product_cat?post=11036"},{"taxonomy":"product_tag","embeddable":true,"href":"https:\/\/proliquidpc.com\/fr\/wp-json\/wp\/v2\/product_tag?post=11036"}],"curies":[{"name":"wp","href":"https:\/\/api.w.org\/{rel}","templated":true}]}}