{"id":11037,"date":"2025-03-02T23:02:41","date_gmt":"2025-03-03T04:02:41","guid":{"rendered":"https:\/\/proliquidpc.com\/boutique\/non%20class\u00e9\/bykski-module-daffichage-numerique-a-90-degres-pour-bloc-gpu-b-vga-sc-fx\/"},"modified":"2025-03-11T20:17:48","modified_gmt":"2025-03-12T00:17:48","slug":"bykski-module-daffichage-numerique-a-90-degres-pour-bloc-gpu-b-vga-sc-fx","status":"publish","type":"product","link":"https:\/\/proliquidpc.com\/fr\/boutique\/gpu-waterblock\/gpu-nvidia\/serie-2000\/bykski-module-daffichage-numerique-a-90-degres-pour-bloc-gpu-b-vga-sc-fx\/","title":{"rendered":"Bykski Module d&rsquo;affichage num\u00e9rique \u00e0 90 degr\u00e9s pour bloc GPU (B-VGA-SC-FX)"},"content":{"rendered":"<p>Le\u00a0<strong>module d&rsquo;affichage num\u00e9rique pour bloc GPU Bykski<\/strong>\u00a0peut \u00eatre utilis\u00e9 pour remplacer le terminal en PMMA solide standard. Le module am\u00e9lior\u00e9 est un bloc de connexion \u00e9l\u00e9gant et plus esth\u00e9tique tout en ajoutant des relev\u00e9s de temp\u00e9rature en temps r\u00e9el. Ce module change \u00e9galement l&rsquo;orientation de l&rsquo;affichage pour faire face \u00e0 l&rsquo;utilisateur de mani\u00e8re plus pratique que le B-VGA-SC-X. L&rsquo;\u00e9cran LCD couleur est con\u00e7u comme un panneau d&rsquo;instruments et affiche la temp\u00e9rature actuelle en Celsius.<\/p>\n<p><strong>Caract\u00e9ristiques<\/strong><\/p>\n<ul>\n<li>Affichage de la temp\u00e9rature en temps r\u00e9el<\/li>\n<li>Con\u00e7u pour s&rsquo;adapter aux raccords filet\u00e9s standard G 1\/4&Prime;<\/li>\n<\/ul>\n<p><strong>Sp\u00e9cifications<\/strong><\/p>\n<ul>\n<li>Mod\u00e8le : B-VGA-SC-FX<\/li>\n<li>Marque : Bykski<\/li>\n<li>Choix de mat\u00e9riaux disponibles : PMMA (Acrylique) ou Noir (POM)<\/li>\n<\/ul>\n<p><strong>Compatibilit\u00e9<\/strong><\/p>\n<ul>\n<li>Blocs GPU Bykski<\/li>\n<li>NON compatible avec les blocs TC\/blocs d&rsquo;eau avec plaques arri\u00e8re actives int\u00e9gr\u00e9es<\/li>\n<\/ul>\n<p><strong>Pi\u00e8ces incluses<\/strong><\/p>\n<ul>\n<li>1x Module d&rsquo;affichage num\u00e9rique pour bloc GPU Bykski<\/li>\n<\/ul>\n<p><strong>Avertissements<\/strong><\/p>\n<ul>\n<li>Non responsable des dommages caus\u00e9s par ou lors de l&rsquo;utilisation de ce produit. Veuillez l&rsquo;utiliser \u00e0 vos propres risques.<\/li>\n<\/ul>\n","protected":false},"excerpt":{"rendered":"<p>Le\u00a0module d&rsquo;affichage num\u00e9rique pour bloc GPU Bykski\u00a0peut \u00eatre utilis\u00e9 pour remplacer le terminal en PMMA solide standard. Le module am\u00e9lior\u00e9 est un bloc de connexion \u00e9l\u00e9gant et plus esth\u00e9tique tout en ajoutant des relev\u00e9s de temp\u00e9rature en temps r\u00e9el. Ce module change \u00e9galement l&rsquo;orientation de l&rsquo;affichage pour faire face \u00e0 l&rsquo;utilisateur de mani\u00e8re plus pratique [&hellip;]<\/p>\n","protected":false},"featured_media":10626,"template":"","meta":{"_genesis_hide_title":false,"_genesis_hide_breadcrumbs":false,"_genesis_hide_singular_image":false,"_genesis_hide_footer_widgets":false,"_genesis_custom_body_class":"","_genesis_custom_post_class":"","_genesis_layout":""},"product_brand":[],"product_cat":[59,39,65,57,40,60,38],"product_tag":[],"class_list":{"0":"post-11037","1":"product","2":"type-product","3":"status-publish","4":"has-post-thumbnail","6":"product_cat-amd-gpu-waterblock-gpu-waterblocks","7":"product_cat-gpu-nvidia","8":"product_cat-serie-2000","9":"product_cat-serie-3000","10":"product_cat-serie-4000","11":"product_cat-serie-5000","12":"product_cat-gpu-waterblock","13":"entry","15":"first","16":"instock","17":"taxable","18":"shipping-taxable","19":"purchasable","20":"product-type-simple"},"_links":{"self":[{"href":"https:\/\/proliquidpc.com\/fr\/wp-json\/wp\/v2\/product\/11037","targetHints":{"allow":["GET"]}}],"collection":[{"href":"https:\/\/proliquidpc.com\/fr\/wp-json\/wp\/v2\/product"}],"about":[{"href":"https:\/\/proliquidpc.com\/fr\/wp-json\/wp\/v2\/types\/product"}],"wp:featuredmedia":[{"embeddable":true,"href":"https:\/\/proliquidpc.com\/fr\/wp-json\/wp\/v2\/media\/10626"}],"wp:attachment":[{"href":"https:\/\/proliquidpc.com\/fr\/wp-json\/wp\/v2\/media?parent=11037"}],"wp:term":[{"taxonomy":"product_brand","embeddable":true,"href":"https:\/\/proliquidpc.com\/fr\/wp-json\/wp\/v2\/product_brand?post=11037"},{"taxonomy":"product_cat","embeddable":true,"href":"https:\/\/proliquidpc.com\/fr\/wp-json\/wp\/v2\/product_cat?post=11037"},{"taxonomy":"product_tag","embeddable":true,"href":"https:\/\/proliquidpc.com\/fr\/wp-json\/wp\/v2\/product_tag?post=11037"}],"curies":[{"name":"wp","href":"https:\/\/api.w.org\/{rel}","templated":true}]}}