{"id":11041,"date":"2025-03-11T04:07:34","date_gmt":"2025-03-11T08:07:34","guid":{"rendered":"https:\/\/proliquidpc.com\/boutique\/non class\u00e9\/bykski-fitting-coude-etendu-a-90-degres-femelle-a-femelle-g1-4-cc-ew90-v2-gun-metal\/"},"modified":"2025-03-11T04:07:34","modified_gmt":"2025-03-11T08:07:34","slug":"bykski-fitting-coude-etendu-a-90-degres-femelle-a-femelle-g1-4-cc-ew90-v2-gun-metal","status":"publish","type":"product","link":"https:\/\/proliquidpc.com\/fr\/boutique\/fittings\/45-90-190\/bykski-fitting-coude-etendu-a-90-degres-femelle-a-femelle-g1-4-cc-ew90-v2-gun-metal\/","title":{"rendered":"Bykski Fitting coud\u00e9 \u00e9tendu \u00e0 90 degr\u00e9s femelle \u00e0 femelle G1\/4&Prime; CC-EW90-V2 Gun Metal"},"content":{"rendered":"<p>Le\u00a0<strong>fitting coud\u00e9 \u00e9tendu \u00e0 90 degr\u00e9s femelle \u00e0 femelle G 1\/4&Prime; Bykski<\/strong> est une solution facile lorsque vous essayez de changer rapidement de direction avec votre boucle. En utilisant des fittingsde chaque c\u00f4t\u00e9, vous pouvez tourner \u00e0 90 degr\u00e9s. Cette version a prolong\u00e9 l&rsquo;extr\u00e9mit\u00e9 du raccord pour augmenter l&rsquo;espace de raccordement \u00e0 23,7 mm.<\/p>\n<p><strong>Sp\u00e9cifications<\/strong><\/p>\n<ul>\n<li><strong>Filetage :<\/strong>\u00a0G 1\/4&Prime;<\/li>\n<li><strong>Dimensions :<\/strong>\u00a018,68 mm x 23,7 mm<\/li>\n<li><strong>Mat\u00e9riau :<\/strong>\u00a0Laiton<\/li>\n<\/ul>\n<p><strong>Compatibilit\u00e9<\/strong><\/p>\n<ul>\n<li><strong>Boucle :<\/strong>\u00a0Non-aluminium<\/li>\n<\/ul>\n<p><strong>Pi\u00e8ces incluses<\/strong><\/p>\n<ul>\n<li>1x fitting coud\u00e9 \u00e9tendu \u00e0 90 degr\u00e9s femelle \u00e0 femelle G 1\/4&Prime; Bykski<\/li>\n<\/ul>\n<p><strong>Avertissements<\/strong><\/p>\n<ul>\n<li>En raison de la finition interne des versions rouge, bleue, dor\u00e9e, grise et noire, cette pi\u00e8ce peut ne pas \u00eatre compatible avec les liquides de refroidissement \u00e0 base d&rsquo;eau d\u00e9ionis\u00e9e et n&rsquo;est PAS compatible avec les s\u00e9ries de liquides de refroidissement PrimoChill Opaque et VUE! Non responsable des dommages caus\u00e9s par ou lors de l&rsquo;utilisation de ce produit. Utilisez \u00e0 vos propres risques.<\/li>\n<\/ul>\n","protected":false},"excerpt":{"rendered":"<p>Le\u00a0fitting coud\u00e9 \u00e9tendu \u00e0 90 degr\u00e9s femelle \u00e0 femelle G 1\/4&Prime; Bykski est une solution facile lorsque vous essayez de changer rapidement de direction avec votre boucle. En utilisant des fittingsde chaque c\u00f4t\u00e9, vous pouvez tourner \u00e0 90 degr\u00e9s. Cette version a prolong\u00e9 l&rsquo;extr\u00e9mit\u00e9 du raccord pour augmenter l&rsquo;espace de raccordement \u00e0 23,7 mm. Sp\u00e9cifications [&hellip;]<\/p>\n","protected":false},"featured_media":10990,"template":"","meta":{"_genesis_hide_title":false,"_genesis_hide_breadcrumbs":false,"_genesis_hide_singular_image":false,"_genesis_hide_footer_widgets":false,"_genesis_custom_body_class":"","_genesis_custom_post_class":"","_genesis_layout":""},"product_brand":[],"product_cat":[45,29],"product_tag":[],"class_list":{"0":"post-11041","1":"product","2":"type-product","3":"status-publish","4":"has-post-thumbnail","6":"product_cat-45-90-190","7":"product_cat-fittings","8":"entry","10":"first","11":"instock","12":"taxable","13":"shipping-taxable","14":"purchasable","15":"product-type-simple"},"_links":{"self":[{"href":"https:\/\/proliquidpc.com\/fr\/wp-json\/wp\/v2\/product\/11041","targetHints":{"allow":["GET"]}}],"collection":[{"href":"https:\/\/proliquidpc.com\/fr\/wp-json\/wp\/v2\/product"}],"about":[{"href":"https:\/\/proliquidpc.com\/fr\/wp-json\/wp\/v2\/types\/product"}],"wp:featuredmedia":[{"embeddable":true,"href":"https:\/\/proliquidpc.com\/fr\/wp-json\/wp\/v2\/media\/10990"}],"wp:attachment":[{"href":"https:\/\/proliquidpc.com\/fr\/wp-json\/wp\/v2\/media?parent=11041"}],"wp:term":[{"taxonomy":"product_brand","embeddable":true,"href":"https:\/\/proliquidpc.com\/fr\/wp-json\/wp\/v2\/product_brand?post=11041"},{"taxonomy":"product_cat","embeddable":true,"href":"https:\/\/proliquidpc.com\/fr\/wp-json\/wp\/v2\/product_cat?post=11041"},{"taxonomy":"product_tag","embeddable":true,"href":"https:\/\/proliquidpc.com\/fr\/wp-json\/wp\/v2\/product_tag?post=11041"}],"curies":[{"name":"wp","href":"https:\/\/api.w.org\/{rel}","templated":true}]}}