{"id":11042,"date":"2025-03-11T03:39:09","date_gmt":"2025-03-11T07:39:09","guid":{"rendered":"https:\/\/proliquidpc.com\/boutique\/non class\u00e9\/bykski-fitting-rotatif-decale-male-a-femelle-g-1-4-cc-hr-x-argent\/"},"modified":"2025-09-08T03:21:16","modified_gmt":"2025-09-08T07:21:16","slug":"bykski-fitting-rotatif-decale-male-a-femelle-g-1-4-cc-hr-x-argent","status":"publish","type":"product","link":"https:\/\/proliquidpc.com\/fr\/boutique\/fittings\/45-90-190\/bykski-fitting-rotatif-decale-male-a-femelle-g-1-4-cc-hr-x-argent\/","title":{"rendered":"Bykski Fitting rotatif d\u00e9cal\u00e9 m\u00e2le \u00e0 femelle G 1\/4&Prime; CC-HR-X Argent"},"content":{"rendered":"<p>Les Fitting rotatifs d\u00e9cal\u00e9s Bykski CC-HR-X G1\/4in semblent \u00eatre de haute qualit\u00e9 et tr\u00e8s pratiques pour les syst\u00e8mes de refroidissement liquide. Voici un r\u00e9sum\u00e9 des sp\u00e9cifications :<\/p>\n<ul>\n<li><strong>Mat\u00e9riau<\/strong>\u00a0: Laiton usin\u00e9 CNC avec traitement de surface de haute qualit\u00e9<\/li>\n<li><strong>Filetage<\/strong>\u00a0: G1\/4<\/li>\n<li><strong>Rotation<\/strong>\u00a0: 360 degr\u00e9s autour de son axe<\/li>\n<li><strong>D\u00e9calage<\/strong>\u00a0: Jusqu&rsquo;\u00e0 6 mm<\/li>\n<li><strong>Compatibilit\u00e9<\/strong>\u00a0: Boucles non-aluminium<\/li>\n<li><strong>Joints<\/strong>\u00a0: Caoutchouc de haute qualit\u00e9<\/li>\n<\/ul>\n<p><strong>Pi\u00e8ces incluses<\/strong>\u00a0:<\/p>\n<ul>\n<li>1x Fitting rotatif d\u00e9cal\u00e9 m\u00e2le \u00e0 femelle G1\/4in Bykski<\/li>\n<\/ul>\n<p><strong>Avertissements<\/strong>\u00a0:<\/p>\n<ul>\n<li>Non responsable des dommages mat\u00e9riels. Utilisation \u00e0 vos risques et p\u00e9rils.<\/li>\n<\/ul>\n","protected":false},"excerpt":{"rendered":"<p>Les Fitting rotatifs d\u00e9cal\u00e9s Bykski CC-HR-X G1\/4in semblent \u00eatre de haute qualit\u00e9 et tr\u00e8s pratiques pour les syst\u00e8mes de refroidissement liquide. Voici un r\u00e9sum\u00e9 des sp\u00e9cifications : Mat\u00e9riau\u00a0: Laiton usin\u00e9 CNC avec traitement de surface de haute qualit\u00e9 Filetage\u00a0: G1\/4 Rotation\u00a0: 360 degr\u00e9s autour de son axe D\u00e9calage\u00a0: Jusqu&rsquo;\u00e0 6 mm Compatibilit\u00e9\u00a0: Boucles non-aluminium Joints\u00a0: [&hellip;]<\/p>\n","protected":false},"featured_media":10964,"template":"","meta":{"_genesis_hide_title":false,"_genesis_hide_breadcrumbs":false,"_genesis_hide_singular_image":false,"_genesis_hide_footer_widgets":false,"_genesis_custom_body_class":"","_genesis_custom_post_class":"","_genesis_layout":""},"product_brand":[],"product_cat":[45,29],"product_tag":[],"class_list":{"0":"post-11042","1":"product","2":"type-product","3":"status-publish","4":"has-post-thumbnail","6":"product_cat-45-90-190","7":"product_cat-fittings","8":"entry","10":"first","11":"instock","12":"taxable","13":"shipping-taxable","14":"purchasable","15":"product-type-simple"},"_links":{"self":[{"href":"https:\/\/proliquidpc.com\/fr\/wp-json\/wp\/v2\/product\/11042","targetHints":{"allow":["GET"]}}],"collection":[{"href":"https:\/\/proliquidpc.com\/fr\/wp-json\/wp\/v2\/product"}],"about":[{"href":"https:\/\/proliquidpc.com\/fr\/wp-json\/wp\/v2\/types\/product"}],"wp:featuredmedia":[{"embeddable":true,"href":"https:\/\/proliquidpc.com\/fr\/wp-json\/wp\/v2\/media\/10964"}],"wp:attachment":[{"href":"https:\/\/proliquidpc.com\/fr\/wp-json\/wp\/v2\/media?parent=11042"}],"wp:term":[{"taxonomy":"product_brand","embeddable":true,"href":"https:\/\/proliquidpc.com\/fr\/wp-json\/wp\/v2\/product_brand?post=11042"},{"taxonomy":"product_cat","embeddable":true,"href":"https:\/\/proliquidpc.com\/fr\/wp-json\/wp\/v2\/product_cat?post=11042"},{"taxonomy":"product_tag","embeddable":true,"href":"https:\/\/proliquidpc.com\/fr\/wp-json\/wp\/v2\/product_tag?post=11042"}],"curies":[{"name":"wp","href":"https:\/\/api.w.org\/{rel}","templated":true}]}}