{"id":11045,"date":"2025-03-11T03:24:15","date_gmt":"2025-03-11T07:24:15","guid":{"rendered":"https:\/\/proliquidpc.com\/boutique\/non class\u00e9\/bykski-fitting-rotatif-decale-male-a-femelle-g-1-4-cc-hr-15-x-noir\/"},"modified":"2025-03-11T03:24:15","modified_gmt":"2025-03-11T07:24:15","slug":"bykski-fitting-rotatif-decale-male-a-femelle-g-1-4-cc-hr-15-x-noir","status":"publish","type":"product","link":"https:\/\/proliquidpc.com\/fr\/boutique\/fittings\/45-90-190\/bykski-fitting-rotatif-decale-male-a-femelle-g-1-4-cc-hr-15-x-noir\/","title":{"rendered":"Bykski Fitting rotatif d\u00e9cal\u00e9 m\u00e2le \u00e0 femelle G 1\/4&Prime; CC-HR-15-X Noir"},"content":{"rendered":"<p>Les Fitting rotatifs d\u00e9cal\u00e9s Bykski CC-HR-15-X G1\/4<\/p>\n<p>ont fabriqu\u00e9s en laiton usin\u00e9 CNC et subissent un processus de traitement de surface minutieux, ce qui leur conf\u00e8re une finition durable et esth\u00e9tique. Ces raccords poss\u00e8dent un filetage G1\/4, permettant une compatibilit\u00e9 sans faille avec divers composants de refroidissement liquide.<\/p>\n<p>Leur caract\u00e9ristique unique r\u00e9side dans la capacit\u00e9 de rotation compl\u00e8te \u00e0 360 degr\u00e9s autour de leur axe, permettant des ajustements pr\u00e9cis et assurant un positionnement optimal sans souci de support inad\u00e9quat. De plus, ces raccords sont \u00e9quip\u00e9s de joints en caoutchouc de haute qualit\u00e9, offrant des connexions fiables et sans fuite.<\/p>\n<p><strong>Sp\u00e9cifications :<\/strong><\/p>\n<ul>\n<li><strong>Filetage<\/strong>\u00a0: G1\/4<\/li>\n<li><strong>D\u00e9calage<\/strong>\u00a0: Jusqu&rsquo;\u00e0 15 mm<\/li>\n<li><strong>Rotation<\/strong>\u00a0: 360 degr\u00e9s<\/li>\n<li><strong>Mat\u00e9riau<\/strong>\u00a0: Laiton usin\u00e9 CNC<\/li>\n<li><strong>Joints<\/strong>\u00a0: Caoutchouc de haute qualit\u00e9<\/li>\n<\/ul>\n<p><strong>Compatibilit\u00e9 :<\/strong><\/p>\n<ul>\n<li>Boucles non-aluminium<\/li>\n<\/ul>\n<p><strong>Pi\u00e8ces incluses :<\/strong><\/p>\n<ul>\n<li>1x Fitting rotatif d\u00e9cal\u00e9 m\u00e2le \u00e0 femelle G1\/4in Bykski<\/li>\n<\/ul>\n<p><strong>Avertissements<\/strong>\u00a0:<\/p>\n<ul>\n<li>Non responsable des dommages mat\u00e9riels. Utilisation \u00e0 vos risques et p\u00e9rils.<\/li>\n<\/ul>\n","protected":false},"excerpt":{"rendered":"<p>Les Fitting rotatifs d\u00e9cal\u00e9s Bykski CC-HR-15-X G1\/4 ont fabriqu\u00e9s en laiton usin\u00e9 CNC et subissent un processus de traitement de surface minutieux, ce qui leur conf\u00e8re une finition durable et esth\u00e9tique. Ces raccords poss\u00e8dent un filetage G1\/4, permettant une compatibilit\u00e9 sans faille avec divers composants de refroidissement liquide. Leur caract\u00e9ristique unique r\u00e9side dans la capacit\u00e9 [&hellip;]<\/p>\n","protected":false},"featured_media":10947,"template":"","meta":{"_genesis_hide_title":false,"_genesis_hide_breadcrumbs":false,"_genesis_hide_singular_image":false,"_genesis_hide_footer_widgets":false,"_genesis_custom_body_class":"","_genesis_custom_post_class":"","_genesis_layout":""},"product_brand":[],"product_cat":[45,29],"product_tag":[],"class_list":{"0":"post-11045","1":"product","2":"type-product","3":"status-publish","4":"has-post-thumbnail","6":"product_cat-45-90-190","7":"product_cat-fittings","8":"entry","10":"first","11":"instock","12":"taxable","13":"shipping-taxable","14":"purchasable","15":"product-type-simple"},"_links":{"self":[{"href":"https:\/\/proliquidpc.com\/fr\/wp-json\/wp\/v2\/product\/11045","targetHints":{"allow":["GET"]}}],"collection":[{"href":"https:\/\/proliquidpc.com\/fr\/wp-json\/wp\/v2\/product"}],"about":[{"href":"https:\/\/proliquidpc.com\/fr\/wp-json\/wp\/v2\/types\/product"}],"wp:featuredmedia":[{"embeddable":true,"href":"https:\/\/proliquidpc.com\/fr\/wp-json\/wp\/v2\/media\/10947"}],"wp:attachment":[{"href":"https:\/\/proliquidpc.com\/fr\/wp-json\/wp\/v2\/media?parent=11045"}],"wp:term":[{"taxonomy":"product_brand","embeddable":true,"href":"https:\/\/proliquidpc.com\/fr\/wp-json\/wp\/v2\/product_brand?post=11045"},{"taxonomy":"product_cat","embeddable":true,"href":"https:\/\/proliquidpc.com\/fr\/wp-json\/wp\/v2\/product_cat?post=11045"},{"taxonomy":"product_tag","embeddable":true,"href":"https:\/\/proliquidpc.com\/fr\/wp-json\/wp\/v2\/product_tag?post=11045"}],"curies":[{"name":"wp","href":"https:\/\/api.w.org\/{rel}","templated":true}]}}