{"id":11048,"date":"2025-02-23T17:31:08","date_gmt":"2025-02-23T22:31:08","guid":{"rendered":"https:\/\/proliquidpc.com\/boutique\/non class\u00e9\/bykski-bus-dexpansion-et-de-synchronisation-rgb-12v-1-a-10-b-mbdt-1to10-rgb\/"},"modified":"2025-02-23T17:31:08","modified_gmt":"2025-02-23T22:31:08","slug":"bykski-bus-dexpansion-et-de-synchronisation-rgb-12v-1-a-10-b-mbdt-1to10-rgb","status":"publish","type":"product","link":"https:\/\/proliquidpc.com\/fr\/boutique\/led-controleurs\/12-volt\/bykski-bus-dexpansion-et-de-synchronisation-rgb-12v-1-a-10-b-mbdt-1to10-rgb\/","title":{"rendered":"Bykski Bus d&rsquo;expansion et de synchronisation RGB 12V 1 \u00e0 10 (B-MBDT-1TO10-RGB)"},"content":{"rendered":"<p><strong>Bus d&rsquo;expansion et de synchronisation RGB 12V Bykski 1 \u00e0 10 (B-MBDT-1TO10-RGB)<\/strong><\/p>\n<p>Ce bus d&rsquo;expansion permet d&rsquo;\u00e9tendre le connecteur LED 12V de votre carte m\u00e8re, vous permettant de synchroniser et d&rsquo;int\u00e9grer jusqu&rsquo;\u00e0 10 composants compatibles, tels que des ventilateurs, des blocs d&rsquo;eau et plus encore. Il convertit un seul connecteur LED de la carte m\u00e8re en 9, offrant ainsi une flexibilit\u00e9 et une compatibilit\u00e9 accrues pour vos configurations de refroidissement liquide.<\/p>\n<p><strong>Caract\u00e9ristiques :<\/strong><\/p>\n<ul>\n<li><strong>Mod\u00e8le<\/strong>\u00a0: B-MBDT-1TO10<\/li>\n<li><strong>Marque<\/strong>\u00a0: Bykski<\/li>\n<li><strong>Tension<\/strong>\u00a0: 12V uniquement<\/li>\n<li><strong>Fonction<\/strong>\u00a0: Synchronisation et expansion RGB<\/li>\n<li><strong>Compatibilit\u00e9<\/strong>\u00a0: Composants RGB 12V<\/li>\n<\/ul>\n<p><strong>Pi\u00e8ces incluses :<\/strong><\/p>\n<ul>\n<li>1x Bus d&rsquo;expansion<\/li>\n<li>1x C\u00e2ble de synchronisation 12V<\/li>\n<\/ul>\n<p><strong>Avertissements :<\/strong><\/p>\n<ul>\n<li>Lorsque le c\u00e2ble de synchronisation 12V est correctement connect\u00e9, le hub peut uniquement se connecter au composant d&rsquo;\u00e9clairage du produit 12V correspondant (RGB).<\/li>\n<li>Non responsable des dommages caus\u00e9s par ou lors de l&rsquo;utilisation de ce produit. Utilisation \u00e0 vos risques et p\u00e9rils.<\/li>\n<\/ul>\n","protected":false},"excerpt":{"rendered":"<p>Bus d&rsquo;expansion et de synchronisation RGB 12V Bykski 1 \u00e0 10 (B-MBDT-1TO10-RGB) Ce bus d&rsquo;expansion permet d&rsquo;\u00e9tendre le connecteur LED 12V de votre carte m\u00e8re, vous permettant de synchroniser et d&rsquo;int\u00e9grer jusqu&rsquo;\u00e0 10 composants compatibles, tels que des ventilateurs, des blocs d&rsquo;eau et plus encore. Il convertit un seul connecteur LED de la carte m\u00e8re [&hellip;]<\/p>\n","protected":false},"featured_media":10169,"template":"","meta":{"_genesis_hide_title":false,"_genesis_hide_breadcrumbs":false,"_genesis_hide_singular_image":false,"_genesis_hide_footer_widgets":false,"_genesis_custom_body_class":"","_genesis_custom_post_class":"","_genesis_layout":""},"product_brand":[],"product_cat":[49,25],"product_tag":[],"class_list":{"0":"post-11048","1":"product","2":"type-product","3":"status-publish","4":"has-post-thumbnail","6":"product_cat-12-volt","7":"product_cat-led-controleurs","8":"entry","10":"first","11":"instock","12":"taxable","13":"shipping-taxable","14":"purchasable","15":"product-type-simple"},"_links":{"self":[{"href":"https:\/\/proliquidpc.com\/fr\/wp-json\/wp\/v2\/product\/11048","targetHints":{"allow":["GET"]}}],"collection":[{"href":"https:\/\/proliquidpc.com\/fr\/wp-json\/wp\/v2\/product"}],"about":[{"href":"https:\/\/proliquidpc.com\/fr\/wp-json\/wp\/v2\/types\/product"}],"wp:featuredmedia":[{"embeddable":true,"href":"https:\/\/proliquidpc.com\/fr\/wp-json\/wp\/v2\/media\/10169"}],"wp:attachment":[{"href":"https:\/\/proliquidpc.com\/fr\/wp-json\/wp\/v2\/media?parent=11048"}],"wp:term":[{"taxonomy":"product_brand","embeddable":true,"href":"https:\/\/proliquidpc.com\/fr\/wp-json\/wp\/v2\/product_brand?post=11048"},{"taxonomy":"product_cat","embeddable":true,"href":"https:\/\/proliquidpc.com\/fr\/wp-json\/wp\/v2\/product_cat?post=11048"},{"taxonomy":"product_tag","embeddable":true,"href":"https:\/\/proliquidpc.com\/fr\/wp-json\/wp\/v2\/product_tag?post=11048"}],"curies":[{"name":"wp","href":"https:\/\/api.w.org\/{rel}","templated":true}]}}