{"id":11049,"date":"2025-03-02T14:22:11","date_gmt":"2025-03-02T19:22:11","guid":{"rendered":"https:\/\/proliquidpc.com\/boutique\/non class\u00e9\/bloc-de-connexion-pont-dual-gpu-40mm-sli-cf-bykski-pour-blocs-tc-b-l3-2way-tc\/"},"modified":"2025-03-02T14:22:11","modified_gmt":"2025-03-02T19:22:11","slug":"bloc-de-connexion-pont-dual-gpu-40mm-sli-cf-bykski-pour-blocs-tc-b-l3-2way-tc","status":"publish","type":"product","link":"https:\/\/proliquidpc.com\/fr\/boutique\/gpu-waterblock\/gpu-nvidia\/serie-3000\/bloc-de-connexion-pont-dual-gpu-40mm-sli-cf-bykski-pour-blocs-tc-b-l3-2way-tc\/","title":{"rendered":"Bloc de connexion pont Dual GPU 40mm SLI\/CF Bykski pour blocs TC (B-L3-2WAY-TC)"},"content":{"rendered":"<p>Ce bloc de connexion permet de relier deux blocs GPU TC Style adjacents (espac\u00e9s de 40 mm), cr\u00e9ant ainsi un bloc unique. Cela augmente la rigidit\u00e9 et la stabilit\u00e9 de vos GPU tout en \u00e9liminant le besoin de raccords ou de tuyaux entre les blocs.<\/p>\n<p><strong>Caract\u00e9ristiques :<\/strong><\/p>\n<ul>\n<li><strong>Mat\u00e9riau<\/strong>\u00a0: PMMA (polym\u00e9thacrylate de m\u00e9thyle)<\/li>\n<li><strong>Filetage<\/strong>\u00a0: Con\u00e7u pour s&rsquo;adapter aux raccords standard G1\/4<\/li>\n<\/ul>\n<p><strong>Sp\u00e9cifications :<\/strong><\/p>\n<ul>\n<li><strong>Mod\u00e8le<\/strong>\u00a0: B-L3-2WAY-TC<\/li>\n<li><strong>Marque<\/strong>\u00a0: Bykski<\/li>\n<li><strong>Mat\u00e9riau<\/strong>\u00a0: PMMA<\/li>\n<\/ul>\n<p><strong>Compatibilit\u00e9<\/strong>\u00a0:<\/p>\n<ul>\n<li><strong>Blocs GPU<\/strong>\u00a0: 2 (Marque Bykski)\n<ul>\n<li>N-RTX3090H-TC-V2<\/li>\n<li>N-GV3090GMOC-TC<\/li>\n<li>N-GV3090AORUS-TC<\/li>\n<li>N-GV3090AORUSXE-TC<\/li>\n<li>N-ST3090TQ-TC<\/li>\n<li>N-ST3090PGF-TC<\/li>\n<li>N-ST3090XG-TC<\/li>\n<li>N-EV3090FTW3-TC<\/li>\n<li>N-GY3090CL-TC<\/li>\n<li>N-GY3090GAMER-TC<\/li>\n<li>N-IG3090UL-TC<\/li>\n<li>N-IG3090ZF-TC<\/li>\n<li>N-ICH3090-TC<\/li>\n<li>N-MS3090VES-TC<\/li>\n<li>N-GY3090HOF-TC (ne convient PAS)<\/li>\n<\/ul>\n<\/li>\n<li><strong>Espacement des slots PCI-E<\/strong>\u00a0: 40 mm (V\u00e9rifiez la galerie d&rsquo;images ci-dessus)<\/li>\n<\/ul>\n<p><strong>Pi\u00e8ces incluses :<\/strong><\/p>\n<ul>\n<li>1x Bloc de connexion pont Dual GPU 40mm SLI\/CF Bykski pour blocs TC<\/li>\n<li>Raccords de bouchage NON inclus<\/li>\n<li>Bande LED NON incluse, vendue s\u00e9par\u00e9ment<\/li>\n<\/ul>\n<p><strong>Avertissements :<\/strong><\/p>\n<ul>\n<li>Le bloc de pont a 4 ports, seuls 2 sont n\u00e9cessaires pour l&rsquo;utilisation, donc des raccords de bouchage peuvent \u00eatre requis selon la configuration. Veuillez planifier en cons\u00e9quence.<\/li>\n<li>Avant d&rsquo;acheter ce module, veuillez mesurer si l&#8217;emplacement du slot de la carte graphique sur la carte m\u00e8re r\u00e9pond aux exigences. La hauteur doit \u00eatre de 40 mm.<\/li>\n<li>Non responsable des dommages caus\u00e9s par ou lors de l&rsquo;utilisation de ce produit. Utilisation \u00e0 vos risques et p\u00e9rils.<\/li>\n<\/ul>\n","protected":false},"excerpt":{"rendered":"<p>Ce bloc de connexion permet de relier deux blocs GPU TC Style adjacents (espac\u00e9s de 40 mm), cr\u00e9ant ainsi un bloc unique. Cela augmente la rigidit\u00e9 et la stabilit\u00e9 de vos GPU tout en \u00e9liminant le besoin de raccords ou de tuyaux entre les blocs. Caract\u00e9ristiques : Mat\u00e9riau\u00a0: PMMA (polym\u00e9thacrylate de m\u00e9thyle) Filetage\u00a0: Con\u00e7u pour [&hellip;]<\/p>\n","protected":false},"featured_media":10576,"template":"","meta":{"_genesis_hide_title":false,"_genesis_hide_breadcrumbs":false,"_genesis_hide_singular_image":false,"_genesis_hide_footer_widgets":false,"_genesis_custom_body_class":"","_genesis_custom_post_class":"","_genesis_layout":""},"product_brand":[],"product_cat":[39,57],"product_tag":[],"class_list":{"0":"post-11049","1":"product","2":"type-product","3":"status-publish","4":"has-post-thumbnail","6":"product_cat-gpu-nvidia","7":"product_cat-serie-3000","8":"entry","10":"first","11":"instock","12":"taxable","13":"shipping-taxable","14":"purchasable","15":"product-type-simple"},"_links":{"self":[{"href":"https:\/\/proliquidpc.com\/fr\/wp-json\/wp\/v2\/product\/11049","targetHints":{"allow":["GET"]}}],"collection":[{"href":"https:\/\/proliquidpc.com\/fr\/wp-json\/wp\/v2\/product"}],"about":[{"href":"https:\/\/proliquidpc.com\/fr\/wp-json\/wp\/v2\/types\/product"}],"wp:featuredmedia":[{"embeddable":true,"href":"https:\/\/proliquidpc.com\/fr\/wp-json\/wp\/v2\/media\/10576"}],"wp:attachment":[{"href":"https:\/\/proliquidpc.com\/fr\/wp-json\/wp\/v2\/media?parent=11049"}],"wp:term":[{"taxonomy":"product_brand","embeddable":true,"href":"https:\/\/proliquidpc.com\/fr\/wp-json\/wp\/v2\/product_brand?post=11049"},{"taxonomy":"product_cat","embeddable":true,"href":"https:\/\/proliquidpc.com\/fr\/wp-json\/wp\/v2\/product_cat?post=11049"},{"taxonomy":"product_tag","embeddable":true,"href":"https:\/\/proliquidpc.com\/fr\/wp-json\/wp\/v2\/product_tag?post=11049"}],"curies":[{"name":"wp","href":"https:\/\/api.w.org\/{rel}","templated":true}]}}