{"id":11050,"date":"2025-02-19T03:26:56","date_gmt":"2025-02-19T08:26:56","guid":{"rendered":"https:\/\/proliquidpc.com\/boutique\/non class\u00e9\/bloc-de-refroidissement-liquide-pour-cpu-bykski-cpu-ray-on-m-avec-affichage-numerique-de-la-temperature-noir-avec-rgb-adressable-5v-rbw-am3-am4-fm2\/"},"modified":"2025-02-19T03:26:56","modified_gmt":"2025-02-19T08:26:56","slug":"bloc-de-refroidissement-liquide-pour-cpu-bykski-cpu-ray-on-m-avec-affichage-numerique-de-la-temperature-noir-avec-rgb-adressable-5v-rbw-am3-am4-fm2","status":"publish","type":"product","link":"https:\/\/proliquidpc.com\/fr\/boutique\/cpu-waterblock\/cpu-amd\/bloc-de-refroidissement-liquide-pour-cpu-bykski-cpu-ray-on-m-avec-affichage-numerique-de-la-temperature-noir-avec-rgb-adressable-5v-rbw-am3-am4-fm2\/","title":{"rendered":"Bloc de refroidissement liquide pour CPU Bykski CPU-RAY-ON-M avec affichage num\u00e9rique de la temp\u00e9rature &#8211; Noir avec RGB adressable 5V (RBW) (AM3 \/ AM4 \/ FM2+)"},"content":{"rendered":"<p>Ce bloc de refroidissement liquide pour CPU Bykski est \u00e9quip\u00e9 d&rsquo;un affichage num\u00e9rique en temps r\u00e9el de la temp\u00e9rature. Cet affichage est int\u00e9gr\u00e9 directement sur le dessus du bloc, offrant une lecture facile et une esth\u00e9tique visuelle impressionnante. Le bloc dispose d&rsquo;une plaque de base en cuivre \u00e9lectroplaqu\u00e9 recouverte d&rsquo;un dessus en PMMA usin\u00e9 avec pr\u00e9cision et d&rsquo;un couvercle en aluminium.<\/p>\n<p><strong>Caract\u00e9ristiques :<\/strong><\/p>\n<ul>\n<li><strong>Mat\u00e9riau<\/strong>\u00a0: Base en cuivre de haute puret\u00e9 \u00e9lectroplaqu\u00e9 \/ Dessus en PMMA \/ Couvercle en aluminium<\/li>\n<li><strong>Filetage<\/strong>\u00a0: G1\/4<\/li>\n<li><strong>Canaux<\/strong>\u00a0: 0,5 mm pour un flux \u00e9lev\u00e9 et une dissipation thermique efficace<\/li>\n<li><strong>Affichage<\/strong>\u00a0: Affichage num\u00e9rique de la temp\u00e9rature int\u00e9gr\u00e9<\/li>\n<li><strong>RGB<\/strong>\u00a0: RGB adressable 5V (RBW)<\/li>\n<\/ul>\n<p><strong>Compatibilit\u00e9 :<\/strong><\/p>\n<ul>\n<li><strong>Sockets AMD<\/strong>\u00a0: AM4 (Ryzen 9, 7, 5, 3) \/ AM3+ \/ AM3 \/ AM2+ \/ AM2 \/ FM2+ \/ FM2 \/ FM1 \/ TR4 \/ sTRX4<\/li>\n<\/ul>\n<p><strong>Pi\u00e8ces incluses :<\/strong><\/p>\n<ul>\n<li>1x Bloc de refroidissement liquide pour CPU Bykski CPU-RAY-ON-M<\/li>\n<li>C\u00e2ble de synchronisation 5V RGB<\/li>\n<\/ul>\n<p><strong>Avertissements :<\/strong><\/p>\n<ul>\n<li>Non responsable des dommages caus\u00e9s par ou lors de l&rsquo;utilisation de ce produit. Utilisation \u00e0 vos risques et p\u00e9rils<\/li>\n<\/ul>\n","protected":false},"excerpt":{"rendered":"<p>Ce bloc de refroidissement liquide pour CPU Bykski est \u00e9quip\u00e9 d&rsquo;un affichage num\u00e9rique en temps r\u00e9el de la temp\u00e9rature. Cet affichage est int\u00e9gr\u00e9 directement sur le dessus du bloc, offrant une lecture facile et une esth\u00e9tique visuelle impressionnante. Le bloc dispose d&rsquo;une plaque de base en cuivre \u00e9lectroplaqu\u00e9 recouverte d&rsquo;un dessus en PMMA usin\u00e9 avec [&hellip;]<\/p>\n","protected":false},"featured_media":10070,"template":"","meta":{"_genesis_hide_title":false,"_genesis_hide_breadcrumbs":false,"_genesis_hide_singular_image":false,"_genesis_hide_footer_widgets":false,"_genesis_custom_body_class":"","_genesis_custom_post_class":"","_genesis_layout":""},"product_brand":[],"product_cat":[37,36],"product_tag":[],"class_list":{"0":"post-11050","1":"product","2":"type-product","3":"status-publish","4":"has-post-thumbnail","6":"product_cat-cpu-amd","7":"product_cat-cpu-waterblock","8":"entry","10":"first","11":"outofstock","12":"taxable","13":"shipping-taxable","14":"purchasable","15":"product-type-simple"},"_links":{"self":[{"href":"https:\/\/proliquidpc.com\/fr\/wp-json\/wp\/v2\/product\/11050","targetHints":{"allow":["GET"]}}],"collection":[{"href":"https:\/\/proliquidpc.com\/fr\/wp-json\/wp\/v2\/product"}],"about":[{"href":"https:\/\/proliquidpc.com\/fr\/wp-json\/wp\/v2\/types\/product"}],"wp:featuredmedia":[{"embeddable":true,"href":"https:\/\/proliquidpc.com\/fr\/wp-json\/wp\/v2\/media\/10070"}],"wp:attachment":[{"href":"https:\/\/proliquidpc.com\/fr\/wp-json\/wp\/v2\/media?parent=11050"}],"wp:term":[{"taxonomy":"product_brand","embeddable":true,"href":"https:\/\/proliquidpc.com\/fr\/wp-json\/wp\/v2\/product_brand?post=11050"},{"taxonomy":"product_cat","embeddable":true,"href":"https:\/\/proliquidpc.com\/fr\/wp-json\/wp\/v2\/product_cat?post=11050"},{"taxonomy":"product_tag","embeddable":true,"href":"https:\/\/proliquidpc.com\/fr\/wp-json\/wp\/v2\/product_tag?post=11050"}],"curies":[{"name":"wp","href":"https:\/\/api.w.org\/{rel}","templated":true}]}}