{"id":11052,"date":"2025-03-01T13:22:06","date_gmt":"2025-03-01T18:22:06","guid":{"rendered":"https:\/\/proliquidpc.com\/boutique\/non class\u00e9\/bloc-de-refroidissement-liquide-haute-performance-pour-cpu-bykski-cpu-xpr-i-v3\/"},"modified":"2025-03-01T13:22:06","modified_gmt":"2025-03-01T18:22:06","slug":"bloc-de-refroidissement-liquide-haute-performance-pour-cpu-bykski-cpu-xpr-i-v3","status":"publish","type":"product","link":"https:\/\/proliquidpc.com\/fr\/boutique\/cpu-waterblock\/cpu-intel\/bloc-de-refroidissement-liquide-haute-performance-pour-cpu-bykski-cpu-xpr-i-v3\/","title":{"rendered":"Bloc de refroidissement liquide haute performance pour CPU Bykski CPU-XPR-I-V3"},"content":{"rendered":"<p>Ce bloc de refroidissement liquide pour CPU Bykski est con\u00e7u pour offrir des performances de refroidissement exceptionnelles gr\u00e2ce \u00e0 ses ailettes agressives de 0,08 mm et \u00e0 sa construction robuste. Il est compatible avec une large gamme de sockets Intel, notamment LGA 1200, 1700, 115x, 2011 et 2066.<\/p>\n<p><strong>Caract\u00e9ristiques :<\/strong><\/p>\n<ul>\n<li><strong>Ailettes<\/strong>\u00a0: Ailettes de 0,08 mm pour une absorption et une dissipation thermique maximales<\/li>\n<li><strong>Construction<\/strong>\u00a0: Montage robuste pour une stabilit\u00e9 et une durabilit\u00e9 accrues<\/li>\n<li><strong>RGB<\/strong>\u00a0: Bande lumineuse RGB adressable 5V (RBW) incluse sur le mod\u00e8le PMMA, ajoutant une esth\u00e9tique unique<\/li>\n<\/ul>\n<p><strong>Sp\u00e9cifications :<\/strong><\/p>\n<ul>\n<li><strong>Mod\u00e8le<\/strong>\u00a0: CPU-XPR-I-V3<\/li>\n<li><strong>Marque<\/strong>\u00a0: Bykski<\/li>\n<li><strong>Mat\u00e9riau<\/strong>\u00a0: PMMA (polym\u00e9thacrylate de m\u00e9thyle) pour le mod\u00e8le avec RGB<\/li>\n<li><strong>Filetage<\/strong>\u00a0: G1\/4<\/li>\n<\/ul>\n<p><strong>Compatibilit\u00e9 :<\/strong><\/p>\n<ul>\n<li><strong>Sockets Intel<\/strong>\u00a0: LGA 1200, 1700, 115x, 2011, 2066<\/li>\n<\/ul>\n<p><strong>Pi\u00e8ces incluses :<\/strong><\/p>\n<ul>\n<li>1x Bloc de refroidissement liquide pour CPU Bykski CPU-XPR-I-V3<\/li>\n<li>Bande lumineuse RGB adressable 5V (RBW) incluse sur le mod\u00e8le PMMA<\/li>\n<\/ul>\n<p><strong>Avertissements :<\/strong><\/p>\n<ul>\n<li>Ne pas utiliser ce bloc avec des liquides de refroidissement contenant des particules flottantes, car les canaux de 0,08 mm peuvent se boucher facilement\n<div class=\"___frx9oy0 f14t3ns0\" data-stable-ignore=\"true\" data-testid=\"CitationPillContainerTestId\"><a class=\"fai-Citation r9zkot ___1wvzp64 f16xq7d1 fkfq4zb f5ogflp f1hqa2wf f1f09k3d finvdd3 fzkkow9 fcdblym fg706s2 fjik90z fj3muxo f1akhkt f1aperda f1lxtadh\" role=\"button\" aria-expanded=\"false\" data-testid=\"citation\" aria-label=\"Fen\u00eatre superpos\u00e9e ouverte pour la citation \u00e0 la position 1.\" data-tabster=\"{&quot;restorer&quot;:{&quot;type&quot;:1}}\">1<\/a><\/div>\n<div class=\"___frx9oy0 f14t3ns0\" data-stable-ignore=\"true\" data-testid=\"CitationPillContainerTestId\"><a class=\"fai-Citation r9zkot ___1wvzp64 f16xq7d1 fkfq4zb f5ogflp f1hqa2wf f1f09k3d finvdd3 fzkkow9 fcdblym fg706s2 fjik90z fj3muxo f1akhkt f1aperda f1lxtadh\" role=\"button\" aria-expanded=\"false\" data-testid=\"citation\" aria-label=\"Fen\u00eatre superpos\u00e9e ouverte pour la citation \u00e0 la position 2.\" data-tabster=\"{&quot;restorer&quot;:{&quot;type&quot;:1}}\">2<\/a><\/div>\n<div class=\"___frx9oy0 f14t3ns0\" data-stable-ignore=\"true\" data-testid=\"CitationPillContainerTestId\"><a class=\"fai-Citation r9zkot ___1wvzp64 f16xq7d1 fkfq4zb f5ogflp f1hqa2wf f1f09k3d finvdd3 fzkkow9 fcdblym fg706s2 fjik90z fj3muxo f1akhkt f1aperda f1lxtadh\" role=\"button\" aria-expanded=\"false\" data-testid=\"citation\" aria-label=\"Fen\u00eatre superpos\u00e9e ouverte pour la citation \u00e0 la position 3.\" data-tabster=\"{&quot;restorer&quot;:{&quot;type&quot;:1}}\">3<\/a><\/div>\n<p>.<\/li>\n<li>Assurez-vous que le syst\u00e8me est extr\u00eamement propre et utilisez un filtre recommand\u00e9.<\/li>\n<li>Faites attention \u00e0 l&rsquo;entr\u00e9e et \u00e0 la sortie lors de l&rsquo;installation. Une mauvaise direction peut affecter les performances de dissipation thermique.<\/li>\n<li>Non responsable des dommages caus\u00e9s par ou lors de l&rsquo;utilisation de ce produit. Utilisation \u00e0 vos risques et p\u00e9rils.<\/li>\n<\/ul>\n","protected":false},"excerpt":{"rendered":"<p>Ce bloc de refroidissement liquide pour CPU Bykski est con\u00e7u pour offrir des performances de refroidissement exceptionnelles gr\u00e2ce \u00e0 ses ailettes agressives de 0,08 mm et \u00e0 sa construction robuste. Il est compatible avec une large gamme de sockets Intel, notamment LGA 1200, 1700, 115x, 2011 et 2066. Caract\u00e9ristiques : Ailettes\u00a0: Ailettes de 0,08 mm [&hellip;]<\/p>\n","protected":false},"featured_media":10367,"template":"","meta":{"_genesis_hide_title":false,"_genesis_hide_breadcrumbs":false,"_genesis_hide_singular_image":false,"_genesis_hide_footer_widgets":false,"_genesis_custom_body_class":"","_genesis_custom_post_class":"","_genesis_layout":""},"product_brand":[],"product_cat":[43,36],"product_tag":[],"class_list":{"0":"post-11052","1":"product","2":"type-product","3":"status-publish","4":"has-post-thumbnail","6":"product_cat-cpu-intel","7":"product_cat-cpu-waterblock","8":"entry","10":"first","11":"outofstock","12":"taxable","13":"shipping-taxable","14":"purchasable","15":"product-type-simple"},"_links":{"self":[{"href":"https:\/\/proliquidpc.com\/fr\/wp-json\/wp\/v2\/product\/11052","targetHints":{"allow":["GET"]}}],"collection":[{"href":"https:\/\/proliquidpc.com\/fr\/wp-json\/wp\/v2\/product"}],"about":[{"href":"https:\/\/proliquidpc.com\/fr\/wp-json\/wp\/v2\/types\/product"}],"wp:featuredmedia":[{"embeddable":true,"href":"https:\/\/proliquidpc.com\/fr\/wp-json\/wp\/v2\/media\/10367"}],"wp:attachment":[{"href":"https:\/\/proliquidpc.com\/fr\/wp-json\/wp\/v2\/media?parent=11052"}],"wp:term":[{"taxonomy":"product_brand","embeddable":true,"href":"https:\/\/proliquidpc.com\/fr\/wp-json\/wp\/v2\/product_brand?post=11052"},{"taxonomy":"product_cat","embeddable":true,"href":"https:\/\/proliquidpc.com\/fr\/wp-json\/wp\/v2\/product_cat?post=11052"},{"taxonomy":"product_tag","embeddable":true,"href":"https:\/\/proliquidpc.com\/fr\/wp-json\/wp\/v2\/product_tag?post=11052"}],"curies":[{"name":"wp","href":"https:\/\/api.w.org\/{rel}","templated":true}]}}