{"id":11056,"date":"2025-02-21T03:04:55","date_gmt":"2025-02-21T08:04:55","guid":{"rendered":"https:\/\/proliquidpc.com\/boutique\/non class\u00e9\/armure-de-pompe-icemancooler-ice-d5c-d5-noir\/"},"modified":"2025-02-21T03:04:55","modified_gmt":"2025-02-21T08:04:55","slug":"armure-de-pompe-icemancooler-ice-d5c-d5-noir","status":"publish","type":"product","link":"https:\/\/proliquidpc.com\/fr\/boutique\/pompes\/pompes-d5-accessoires\/armure-de-pompe-icemancooler-ice-d5c-d5-noir\/","title":{"rendered":"Armure de pompe IceManCooler ICE-D5C D5 &#8211; Noir"},"content":{"rendered":"<p>Cette armure de pompe est con\u00e7ue pour prot\u00e9ger et am\u00e9liorer l&rsquo;apparence de votre pompe D5. Fabriqu\u00e9e en alliage d&rsquo;aluminium, elle offre une protection robuste tout en ajoutant une touche esth\u00e9tique \u00e0 votre syst\u00e8me de refroidissement liquide.<\/p>\n<p><strong>Caract\u00e9ristiques :<\/strong><\/p>\n<ul>\n<li><strong>Mat\u00e9riau<\/strong>\u00a0: Alliage d&rsquo;aluminium<\/li>\n<li><strong>Couleur<\/strong>\u00a0: Noir<\/li>\n<li><strong>Compatibilit\u00e9<\/strong>\u00a0: Pompes D5<\/li>\n<\/ul>\n<p><strong>Pi\u00e8ces incluses :<\/strong><\/p>\n<ul>\n<li>1x Armure de pompe IceManCooler ICE-D5C D5<\/li>\n<\/ul>\n<p><strong>Avertissements :<\/strong><\/p>\n<ul>\n<li>Non responsable des dommages caus\u00e9s par ou lors de l&rsquo;utilisation de ce produit. Utilisation \u00e0 vos risques et p\u00e9rils<\/li>\n<\/ul>\n","protected":false},"excerpt":{"rendered":"<p>Cette armure de pompe est con\u00e7ue pour prot\u00e9ger et am\u00e9liorer l&rsquo;apparence de votre pompe D5. Fabriqu\u00e9e en alliage d&rsquo;aluminium, elle offre une protection robuste tout en ajoutant une touche esth\u00e9tique \u00e0 votre syst\u00e8me de refroidissement liquide. Caract\u00e9ristiques : Mat\u00e9riau\u00a0: Alliage d&rsquo;aluminium Couleur\u00a0: Noir Compatibilit\u00e9\u00a0: Pompes D5 Pi\u00e8ces incluses : 1x Armure de pompe IceManCooler ICE-D5C [&hellip;]<\/p>\n","protected":false},"featured_media":10091,"template":"","meta":{"_genesis_hide_title":false,"_genesis_hide_breadcrumbs":false,"_genesis_hide_singular_image":false,"_genesis_hide_footer_widgets":false,"_genesis_custom_body_class":"","_genesis_custom_post_class":"","_genesis_layout":""},"product_brand":[],"product_cat":[46,50],"product_tag":[],"class_list":{"0":"post-11056","1":"product","2":"type-product","3":"status-publish","4":"has-post-thumbnail","6":"product_cat-pompes","7":"product_cat-pompes-d5-accessoires","8":"entry","10":"first","11":"instock","12":"taxable","13":"shipping-taxable","14":"purchasable","15":"product-type-simple"},"_links":{"self":[{"href":"https:\/\/proliquidpc.com\/fr\/wp-json\/wp\/v2\/product\/11056","targetHints":{"allow":["GET"]}}],"collection":[{"href":"https:\/\/proliquidpc.com\/fr\/wp-json\/wp\/v2\/product"}],"about":[{"href":"https:\/\/proliquidpc.com\/fr\/wp-json\/wp\/v2\/types\/product"}],"wp:featuredmedia":[{"embeddable":true,"href":"https:\/\/proliquidpc.com\/fr\/wp-json\/wp\/v2\/media\/10091"}],"wp:attachment":[{"href":"https:\/\/proliquidpc.com\/fr\/wp-json\/wp\/v2\/media?parent=11056"}],"wp:term":[{"taxonomy":"product_brand","embeddable":true,"href":"https:\/\/proliquidpc.com\/fr\/wp-json\/wp\/v2\/product_brand?post=11056"},{"taxonomy":"product_cat","embeddable":true,"href":"https:\/\/proliquidpc.com\/fr\/wp-json\/wp\/v2\/product_cat?post=11056"},{"taxonomy":"product_tag","embeddable":true,"href":"https:\/\/proliquidpc.com\/fr\/wp-json\/wp\/v2\/product_tag?post=11056"}],"curies":[{"name":"wp","href":"https:\/\/api.w.org\/{rel}","templated":true}]}}