{"id":11063,"date":"2025-03-12T03:47:16","date_gmt":"2025-03-12T07:47:16","guid":{"rendered":"https:\/\/proliquidpc.com\/?post_type=product&#038;p=11063"},"modified":"2026-02-21T04:10:43","modified_gmt":"2026-02-21T09:10:43","slug":"hard-tubing-en-pmma-bykski-cb-pmmafr-14-givre-1000mm","status":"publish","type":"product","link":"https:\/\/proliquidpc.com\/fr\/boutique\/tubing\/hard-tubing-acrylique-pmma\/hard-tubing-en-pmma-bykski-cb-pmmafr-14-givre-1000mm\/","title":{"rendered":"Hard tubing en PMMA Bykski &#8211; CB-PMMAFR-14 &#8211; Givr\u00e9 1000mm"},"content":{"rendered":"<p>Pour ceux qui ne veulent pas utiliser de tubes ou de tubes PETG, les tubes en PMMA de Bykski sont une excellente alternative. Les tubes solides en plastique acrylique peuvent \u00eatre coup\u00e9s \u00e0 la longueur requise et pli\u00e9s dans la forme souhait\u00e9e \u00e0 l\u2019aide d\u2019une source de chaleur, telle qu\u2019un pistolet thermique. Le tube a une longueur de 50 cm, un diam\u00e8tre ext\u00e9rieur de 14 mm et un diam\u00e8tre int\u00e9rieur de 10 mm.<\/p>\n","protected":false},"excerpt":{"rendered":"<p>Pour ceux qui ne veulent pas utiliser de tubes ou de tubes PETG, les tubes en PMMA de Bykski sont une excellente alternative. Les tubes solides en plastique acrylique peuvent \u00eatre coup\u00e9s \u00e0 la longueur requise et pli\u00e9s dans la forme souhait\u00e9e \u00e0 l\u2019aide d\u2019une source de chaleur, telle qu\u2019un pistolet thermique. Le tube a [&hellip;]<\/p>\n","protected":false},"featured_media":7428,"template":"","meta":{"_genesis_hide_title":false,"_genesis_hide_breadcrumbs":false,"_genesis_hide_singular_image":false,"_genesis_hide_footer_widgets":false,"_genesis_custom_body_class":"","_genesis_custom_post_class":"","_genesis_layout":""},"product_brand":[],"product_cat":[76,27],"product_tag":[],"class_list":{"0":"post-11063","1":"product","2":"type-product","3":"status-publish","4":"has-post-thumbnail","6":"product_cat-hard-tubing-acrylique-pmma","7":"product_cat-tubing","8":"entry","10":"first","11":"instock","12":"taxable","13":"shipping-taxable","14":"purchasable","15":"product-type-simple"},"_links":{"self":[{"href":"https:\/\/proliquidpc.com\/fr\/wp-json\/wp\/v2\/product\/11063","targetHints":{"allow":["GET"]}}],"collection":[{"href":"https:\/\/proliquidpc.com\/fr\/wp-json\/wp\/v2\/product"}],"about":[{"href":"https:\/\/proliquidpc.com\/fr\/wp-json\/wp\/v2\/types\/product"}],"wp:featuredmedia":[{"embeddable":true,"href":"https:\/\/proliquidpc.com\/fr\/wp-json\/wp\/v2\/media\/7428"}],"wp:attachment":[{"href":"https:\/\/proliquidpc.com\/fr\/wp-json\/wp\/v2\/media?parent=11063"}],"wp:term":[{"taxonomy":"product_brand","embeddable":true,"href":"https:\/\/proliquidpc.com\/fr\/wp-json\/wp\/v2\/product_brand?post=11063"},{"taxonomy":"product_cat","embeddable":true,"href":"https:\/\/proliquidpc.com\/fr\/wp-json\/wp\/v2\/product_cat?post=11063"},{"taxonomy":"product_tag","embeddable":true,"href":"https:\/\/proliquidpc.com\/fr\/wp-json\/wp\/v2\/product_tag?post=11063"}],"curies":[{"name":"wp","href":"https:\/\/api.w.org\/{rel}","templated":true}]}}