{"id":11262,"date":"2025-03-30T11:15:21","date_gmt":"2025-03-30T15:15:21","guid":{"rendered":"https:\/\/proliquidpc.com\/?post_type=product&#038;p=11262"},"modified":"2025-03-30T11:20:57","modified_gmt":"2025-03-30T15:20:57","slug":"clavier-mecanique-custom-theme-surf","status":"publish","type":"product","link":"https:\/\/proliquidpc.com\/fr\/boutique\/claviers-custom\/clavier-mecanique-custom-theme-surf\/","title":{"rendered":"Clavier m\u00e9canique custom &#8211; Th\u00e8me Surf"},"content":{"rendered":"<div>\n<div>\n<div>\n<ul>\n<li>Format 75% TKL<\/li>\n<li>Compact parfait hybride entre navigation et gaming<\/li>\n<li>Case en Aluminium avec foam pour att\u00e9nuer le bruit<\/li>\n<li>Pour avoir le son le plus doux et satisfaisant: Switches Gateron Yellow Milky<\/li>\n<li>Lubrifi\u00e9 \u00e0 la main<\/li>\n<li>On retrouve aussi directement sur le clavier les macros n\u00e9cessaires pour changer les diff\u00e9rentes teinte RGB<\/li>\n<li>Possibilit\u00e9 de cr\u00e9er vos propres macros et changer plus facilement les LEDs<\/li>\n<\/ul>\n<p>Dans la bo\u00eete :<\/p>\n<\/div>\n<div>\n<ul>\n<li>Fil de connexion USB-C<\/li>\n<li>Un outil pour retirer les switches et les keycaps<\/li>\n<li>Manuel d\u2019utilisation contenant toutes les macros (les macros du clavier sont toutes les touches m\u00e9dia &#8211; gestion du son et de la musique de fond)<\/li>\n<\/ul>\n<\/div>\n<div><\/div>\n<\/div>\n<\/div>\n","protected":false},"excerpt":{"rendered":"<p>Format 75% TKL Compact parfait hybride entre navigation et gaming Case en Aluminium avec foam pour att\u00e9nuer le bruit Pour avoir le son le plus doux et satisfaisant: Switches Gateron Yellow Milky Lubrifi\u00e9 \u00e0 la main On retrouve aussi directement sur le clavier les macros n\u00e9cessaires pour changer les diff\u00e9rentes teinte RGB Possibilit\u00e9 de cr\u00e9er [&hellip;]<\/p>\n","protected":false},"featured_media":11259,"template":"","meta":{"_genesis_hide_title":false,"_genesis_hide_breadcrumbs":false,"_genesis_hide_singular_image":false,"_genesis_hide_footer_widgets":false,"_genesis_custom_body_class":"","_genesis_custom_post_class":"","_genesis_layout":""},"product_brand":[],"product_cat":[238],"product_tag":[],"class_list":{"0":"post-11262","1":"product","2":"type-product","3":"status-publish","4":"has-post-thumbnail","6":"product_cat-claviers-custom","7":"entry","9":"first","10":"outofstock","11":"taxable","12":"shipping-taxable","13":"purchasable","14":"product-type-simple"},"_links":{"self":[{"href":"https:\/\/proliquidpc.com\/fr\/wp-json\/wp\/v2\/product\/11262","targetHints":{"allow":["GET"]}}],"collection":[{"href":"https:\/\/proliquidpc.com\/fr\/wp-json\/wp\/v2\/product"}],"about":[{"href":"https:\/\/proliquidpc.com\/fr\/wp-json\/wp\/v2\/types\/product"}],"wp:featuredmedia":[{"embeddable":true,"href":"https:\/\/proliquidpc.com\/fr\/wp-json\/wp\/v2\/media\/11259"}],"wp:attachment":[{"href":"https:\/\/proliquidpc.com\/fr\/wp-json\/wp\/v2\/media?parent=11262"}],"wp:term":[{"taxonomy":"product_brand","embeddable":true,"href":"https:\/\/proliquidpc.com\/fr\/wp-json\/wp\/v2\/product_brand?post=11262"},{"taxonomy":"product_cat","embeddable":true,"href":"https:\/\/proliquidpc.com\/fr\/wp-json\/wp\/v2\/product_cat?post=11262"},{"taxonomy":"product_tag","embeddable":true,"href":"https:\/\/proliquidpc.com\/fr\/wp-json\/wp\/v2\/product_tag?post=11262"}],"curies":[{"name":"wp","href":"https:\/\/api.w.org\/{rel}","templated":true}]}}