{"id":11594,"date":"2025-10-13T17:16:49","date_gmt":"2025-10-13T21:16:49","guid":{"rendered":"https:\/\/proliquidpc.com\/?post_type=product&#038;p=11594"},"modified":"2025-10-29T18:48:06","modified_gmt":"2025-10-29T22:48:06","slug":"fitting-a-barbes-bykski-b-tj3-pour-tube-flexible-de-3-8-po-10-mm-id-argent","status":"publish","type":"product","link":"https:\/\/proliquidpc.com\/fr\/boutique\/fittings\/soft-fitting-3-8-id-x-1-2-od\/fitting-a-barbes-bykski-b-tj3-pour-tube-flexible-de-3-8-po-10-mm-id-argent\/","title":{"rendered":"Fitting \u00e0 barbes Bykski B-TJ3 pour tube flexible de 3\/8 po (10 mm) ID &#8211; Argent"},"content":{"rendered":"<p><strong>Am\u00e9liorez le syst\u00e8me de refroidissement de votre PC avec le fitting \u00e0 barbes flexibles Bykski.<\/strong><br \/>\nCe fitting de haute qualit\u00e9 est con\u00e7u pour offrir une connexion s\u00e9curis\u00e9e et \u00e9tanche \u00e0 vos boucles de refroidissement liquide, garantissant des performances optimales et une longue dur\u00e9e de vie \u00e0 votre syst\u00e8me.<\/p>\n<p><strong>Caract\u00e9ristiques :<\/strong><\/p>\n<ul>\n<li>Construction robuste en laiton<\/li>\n<li>Conception \u00e0 serrage manuel facile, permettant une installation s\u00e9curis\u00e9e sans outils<\/li>\n<li>Conception de pr\u00e9cision assurant une \u00e9tanch\u00e9it\u00e9 parfaite entre les tubes et les waterblock<\/li>\n<li>Compatible avec les tubes flexibles de 8 mm de diam\u00e8tre int\u00e9rieur<\/li>\n<li>Con\u00e7u pour les configurations \u00e0 haut d\u00e9bit, garantissant une r\u00e9sistance minimale \u00e0 l\u2019\u00e9coulement dans votre syst\u00e8me de refroidissement liquide<\/li>\n<\/ul>\n<p><strong>Sp\u00e9cifications :<\/strong><\/p>\n<ul>\n<li>Mat\u00e9riau : Laiton<\/li>\n<li>Couleurs disponibles : Noir, Argent, Blanc<\/li>\n<li>Filetage : G1\/4 po<\/li>\n<li>Pour tuyaux : 3\/8 po \u2013 10 mm de diam\u00e8tre int\u00e9rieur<\/li>\n<li>Collier de serrage : Recommand\u00e9, non inclus<\/li>\n<li>Mod\u00e8le : B-TJ3<\/li>\n<\/ul>\n<p><strong>Pi\u00e8ces incluses :<\/strong><\/p>\n<ul>\n<li>1 x Fitting\u00e0 barbes Bykski Flex 10 mm ID<\/li>\n<\/ul>\n<p><strong>Avertissement :<\/strong><br \/>\nCe produit est con\u00e7u pour une installation autonome. Le fabricant d\u00e9cline toute responsabilit\u00e9 en cas de dommages r\u00e9sultant d\u2019une mauvaise utilisation, y compris, mais sans s\u2019y limiter, une installation incorrecte ou l\u2019utilisation de mat\u00e9riel ou de liquides incompatibles. En utilisant ce produit, vous acceptez tous les risques associ\u00e9s.<\/p>\n","protected":false},"excerpt":{"rendered":"<p>Am\u00e9liorez le syst\u00e8me de refroidissement de votre PC avec le fitting \u00e0 barbes flexibles Bykski. Ce fitting de haute qualit\u00e9 est con\u00e7u pour offrir une connexion s\u00e9curis\u00e9e et \u00e9tanche \u00e0 vos boucles de refroidissement liquide, garantissant des performances optimales et une longue dur\u00e9e de vie \u00e0 votre syst\u00e8me. Caract\u00e9ristiques : Construction robuste en laiton Conception [&hellip;]<\/p>\n","protected":false},"featured_media":11584,"template":"","meta":{"_genesis_hide_title":false,"_genesis_hide_breadcrumbs":false,"_genesis_hide_singular_image":false,"_genesis_hide_footer_widgets":false,"_genesis_custom_body_class":"","_genesis_custom_post_class":"","_genesis_layout":""},"product_brand":[234],"product_cat":[29,84,85],"product_tag":[],"class_list":{"0":"post-11594","1":"product","2":"type-product","3":"status-publish","4":"has-post-thumbnail","6":"product_brand-bykski","7":"product_cat-fittings","8":"product_cat-soft-fitting-3-8-id-x-1-2-od","9":"product_cat-soft-fitting-3-8-id-x-5-8-od","10":"entry","12":"first","13":"instock","14":"taxable","15":"shipping-taxable","16":"purchasable","17":"product-type-simple"},"_links":{"self":[{"href":"https:\/\/proliquidpc.com\/fr\/wp-json\/wp\/v2\/product\/11594","targetHints":{"allow":["GET"]}}],"collection":[{"href":"https:\/\/proliquidpc.com\/fr\/wp-json\/wp\/v2\/product"}],"about":[{"href":"https:\/\/proliquidpc.com\/fr\/wp-json\/wp\/v2\/types\/product"}],"wp:featuredmedia":[{"embeddable":true,"href":"https:\/\/proliquidpc.com\/fr\/wp-json\/wp\/v2\/media\/11584"}],"wp:attachment":[{"href":"https:\/\/proliquidpc.com\/fr\/wp-json\/wp\/v2\/media?parent=11594"}],"wp:term":[{"taxonomy":"product_brand","embeddable":true,"href":"https:\/\/proliquidpc.com\/fr\/wp-json\/wp\/v2\/product_brand?post=11594"},{"taxonomy":"product_cat","embeddable":true,"href":"https:\/\/proliquidpc.com\/fr\/wp-json\/wp\/v2\/product_cat?post=11594"},{"taxonomy":"product_tag","embeddable":true,"href":"https:\/\/proliquidpc.com\/fr\/wp-json\/wp\/v2\/product_tag?post=11594"}],"curies":[{"name":"wp","href":"https:\/\/api.w.org\/{rel}","templated":true}]}}