{"id":11605,"date":"2025-09-01T06:00:30","date_gmt":"2025-09-01T10:00:30","guid":{"rendered":"https:\/\/proliquidpc.com\/?post_type=product&#038;p=11605"},"modified":"2025-10-29T19:05:30","modified_gmt":"2025-10-29T23:05:30","slug":"ekwb-ek-quantum-velocity%c2%b2-d-rgb-kit-de-mise-a-niveau-white-socket-1700","status":"publish","type":"product","link":"https:\/\/proliquidpc.com\/fr\/boutique\/cpu-waterblock\/cpu-intel\/ekwb-ek-quantum-velocity%c2%b2-d-rgb-kit-de-mise-a-niveau-white-socket-1700\/","title":{"rendered":"EKWB EK-Quantum Velocity\u00b2 D-RGB \u2013 Kit de mise \u00e0 niveau White \u2013 Socket 1700"},"content":{"rendered":"<p><strong>Description :<\/strong><br \/>\nLe <strong>EK-Quantum Velocity\u00b2 D-RGB &#8211; 1700 White Upgrade Kit<\/strong> est un <strong>kit de personnalisation<\/strong> con\u00e7u pour transformer l\u2019apparence du <strong>waterblock EK-Quantum Velocity\u00b2 D-RGB &#8211; 1700 Nickel + Plexi<\/strong>. Il permet de remplacer les composants noirs d\u2019origine par des \u00e9l\u00e9ments <strong>blancs \u00e9l\u00e9gants<\/strong>, pour une esth\u00e9tique plus raffin\u00e9e et personnalis\u00e9e.<\/p>\n<p><strong>Caract\u00e9ristiques principales :<\/strong><\/p>\n<ul>\n<li><strong>Mat\u00e9riau :<\/strong> Ac\u00e9tal blanc, robuste et esth\u00e9tique<\/li>\n<li><strong>Diffuseur RGB<\/strong> avec logo Velocity\u00b2, pour un effet lumineux \u00e9l\u00e9gant<\/li>\n<li><strong>Badges EK RGB suppl\u00e9mentaires :<\/strong> 2 inclus dans le kit<\/li>\n<li><strong>Installation facile<\/strong> : remplacement rapide et sans difficult\u00e9 des pi\u00e8ces d\u2019origine<\/li>\n<li><strong>Compatibilit\u00e9 :<\/strong>\n<ul>\n<li>Uniquement compatible avec le <strong>EK-Quantum Velocity\u00b2 D-RGB &#8211; 1700 Nickel + Plexi<\/strong><\/li>\n<\/ul>\n<\/li>\n<li><strong>Couleur :<\/strong> Blanc<\/li>\n<\/ul>\n<p><strong>Contenu du kit :<\/strong><\/p>\n<ul>\n<li>1 x \u00c9l\u00e9ment sup\u00e9rieur blanc (top stand-out)<\/li>\n<li>1 x \u00c9tiquette Velocity\u00b2 blanche<\/li>\n<li>2 x Badges EK RGB<\/li>\n<\/ul>\n<p><strong>Remarques :<\/strong><\/p>\n<ul>\n<li>Ce kit est <strong>strictement d\u00e9coratif<\/strong> et ne modifie pas les performances thermiques du waterblock<\/li>\n<li><strong>Non compatible<\/strong> avec d&rsquo;autres mod\u00e8les que le <strong>Velocity\u00b2 1700 Nickel + Plexi<\/strong><\/li>\n<li>Produit <strong>fabriqu\u00e9 dans l\u2019Union europ\u00e9enne<\/strong><\/li>\n<li><strong>Garantie internationale limit\u00e9e de 2 ans<\/strong><\/li>\n<\/ul>\n","protected":false},"excerpt":{"rendered":"<p>Description : Le EK-Quantum Velocity\u00b2 D-RGB &#8211; 1700 White Upgrade Kit est un kit de personnalisation con\u00e7u pour transformer l\u2019apparence du waterblock EK-Quantum Velocity\u00b2 D-RGB &#8211; 1700 Nickel + Plexi. Il permet de remplacer les composants noirs d\u2019origine par des \u00e9l\u00e9ments blancs \u00e9l\u00e9gants, pour une esth\u00e9tique plus raffin\u00e9e et personnalis\u00e9e. Caract\u00e9ristiques principales : Mat\u00e9riau : [&hellip;]<\/p>\n","protected":false},"featured_media":11438,"template":"","meta":{"_genesis_hide_title":false,"_genesis_hide_breadcrumbs":false,"_genesis_hide_singular_image":false,"_genesis_hide_footer_widgets":false,"_genesis_custom_body_class":"","_genesis_custom_post_class":"","_genesis_layout":""},"product_brand":[],"product_cat":[43,36],"product_tag":[],"class_list":{"0":"post-11605","1":"product","2":"type-product","3":"status-publish","4":"has-post-thumbnail","6":"product_cat-cpu-intel","7":"product_cat-cpu-waterblock","8":"entry","10":"first","11":"instock","12":"taxable","13":"shipping-taxable","14":"purchasable","15":"product-type-simple"},"_links":{"self":[{"href":"https:\/\/proliquidpc.com\/fr\/wp-json\/wp\/v2\/product\/11605","targetHints":{"allow":["GET"]}}],"collection":[{"href":"https:\/\/proliquidpc.com\/fr\/wp-json\/wp\/v2\/product"}],"about":[{"href":"https:\/\/proliquidpc.com\/fr\/wp-json\/wp\/v2\/types\/product"}],"wp:featuredmedia":[{"embeddable":true,"href":"https:\/\/proliquidpc.com\/fr\/wp-json\/wp\/v2\/media\/11438"}],"wp:attachment":[{"href":"https:\/\/proliquidpc.com\/fr\/wp-json\/wp\/v2\/media?parent=11605"}],"wp:term":[{"taxonomy":"product_brand","embeddable":true,"href":"https:\/\/proliquidpc.com\/fr\/wp-json\/wp\/v2\/product_brand?post=11605"},{"taxonomy":"product_cat","embeddable":true,"href":"https:\/\/proliquidpc.com\/fr\/wp-json\/wp\/v2\/product_cat?post=11605"},{"taxonomy":"product_tag","embeddable":true,"href":"https:\/\/proliquidpc.com\/fr\/wp-json\/wp\/v2\/product_tag?post=11605"}],"curies":[{"name":"wp","href":"https:\/\/api.w.org\/{rel}","templated":true}]}}