{"id":11634,"date":"2024-10-30T16:40:12","date_gmt":"2024-10-30T20:40:12","guid":{"rendered":"https:\/\/proliquidpc.com\/?post_type=product&#038;p=11634"},"modified":"2025-11-04T15:29:07","modified_gmt":"2025-11-04T20:29:07","slug":"hard-fitting-bykski-14-mm-od-b-htj-l14-argent","status":"publish","type":"product","link":"https:\/\/proliquidpc.com\/fr\/boutique\/non-classe\/hard-fitting-bykski-14-mm-od-b-htj-l14-argent\/","title":{"rendered":"Hard fitting Bykski 14 mm OD \u2013 B-HTJ-L14 \u2013 Argent"},"content":{"rendered":"<h3><strong>Hard fitting Bykski 14 mm OD \u2013 B-HTJ-L14 \u2013 Argent<\/strong><\/h3>\n<p>Le <strong>Hard fitting\u00a0Bykski 14 mm OD<\/strong> est con\u00e7u pour les tubes rigides ayant un <strong>diam\u00e8tre ext\u00e9rieur de 14 mm<\/strong>. Ce fitting permet de <strong>connecter solidement<\/strong> le tube aux ports filet\u00e9s <strong>G1\/4&Prime;<\/strong>, assurant une \u00e9tanch\u00e9it\u00e9 fiable dans les syst\u00e8mes de refroidissement liquide.<\/p>\n<hr \/>\n<h3><strong>Caract\u00e9ristiques<\/strong><\/h3>\n<ul>\n<li><strong>Filetage<\/strong> : G1\/4&Prime; (standard pour le watercooling)<\/li>\n<\/ul>\n<hr \/>\n<h3><strong>Sp\u00e9cifications<\/strong><\/h3>\n<ul>\n<li><strong>Mod\u00e8le<\/strong> : B-HTJ-L14<\/li>\n<li><strong>Marque<\/strong> : Bykski<\/li>\n<\/ul>\n<hr \/>\n<h3><strong>Compatibilit\u00e9<\/strong><\/h3>\n<ul>\n<li><strong>Boucle<\/strong> : uniquement avec des composants <strong>non en aluminium<\/strong><\/li>\n<li><strong>Tube compatible<\/strong> : tubes rigides de <strong>14 mm de diam\u00e8tre ext\u00e9rieur<\/strong> (PETG \/ Acrylique \/ M\u00e9tal)<\/li>\n<\/ul>\n<hr \/>\n<h3><strong>Pi\u00e8ces incluses<\/strong><\/h3>\n<ul>\n<li>1x Raccord rigide Bykski 14 mm OD<\/li>\n<\/ul>\n<hr \/>\n<h3><strong>Avertissement<\/strong><\/h3>\n<p>Bykski <strong>n\u2019est pas responsable des dommages<\/strong> caus\u00e9s par ou lors de l\u2019utilisation de ce produit. Utilisation \u00e0 vos risques et p\u00e9rils.<\/p>\n","protected":false},"excerpt":{"rendered":"<p>Hard fitting Bykski 14 mm OD \u2013 B-HTJ-L14 \u2013 Argent Le Hard fitting\u00a0Bykski 14 mm OD est con\u00e7u pour les tubes rigides ayant un diam\u00e8tre ext\u00e9rieur de 14 mm. Ce fitting permet de connecter solidement le tube aux ports filet\u00e9s G1\/4&Prime;, assurant une \u00e9tanch\u00e9it\u00e9 fiable dans les syst\u00e8mes de refroidissement liquide. Caract\u00e9ristiques Filetage : G1\/4&Prime; [&hellip;]<\/p>\n","protected":false},"featured_media":6792,"template":"","meta":{"_genesis_hide_title":false,"_genesis_hide_breadcrumbs":false,"_genesis_hide_singular_image":false,"_genesis_hide_footer_widgets":false,"_genesis_custom_body_class":"","_genesis_custom_post_class":"","_genesis_layout":""},"product_brand":[],"product_cat":[15],"product_tag":[],"class_list":{"0":"post-11634","1":"product","2":"type-product","3":"status-publish","4":"has-post-thumbnail","6":"product_cat-non-classe","7":"entry","9":"first","10":"instock","11":"taxable","12":"shipping-taxable","13":"purchasable","14":"product-type-simple"},"_links":{"self":[{"href":"https:\/\/proliquidpc.com\/fr\/wp-json\/wp\/v2\/product\/11634","targetHints":{"allow":["GET"]}}],"collection":[{"href":"https:\/\/proliquidpc.com\/fr\/wp-json\/wp\/v2\/product"}],"about":[{"href":"https:\/\/proliquidpc.com\/fr\/wp-json\/wp\/v2\/types\/product"}],"wp:featuredmedia":[{"embeddable":true,"href":"https:\/\/proliquidpc.com\/fr\/wp-json\/wp\/v2\/media\/6792"}],"wp:attachment":[{"href":"https:\/\/proliquidpc.com\/fr\/wp-json\/wp\/v2\/media?parent=11634"}],"wp:term":[{"taxonomy":"product_brand","embeddable":true,"href":"https:\/\/proliquidpc.com\/fr\/wp-json\/wp\/v2\/product_brand?post=11634"},{"taxonomy":"product_cat","embeddable":true,"href":"https:\/\/proliquidpc.com\/fr\/wp-json\/wp\/v2\/product_cat?post=11634"},{"taxonomy":"product_tag","embeddable":true,"href":"https:\/\/proliquidpc.com\/fr\/wp-json\/wp\/v2\/product_tag?post=11634"}],"curies":[{"name":"wp","href":"https:\/\/api.w.org\/{rel}","templated":true}]}}