{"id":11874,"date":"2025-12-21T10:39:29","date_gmt":"2025-12-21T15:39:29","guid":{"rendered":"https:\/\/proliquidpc.com\/?post_type=product&#038;p=11874"},"modified":"2025-12-21T10:43:34","modified_gmt":"2025-12-21T15:43:34","slug":"lampe-led-gravee-au-laser-pikatchu1-copy","status":"publish","type":"product","link":"https:\/\/proliquidpc.com\/fr\/boutique\/lampe-led\/lampe-led-gravee-au-laser-pikatchu1-copy\/","title":{"rendered":"Lampe LED Grav\u00e9e au Laser &#8211; Krokmou1"},"content":{"rendered":"<h3 data-start=\"122\" data-end=\"171\"><strong data-start=\"126\" data-end=\"171\">Lampe LED Grav\u00e9e au Laser<\/strong><\/h3>\n<p data-start=\"173\" data-end=\"430\">Ajoutez une touche unique \u00e0 votre espace avec nos lampes LED grav\u00e9es au laser. Chaque design est minutieusement grav\u00e9 sur une plaque d\u2019acrylique transparente pour offrir un effet lumineux saisissant, id\u00e9al pour un bureau, une salle de gaming ou une chambre.<\/p>\n<p data-start=\"432\" data-end=\"455\">Nos lampes incluent :<\/p>\n<ul data-start=\"456\" data-end=\"779\">\n<li data-start=\"456\" data-end=\"519\">\n<p data-start=\"458\" data-end=\"519\"><strong data-start=\"458\" data-end=\"484\">Une base LED lumineuse<\/strong> avec plusieurs modes d\u2019\u00e9clairage<\/p>\n<\/li>\n<li data-start=\"520\" data-end=\"581\">\n<p data-start=\"522\" data-end=\"581\"><strong data-start=\"522\" data-end=\"538\">Un c\u00e2ble USB<\/strong> pour une alimentation simple et pratique<\/p>\n<\/li>\n<li data-start=\"582\" data-end=\"681\">\n<p data-start=\"584\" data-end=\"681\"><strong data-start=\"584\" data-end=\"611\">Une manette de contr\u00f4le<\/strong> permettant de changer les couleurs et d\u2019ajuster les effets lumineux<\/p>\n<\/li>\n<li data-start=\"682\" data-end=\"779\">\n<p data-start=\"684\" data-end=\"779\"><strong data-start=\"684\" data-end=\"716\">Un choix de couleurs de base<\/strong>, incluant blanc, noir et bois<\/p>\n<\/li>\n<\/ul>\n<p data-start=\"781\" data-end=\"920\">Personnalisables et durables, nos lampes sont parfaites pour offrir en cadeau ou pour compl\u00e9ter votre d\u00e9cor avec une pi\u00e8ce vraiment unique.<\/p>\n","protected":false},"excerpt":{"rendered":"<p>Lampe LED Grav\u00e9e au Laser Ajoutez une touche unique \u00e0 votre espace avec nos lampes LED grav\u00e9es au laser. Chaque design est minutieusement grav\u00e9 sur une plaque d\u2019acrylique transparente pour offrir un effet lumineux saisissant, id\u00e9al pour un bureau, une salle de gaming ou une chambre. Nos lampes incluent : Une base LED lumineuse avec [&hellip;]<\/p>\n","protected":false},"featured_media":11879,"template":"","meta":{"_genesis_hide_title":false,"_genesis_hide_breadcrumbs":false,"_genesis_hide_singular_image":false,"_genesis_hide_footer_widgets":false,"_genesis_custom_body_class":"","_genesis_custom_post_class":"","_genesis_layout":""},"product_brand":[],"product_cat":[245],"product_tag":[],"class_list":{"0":"post-11874","1":"product","2":"type-product","3":"status-publish","4":"has-post-thumbnail","6":"product_cat-lampe-led","7":"entry","9":"first","10":"instock","11":"taxable","12":"shipping-taxable","13":"purchasable","14":"product-type-variable"},"_links":{"self":[{"href":"https:\/\/proliquidpc.com\/fr\/wp-json\/wp\/v2\/product\/11874","targetHints":{"allow":["GET"]}}],"collection":[{"href":"https:\/\/proliquidpc.com\/fr\/wp-json\/wp\/v2\/product"}],"about":[{"href":"https:\/\/proliquidpc.com\/fr\/wp-json\/wp\/v2\/types\/product"}],"wp:featuredmedia":[{"embeddable":true,"href":"https:\/\/proliquidpc.com\/fr\/wp-json\/wp\/v2\/media\/11879"}],"wp:attachment":[{"href":"https:\/\/proliquidpc.com\/fr\/wp-json\/wp\/v2\/media?parent=11874"}],"wp:term":[{"taxonomy":"product_brand","embeddable":true,"href":"https:\/\/proliquidpc.com\/fr\/wp-json\/wp\/v2\/product_brand?post=11874"},{"taxonomy":"product_cat","embeddable":true,"href":"https:\/\/proliquidpc.com\/fr\/wp-json\/wp\/v2\/product_cat?post=11874"},{"taxonomy":"product_tag","embeddable":true,"href":"https:\/\/proliquidpc.com\/fr\/wp-json\/wp\/v2\/product_tag?post=11874"}],"curies":[{"name":"wp","href":"https:\/\/api.w.org\/{rel}","templated":true}]}}