{"id":5470,"date":"2024-10-30T16:26:05","date_gmt":"2024-10-30T20:26:05","guid":{"rendered":"https:\/\/dev.proliquidpc.com\/boutique\/non%20class\u00e9\/cadre-de-contact-cpu-thermalright-lga1700-bcf-noir\/"},"modified":"2025-09-21T11:08:24","modified_gmt":"2025-09-21T15:08:24","slug":"cadre-de-contact-cpu-thermalright-lga1700-bcf-noir","status":"publish","type":"product","link":"https:\/\/proliquidpc.com\/fr\/boutique\/cpu-waterblock\/cpu-intel\/cadre-de-contact-cpu-thermalright-lga1700-bcf-noir\/","title":{"rendered":"Cadre de contact CPU Thermalright LGA1700-BCF NOIR"},"content":{"rendered":"<p>Compatible avec : Le cadre de contact du processeur est un remplacement de la boucle d\u2019origine, pas une boucle de radiateur. Convient parfaitement au processeur Intel 12\/13\/14 de g\u00e9n\u00e9ration LGA1700, le chipset est H610, B660, Z690, Z790.<br \/>\nAnti-d\u00e9formation : Le processeur de l\u2019ordinateur est sujet \u00e0 la surchauffe et \u00e0 la d\u00e9formation. Le cadre fixe du processeur est con\u00e7u pour emp\u00eacher la d\u00e9formation\/flexion du processeur en faveur de la fixation du processeur.<\/p>\n<p>Mat\u00e9riau durable : La boucle fixe du processeur est fabriqu\u00e9e en processus de sablage d\u2019anodisation d\u2019or CNC enti\u00e8rement en aluminium, et le bord est oxyd\u00e9, ce qui n\u2019est pas facile \u00e0 rayer.<\/p>\n<p>Installation facile : Le correcteur de flexion du processeur vous fournit la pi\u00e8ce de montage dont vous avez besoin. Vous pouvez le fixer sur la carte m\u00e8re de LGA1700 avec de simples vis.<\/p>\n<p>Paquet : 1 x correction de flexion de processeur, 1 x tournevis en forme de L, 1 x TF7 (12,8 w \/ m.k).<\/p>\n<p>Sp\u00e9cifications :Taille : 54 x 70 x 6mm<br \/>\nPoids : 20g<br \/>\nCouleur : Noir<br \/>\nMat\u00e9riel : Alliage d\u2019aluminium<br \/>\nAccessoires Match :Tournevis en L + TF7 2g<br \/>\nGarantie :6 ans<\/p>\n","protected":false},"excerpt":{"rendered":"<p>Compatible avec : Le cadre de contact du processeur est un remplacement de la boucle d\u2019origine, pas une boucle de radiateur. Convient parfaitement au processeur Intel 12\/13\/14 de g\u00e9n\u00e9ration LGA1700, le chipset est H610, B660, Z690, Z790. Anti-d\u00e9formation : Le processeur de l\u2019ordinateur est sujet \u00e0 la surchauffe et \u00e0 la d\u00e9formation. Le cadre fixe [&hellip;]<\/p>\n","protected":false},"featured_media":5471,"template":"","meta":{"_genesis_hide_title":false,"_genesis_hide_breadcrumbs":false,"_genesis_hide_singular_image":false,"_genesis_hide_footer_widgets":false,"_genesis_custom_body_class":"","_genesis_custom_post_class":"","_genesis_layout":""},"product_brand":[],"product_cat":[43,36],"product_tag":[],"class_list":{"0":"post-5470","1":"product","2":"type-product","3":"status-publish","4":"has-post-thumbnail","6":"product_cat-cpu-intel","7":"product_cat-cpu-waterblock","8":"entry","10":"first","11":"outofstock","12":"taxable","13":"shipping-taxable","14":"purchasable","15":"product-type-simple"},"_links":{"self":[{"href":"https:\/\/proliquidpc.com\/fr\/wp-json\/wp\/v2\/product\/5470","targetHints":{"allow":["GET"]}}],"collection":[{"href":"https:\/\/proliquidpc.com\/fr\/wp-json\/wp\/v2\/product"}],"about":[{"href":"https:\/\/proliquidpc.com\/fr\/wp-json\/wp\/v2\/types\/product"}],"wp:featuredmedia":[{"embeddable":true,"href":"https:\/\/proliquidpc.com\/fr\/wp-json\/wp\/v2\/media\/5471"}],"wp:attachment":[{"href":"https:\/\/proliquidpc.com\/fr\/wp-json\/wp\/v2\/media?parent=5470"}],"wp:term":[{"taxonomy":"product_brand","embeddable":true,"href":"https:\/\/proliquidpc.com\/fr\/wp-json\/wp\/v2\/product_brand?post=5470"},{"taxonomy":"product_cat","embeddable":true,"href":"https:\/\/proliquidpc.com\/fr\/wp-json\/wp\/v2\/product_cat?post=5470"},{"taxonomy":"product_tag","embeddable":true,"href":"https:\/\/proliquidpc.com\/fr\/wp-json\/wp\/v2\/product_tag?post=5470"}],"curies":[{"name":"wp","href":"https:\/\/api.w.org\/{rel}","templated":true}]}}